{"id":11947,"date":"2024-12-02T07:45:03","date_gmt":"2024-12-02T07:45:03","guid":{"rendered":"https:\/\/kabotisurf.com\/product\/descubriendo-la-geria\/"},"modified":"2025-09-27T03:48:51","modified_gmt":"2025-09-27T03:48:51","slug":"descubriendo-la-geria","status":"publish","type":"product","link":"https:\/\/kabotisurf.com\/es\/product\/descubriendo-la-geria\/","title":{"rendered":"Descubriendo La Geria"},"content":{"rendered":"<p>Ruta de senderismo a trav\u00e9s de la regi\u00f3n vitivin\u00edcola por excelencia de Lanzarote. Desde la ermita de La Caridad, iniciamos nuestra caminata entre vi\u00f1edos, aprendiendo sobre el peculiar cultivo de la vid en la isla. Ascendemos a una de las cimas m\u00e1s elevadas del sur de la isla para observar los cultivos en la c\u00faspide del volc\u00e1n. Desde la cima del Guardilama, disfrutamos de vistas panor\u00e1micas de todo el valle de La Geria, el Parque Natural de Los Volcanes y la costa sureste de Lanzarote. En este punto, realizaremos una breve pausa antes de descender al punto de partida, atravesando las vides que crecen en las laderas del volc\u00e1n. Concluimos la experiencia con una degustaci\u00f3n de vinos locales en una de las bodegas de La Geria.<\/p>\n","protected":false},"excerpt":{"rendered":"<p>Dificultad: media<\/p>\n<p>Duraci\u00f3n: 4 horas<\/p>\n<p>Horario: 9:30, cualquier d\u00eda de la semana.<\/p>\n","protected":false},"featured_media":10973,"comment_status":"open","ping_status":"closed","template":"","meta":{"site-sidebar-layout":"default","site-content-layout":"","ast-site-content-layout":"default","site-content-style":"default","site-sidebar-style":"default","ast-global-header-display":"","ast-banner-title-visibility":"","ast-main-header-display":"","ast-hfb-above-header-display":"","ast-hfb-below-header-display":"","ast-hfb-mobile-header-display":"","site-post-title":"","ast-breadcrumbs-content":"","ast-featured-img":"","footer-sml-layout":"","theme-transparent-header-meta":"default","adv-header-id-meta":"","stick-header-meta":"","header-above-stick-meta":"","header-main-stick-meta":"","header-below-stick-meta":"","astra-migrate-meta-layouts":"set","ast-page-background-enabled":"default","ast-page-background-meta":{"desktop":{"background-color":"var(--ast-global-color-4)","background-image":"","background-repeat":"repeat","background-position":"center center","background-size":"auto","background-attachment":"scroll","background-type":"","background-media":"","overlay-type":"","overlay-color":"","overlay-opacity":"","overlay-gradient":""},"tablet":{"background-color":"","background-image":"","background-repeat":"repeat","background-position":"center center","background-size":"auto","background-attachment":"scroll","background-type":"","background-media":"","overlay-type":"","overlay-color":"","overlay-opacity":"","overlay-gradient":""},"mobile":{"background-color":"","background-image":"","background-repeat":"repeat","background-position":"center center","background-size":"auto","background-attachment":"scroll","background-type":"","background-media":"","overlay-type":"","overlay-color":"","overlay-opacity":"","overlay-gradient":""}},"ast-content-background-meta":{"desktop":{"background-color":"var(--ast-global-color-5)","background-image":"","background-repeat":"repeat","background-position":"center center","background-size":"auto","background-attachment":"scroll","background-type":"","background-media":"","overlay-type":"","overlay-color":"","overlay-opacity":"","overlay-gradient":""},"tablet":{"background-color":"var(--ast-global-color-5)","background-image":"","background-repeat":"repeat","background-position":"center center","background-size":"auto","background-attachment":"scroll","background-type":"","background-media":"","overlay-type":"","overlay-color":"","overlay-opacity":"","overlay-gradient":""},"mobile":{"background-color":"var(--ast-global-color-5)","background-image":"","background-repeat":"repeat","background-position":"center center","background-size":"auto","background-attachment":"scroll","background-type":"","background-media":"","overlay-type":"","overlay-color":"","overlay-opacity":"","overlay-gradient":""}}},"product_brand":[],"product_cat":[138,150,143,86],"product_tag":[],"class_list":{"0":"post-11947","1":"product","2":"type-product","3":"status-publish","4":"has-post-thumbnail","6":"product_cat-reserva","7":"product_cat-senderismo-en-lanzarote","8":"product_cat-surfmas","9":"product_cat-booking","10":"desktop-align-left","11":"tablet-align-left","12":"mobile-align-left","14":"first","15":"instock","16":"virtual","17":"product-type-simple"},"yoast_head":"<!-- This site is optimized with the Yoast SEO plugin v24.4 - https:\/\/yoast.com\/wordpress\/plugins\/seo\/ -->\n<title>Descubriendo La Geria - Wine Tour Experience | KabotiSurf<\/title>\n<meta name=\"description\" content=\"escubre La Geria en Lanzarote - Tour de vinos y paisajes volc\u00e1nicos \u00fanicos. Experiencia guiada por los vi\u00f1edos m\u00e1s famosos de Canarias. Reserva ahora.\" \/>\n<meta name=\"robots\" content=\"index, follow, max-snippet:-1, max-image-preview:large, max-video-preview:-1\" \/>\n<link rel=\"canonical\" href=\"https:\/\/kabotisurf.com\/es\/product\/descubriendo-la-geria\/\" \/>\n<meta property=\"og:locale\" content=\"es_ES\" \/>\n<meta property=\"og:type\" content=\"article\" \/>\n<meta property=\"og:title\" content=\"Descubriendo La Geria - Wine Tour Experience | KabotiSurf\" \/>\n<meta property=\"og:description\" content=\"escubre La Geria en Lanzarote - Tour de vinos y paisajes volc\u00e1nicos \u00fanicos. Experiencia guiada por los vi\u00f1edos m\u00e1s famosos de Canarias. Reserva ahora.\" \/>\n<meta property=\"og:url\" content=\"https:\/\/kabotisurf.com\/product\/descubriendo-la-geria\/\" \/>\n<meta property=\"og:site_name\" content=\"KabotiSurf\" \/>\n<meta property=\"article:publisher\" content=\"https:\/\/www.facebook.com\/kabotisurf\/?v=info\" \/>\n<meta property=\"article:modified_time\" content=\"2025-09-27T03:48:51+00:00\" \/>\n<meta property=\"og:image\" content=\"https:\/\/kabotisurf.com\/wp-content\/uploads\/2024\/09\/WhatsApp-Image-2021-05-21-at-14.04.15-1-1-min.jpeg\" \/>\n\t<meta property=\"og:image:width\" content=\"2048\" \/>\n\t<meta property=\"og:image:height\" content=\"1536\" \/>\n\t<meta property=\"og:image:type\" content=\"image\/jpeg\" \/>\n<meta name=\"twitter:card\" content=\"summary_large_image\" \/>\n<meta name=\"twitter:label1\" content=\"Tiempo de lectura\" \/>\n\t<meta name=\"twitter:data1\" content=\"1 minuto\" \/>\n<script type=\"application\/ld+json\" class=\"yoast-schema-graph\">{\"@context\":\"https:\/\/schema.org\",\"@graph\":[{\"@type\":\"WebPage\",\"@id\":\"https:\/\/kabotisurf.com\/es\/product\/descubriendo-la-geria\/\",\"url\":\"https:\/\/kabotisurf.com\/product\/descubriendo-la-geria\/\",\"name\":\"Descubriendo La Geria - Wine Tour Experience | KabotiSurf\",\"isPartOf\":{\"@id\":\"https:\/\/kabotisurf.com\/es\/#website\"},\"primaryImageOfPage\":{\"@id\":\"https:\/\/kabotisurf.com\/product\/descubriendo-la-geria\/#primaryimage\"},\"image\":{\"@id\":\"https:\/\/kabotisurf.com\/product\/descubriendo-la-geria\/#primaryimage\"},\"thumbnailUrl\":\"https:\/\/kabotisurf.com\/wp-content\/uploads\/2024\/09\/WhatsApp-Image-2021-05-21-at-14.04.15-1-1-min.jpeg\",\"datePublished\":\"2024-12-02T07:45:03+00:00\",\"dateModified\":\"2025-09-27T03:48:51+00:00\",\"description\":\"escubre La Geria en Lanzarote - Tour de vinos y paisajes volc\u00e1nicos \u00fanicos. Experiencia guiada por los vi\u00f1edos m\u00e1s famosos de Canarias. Reserva ahora.\",\"breadcrumb\":{\"@id\":\"https:\/\/kabotisurf.com\/product\/descubriendo-la-geria\/#breadcrumb\"},\"inLanguage\":\"es\",\"potentialAction\":[{\"@type\":\"ReadAction\",\"target\":[\"https:\/\/kabotisurf.com\/product\/descubriendo-la-geria\/\"]}]},{\"@type\":\"ImageObject\",\"inLanguage\":\"es\",\"@id\":\"https:\/\/kabotisurf.com\/product\/descubriendo-la-geria\/#primaryimage\",\"url\":\"https:\/\/kabotisurf.com\/wp-content\/uploads\/2024\/09\/WhatsApp-Image-2021-05-21-at-14.04.15-1-1-min.jpeg\",\"contentUrl\":\"https:\/\/kabotisurf.com\/wp-content\/uploads\/2024\/09\/WhatsApp-Image-2021-05-21-at-14.04.15-1-1-min.jpeg\",\"width\":2048,\"height\":1536},{\"@type\":\"BreadcrumbList\",\"@id\":\"https:\/\/kabotisurf.com\/product\/descubriendo-la-geria\/#breadcrumb\",\"itemListElement\":[{\"@type\":\"ListItem\",\"position\":1,\"name\":\"Home\",\"item\":\"https:\/\/kabotisurf.com\/es\/\"},{\"@type\":\"ListItem\",\"position\":2,\"name\":\"Cursos\",\"item\":\"https:\/\/kabotisurf.com\/es\/cursos\/\"},{\"@type\":\"ListItem\",\"position\":3,\"name\":\"Descubriendo La Geria\"}]},{\"@type\":\"WebSite\",\"@id\":\"https:\/\/kabotisurf.com\/es\/#website\",\"url\":\"https:\/\/kabotisurf.com\/es\/\",\"name\":\"KabotiSurf\",\"description\":\"Surf School in Lanzarote\",\"alternateName\":\"Surf School in Lanzarote\",\"potentialAction\":[{\"@type\":\"SearchAction\",\"target\":{\"@type\":\"EntryPoint\",\"urlTemplate\":\"https:\/\/kabotisurf.com\/es\/?s={search_term_string}\"},\"query-input\":{\"@type\":\"PropertyValueSpecification\",\"valueRequired\":true,\"valueName\":\"search_term_string\"}}],\"inLanguage\":\"es\"}]}<\/script>\n<!-- \/ Yoast SEO plugin. -->","yoast_head_json":{"title":"Descubriendo La Geria - Wine Tour Experience | KabotiSurf","description":"escubre La Geria en Lanzarote - Tour de vinos y paisajes volc\u00e1nicos \u00fanicos. Experiencia guiada por los vi\u00f1edos m\u00e1s famosos de Canarias. Reserva ahora.","robots":{"index":"index","follow":"follow","max-snippet":"max-snippet:-1","max-image-preview":"max-image-preview:large","max-video-preview":"max-video-preview:-1"},"canonical":"https:\/\/kabotisurf.com\/es\/product\/descubriendo-la-geria\/","og_locale":"es_ES","og_type":"article","og_title":"Descubriendo La Geria - Wine Tour Experience | KabotiSurf","og_description":"escubre La Geria en Lanzarote - Tour de vinos y paisajes volc\u00e1nicos \u00fanicos. Experiencia guiada por los vi\u00f1edos m\u00e1s famosos de Canarias. Reserva ahora.","og_url":"https:\/\/kabotisurf.com\/product\/descubriendo-la-geria\/","og_site_name":"KabotiSurf","article_publisher":"https:\/\/www.facebook.com\/kabotisurf\/?v=info","article_modified_time":"2025-09-27T03:48:51+00:00","og_image":[{"width":2048,"height":1536,"url":"https:\/\/kabotisurf.com\/wp-content\/uploads\/2024\/09\/WhatsApp-Image-2021-05-21-at-14.04.15-1-1-min.jpeg","type":"image\/jpeg"}],"twitter_card":"summary_large_image","twitter_misc":{"Tiempo de lectura":"1 minuto"},"schema":{"@context":"https:\/\/schema.org","@graph":[{"@type":"WebPage","@id":"https:\/\/kabotisurf.com\/es\/product\/descubriendo-la-geria\/","url":"https:\/\/kabotisurf.com\/product\/descubriendo-la-geria\/","name":"Descubriendo La Geria - Wine Tour Experience | KabotiSurf","isPartOf":{"@id":"https:\/\/kabotisurf.com\/es\/#website"},"primaryImageOfPage":{"@id":"https:\/\/kabotisurf.com\/product\/descubriendo-la-geria\/#primaryimage"},"image":{"@id":"https:\/\/kabotisurf.com\/product\/descubriendo-la-geria\/#primaryimage"},"thumbnailUrl":"https:\/\/kabotisurf.com\/wp-content\/uploads\/2024\/09\/WhatsApp-Image-2021-05-21-at-14.04.15-1-1-min.jpeg","datePublished":"2024-12-02T07:45:03+00:00","dateModified":"2025-09-27T03:48:51+00:00","description":"escubre La Geria en Lanzarote - Tour de vinos y paisajes volc\u00e1nicos \u00fanicos. Experiencia guiada por los vi\u00f1edos m\u00e1s famosos de Canarias. Reserva ahora.","breadcrumb":{"@id":"https:\/\/kabotisurf.com\/product\/descubriendo-la-geria\/#breadcrumb"},"inLanguage":"es","potentialAction":[{"@type":"ReadAction","target":["https:\/\/kabotisurf.com\/product\/descubriendo-la-geria\/"]}]},{"@type":"ImageObject","inLanguage":"es","@id":"https:\/\/kabotisurf.com\/product\/descubriendo-la-geria\/#primaryimage","url":"https:\/\/kabotisurf.com\/wp-content\/uploads\/2024\/09\/WhatsApp-Image-2021-05-21-at-14.04.15-1-1-min.jpeg","contentUrl":"https:\/\/kabotisurf.com\/wp-content\/uploads\/2024\/09\/WhatsApp-Image-2021-05-21-at-14.04.15-1-1-min.jpeg","width":2048,"height":1536},{"@type":"BreadcrumbList","@id":"https:\/\/kabotisurf.com\/product\/descubriendo-la-geria\/#breadcrumb","itemListElement":[{"@type":"ListItem","position":1,"name":"Home","item":"https:\/\/kabotisurf.com\/es\/"},{"@type":"ListItem","position":2,"name":"Cursos","item":"https:\/\/kabotisurf.com\/es\/cursos\/"},{"@type":"ListItem","position":3,"name":"Descubriendo La Geria"}]},{"@type":"WebSite","@id":"https:\/\/kabotisurf.com\/es\/#website","url":"https:\/\/kabotisurf.com\/es\/","name":"KabotiSurf","description":"Surf School in Lanzarote","alternateName":"Surf School in Lanzarote","potentialAction":[{"@type":"SearchAction","target":{"@type":"EntryPoint","urlTemplate":"https:\/\/kabotisurf.com\/es\/?s={search_term_string}"},"query-input":{"@type":"PropertyValueSpecification","valueRequired":true,"valueName":"search_term_string"}}],"inLanguage":"es"}]}},"_links":{"self":[{"href":"https:\/\/kabotisurf.com\/es\/wp-json\/wp\/v2\/product\/11947","targetHints":{"allow":["GET"]}}],"collection":[{"href":"https:\/\/kabotisurf.com\/es\/wp-json\/wp\/v2\/product"}],"about":[{"href":"https:\/\/kabotisurf.com\/es\/wp-json\/wp\/v2\/types\/product"}],"replies":[{"embeddable":true,"href":"https:\/\/kabotisurf.com\/es\/wp-json\/wp\/v2\/comments?post=11947"}],"version-history":[{"count":1,"href":"https:\/\/kabotisurf.com\/es\/wp-json\/wp\/v2\/product\/11947\/revisions"}],"predecessor-version":[{"id":11960,"href":"https:\/\/kabotisurf.com\/es\/wp-json\/wp\/v2\/product\/11947\/revisions\/11960"}],"wp:featuredmedia":[{"embeddable":true,"href":"https:\/\/kabotisurf.com\/es\/wp-json\/wp\/v2\/media\/10973"}],"wp:attachment":[{"href":"https:\/\/kabotisurf.com\/es\/wp-json\/wp\/v2\/media?parent=11947"}],"wp:term":[{"taxonomy":"product_brand","embeddable":true,"href":"https:\/\/kabotisurf.com\/es\/wp-json\/wp\/v2\/product_brand?post=11947"},{"taxonomy":"product_cat","embeddable":true,"href":"https:\/\/kabotisurf.com\/es\/wp-json\/wp\/v2\/product_cat?post=11947"},{"taxonomy":"product_tag","embeddable":true,"href":"https:\/\/kabotisurf.com\/es\/wp-json\/wp\/v2\/product_tag?post=11947"}],"curies":[{"name":"wp","href":"https:\/\/api.w.org\/{rel}","templated":true}]}}