{"id":11943,"date":"2024-12-09T09:47:48","date_gmt":"2024-12-09T09:47:48","guid":{"rendered":"https:\/\/kabotisurf.com\/product\/cinco-dias-de-surf-en-famara\/"},"modified":"2025-10-08T09:20:28","modified_gmt":"2025-10-08T09:20:28","slug":"cinco-dias-de-surf-en-famara","status":"publish","type":"product","link":"https:\/\/kabotisurf.com\/es\/product\/cinco-dias-de-surf-en-famara\/","title":{"rendered":"Cinco d\u00edas de surf en Famara"},"content":{"rendered":"\t\t<div data-elementor-type=\"product-post\" data-elementor-id=\"11943\" class=\"elementor elementor-11943 elementor-9992\" data-elementor-settings=\"{&quot;ha_cmc_init_switcher&quot;:&quot;no&quot;}\" data-elementor-post-type=\"product\">\n\t\t\t\t<div class=\"elementor-element elementor-element-17671a22 e-flex e-con-boxed e-con e-parent\" data-id=\"17671a22\" data-element_type=\"container\" data-settings=\"{&quot;_ha_eqh_enable&quot;:false}\">\n\t\t\t\t\t<div class=\"e-con-inner\">\n\t\t\t\t<div class=\"elementor-element elementor-element-3865557d elementor-widget elementor-widget-text-editor\" data-id=\"3865557d\" data-element_type=\"widget\" data-widget_type=\"text-editor.default\">\n\t\t\t\t<div class=\"elementor-widget-container\">\n\t\t\t\t\t\t\t\t\t<p>Durante 5 d\u00edas, podr\u00e1 disfrutar de clases de surf en Famara desde las 9:30 de la ma\u00f1ana hasta despu\u00e9s del mediod\u00eda (aproximadamente 4 horas).<\/p><p><strong>Las lecciones incluyen:<\/strong><\/p><ul><li>Fotograf\u00edas<\/li><li>Traje de neopreno y tabla<\/li><li>Todos los seguros de RC y ACC requeridos<\/li><li>Transporte de ida y vuelta desde * Puerto del Carmen, Playa Honda, Arrecife, San Bartolom\u00e9, M\u00e1cher, T\u00edas y Puerto Calero.<\/li><\/ul><p>Por favor, tenga en cuenta que los instructores deben velar por su seguridad en todo momento, por lo que cuando las condiciones no sean favorables, no podr\u00e1n tomar fotograf\u00edas.<\/p><p>No se preocupe, si las condiciones meteorol\u00f3gicas no permiten que la clase se lleve a cabo, dispondr\u00e1 de 10 d\u00edas para canjear su compra.<\/p><p>Si la clase no puede realizarse durante su estancia en Lanzarote debido a las condiciones meteorol\u00f3gicas, se le reembolsar\u00e1 TODO el dinero que haya abonado.<\/p>\t\t\t\t\t\t\t\t<\/div>\n\t\t\t\t<\/div>\n\t\t\t\t\t<\/div>\n\t\t\t\t<\/div>\n\t\t\t\t<\/div>\n\t\t","protected":false},"excerpt":{"rendered":"<ul>\n<li>3 HORAS<\/li>\n<li>TRANSPORTE<\/li>\n<li>EQUIPO<\/li>\n<li>SEGURO<\/li>\n<\/ul>\n","protected":false},"featured_media":11171,"comment_status":"open","ping_status":"closed","template":"","meta":{"site-sidebar-layout":"default","site-content-layout":"","ast-site-content-layout":"default","site-content-style":"default","site-sidebar-style":"default","ast-global-header-display":"","ast-banner-title-visibility":"","ast-main-header-display":"","ast-hfb-above-header-display":"","ast-hfb-below-header-display":"","ast-hfb-mobile-header-display":"","site-post-title":"","ast-breadcrumbs-content":"","ast-featured-img":"","footer-sml-layout":"","theme-transparent-header-meta":"default","adv-header-id-meta":"","stick-header-meta":"","header-above-stick-meta":"","header-main-stick-meta":"","header-below-stick-meta":"","astra-migrate-meta-layouts":"set","ast-page-background-enabled":"default","ast-page-background-meta":{"desktop":{"background-color":"var(--ast-global-color-4)","background-image":"","background-repeat":"repeat","background-position":"center center","background-size":"auto","background-attachment":"scroll","background-type":"","background-media":"","overlay-type":"","overlay-color":"","overlay-opacity":"","overlay-gradient":""},"tablet":{"background-color":"","background-image":"","background-repeat":"repeat","background-position":"center center","background-size":"auto","background-attachment":"scroll","background-type":"","background-media":"","overlay-type":"","overlay-color":"","overlay-opacity":"","overlay-gradient":""},"mobile":{"background-color":"","background-image":"","background-repeat":"repeat","background-position":"center center","background-size":"auto","background-attachment":"scroll","background-type":"","background-media":"","overlay-type":"","overlay-color":"","overlay-opacity":"","overlay-gradient":""}},"ast-content-background-meta":{"desktop":{"background-color":"var(--ast-global-color-5)","background-image":"","background-repeat":"repeat","background-position":"center center","background-size":"auto","background-attachment":"scroll","background-type":"","background-media":"","overlay-type":"","overlay-color":"","overlay-opacity":"","overlay-gradient":""},"tablet":{"background-color":"var(--ast-global-color-5)","background-image":"","background-repeat":"repeat","background-position":"center center","background-size":"auto","background-attachment":"scroll","background-type":"","background-media":"","overlay-type":"","overlay-color":"","overlay-opacity":"","overlay-gradient":""},"mobile":{"background-color":"var(--ast-global-color-5)","background-image":"","background-repeat":"repeat","background-position":"center center","background-size":"auto","background-attachment":"scroll","background-type":"","background-media":"","overlay-type":"","overlay-color":"","overlay-opacity":"","overlay-gradient":""}}},"product_brand":[],"product_cat":[138,148],"product_tag":[],"class_list":{"0":"post-11943","1":"product","2":"type-product","3":"status-publish","4":"has-post-thumbnail","6":"product_cat-reserva","7":"product_cat-surf-es","8":"desktop-align-left","9":"tablet-align-left","10":"mobile-align-left","12":"first","13":"instock","14":"virtual","15":"purchasable","16":"product-type-simple"},"yoast_head":"<!-- This site is optimized with the Yoast SEO plugin v24.4 - https:\/\/yoast.com\/wordpress\/plugins\/seo\/ -->\n<title>Curso de surf de 5 d\u00edas en Famara, Lanzarote | Kaboti Surf<\/title>\n<meta name=\"description\" content=\"\u00danete al curso de surf de 5 d\u00edas de Kaboti Surf en Famara, Lanzarote. Aprende con instructores expertos en una de las mejores playas de surf de Europa.\" \/>\n<meta name=\"robots\" content=\"index, follow, max-snippet:-1, max-image-preview:large, max-video-preview:-1\" \/>\n<link rel=\"canonical\" href=\"https:\/\/kabotisurf.com\/es\/product\/cinco-dias-de-surf-en-famara\/\" \/>\n<meta property=\"og:locale\" content=\"es_ES\" \/>\n<meta property=\"og:type\" content=\"article\" \/>\n<meta property=\"og:title\" content=\"Curso de surf de 5 d\u00edas en Famara, Lanzarote | Kaboti Surf\" \/>\n<meta property=\"og:description\" content=\"\u00danete al curso de surf de 5 d\u00edas de Kaboti Surf en Famara, Lanzarote. Aprende con instructores expertos en una de las mejores playas de surf de Europa.\" \/>\n<meta property=\"og:url\" content=\"https:\/\/kabotisurf.com\/product\/cinco-dias-de-surf-en-famara\/\" \/>\n<meta property=\"og:site_name\" content=\"KabotiSurf\" \/>\n<meta property=\"article:publisher\" content=\"https:\/\/www.facebook.com\/kabotisurf\/?v=info\" \/>\n<meta property=\"article:modified_time\" content=\"2025-10-08T09:20:28+00:00\" \/>\n<meta property=\"og:image\" content=\"https:\/\/kabotisurf.com\/wp-content\/uploads\/2024\/11\/97D5ED57-96CE-46DD-A5B7-DB4CD1168213-min-min-scaled.jpeg\" \/>\n\t<meta property=\"og:image:width\" content=\"2560\" \/>\n\t<meta property=\"og:image:height\" content=\"1700\" \/>\n\t<meta property=\"og:image:type\" content=\"image\/jpeg\" \/>\n<meta name=\"twitter:card\" content=\"summary_large_image\" \/>\n<meta name=\"twitter:label1\" content=\"Tiempo de lectura\" \/>\n\t<meta name=\"twitter:data1\" content=\"1 minuto\" \/>\n<script type=\"application\/ld+json\" class=\"yoast-schema-graph\">{\"@context\":\"https:\/\/schema.org\",\"@graph\":[{\"@type\":\"WebPage\",\"@id\":\"https:\/\/kabotisurf.com\/es\/product\/cinco-dias-de-surf-en-famara\/\",\"url\":\"https:\/\/kabotisurf.com\/product\/cinco-dias-de-surf-en-famara\/\",\"name\":\"Curso de surf de 5 d\u00edas en Famara, Lanzarote | Kaboti Surf\",\"isPartOf\":{\"@id\":\"https:\/\/kabotisurf.com\/es\/#website\"},\"primaryImageOfPage\":{\"@id\":\"https:\/\/kabotisurf.com\/product\/cinco-dias-de-surf-en-famara\/#primaryimage\"},\"image\":{\"@id\":\"https:\/\/kabotisurf.com\/product\/cinco-dias-de-surf-en-famara\/#primaryimage\"},\"thumbnailUrl\":\"https:\/\/kabotisurf.com\/wp-content\/uploads\/2024\/11\/97D5ED57-96CE-46DD-A5B7-DB4CD1168213-min-min-scaled.jpeg\",\"datePublished\":\"2024-12-09T09:47:48+00:00\",\"dateModified\":\"2025-10-08T09:20:28+00:00\",\"description\":\"\u00danete al curso de surf de 5 d\u00edas de Kaboti Surf en Famara, Lanzarote. Aprende con instructores expertos en una de las mejores playas de surf de Europa.\",\"breadcrumb\":{\"@id\":\"https:\/\/kabotisurf.com\/product\/cinco-dias-de-surf-en-famara\/#breadcrumb\"},\"inLanguage\":\"es\",\"potentialAction\":[{\"@type\":\"ReadAction\",\"target\":[\"https:\/\/kabotisurf.com\/product\/cinco-dias-de-surf-en-famara\/\"]}]},{\"@type\":\"ImageObject\",\"inLanguage\":\"es\",\"@id\":\"https:\/\/kabotisurf.com\/product\/cinco-dias-de-surf-en-famara\/#primaryimage\",\"url\":\"https:\/\/kabotisurf.com\/wp-content\/uploads\/2024\/11\/97D5ED57-96CE-46DD-A5B7-DB4CD1168213-min-min-scaled.jpeg\",\"contentUrl\":\"https:\/\/kabotisurf.com\/wp-content\/uploads\/2024\/11\/97D5ED57-96CE-46DD-A5B7-DB4CD1168213-min-min-scaled.jpeg\",\"width\":2560,\"height\":1700,\"caption\":\"campamento-de-surf-de-3-d\u00edas\"},{\"@type\":\"BreadcrumbList\",\"@id\":\"https:\/\/kabotisurf.com\/product\/cinco-dias-de-surf-en-famara\/#breadcrumb\",\"itemListElement\":[{\"@type\":\"ListItem\",\"position\":1,\"name\":\"Home\",\"item\":\"https:\/\/kabotisurf.com\/es\/\"},{\"@type\":\"ListItem\",\"position\":2,\"name\":\"Cursos\",\"item\":\"https:\/\/kabotisurf.com\/es\/cursos\/\"},{\"@type\":\"ListItem\",\"position\":3,\"name\":\"Cinco d\u00edas de surf en Famara\"}]},{\"@type\":\"WebSite\",\"@id\":\"https:\/\/kabotisurf.com\/es\/#website\",\"url\":\"https:\/\/kabotisurf.com\/es\/\",\"name\":\"KabotiSurf\",\"description\":\"Surf School in Lanzarote\",\"alternateName\":\"Surf School in Lanzarote\",\"potentialAction\":[{\"@type\":\"SearchAction\",\"target\":{\"@type\":\"EntryPoint\",\"urlTemplate\":\"https:\/\/kabotisurf.com\/es\/?s={search_term_string}\"},\"query-input\":{\"@type\":\"PropertyValueSpecification\",\"valueRequired\":true,\"valueName\":\"search_term_string\"}}],\"inLanguage\":\"es\"}]}<\/script>\n<!-- \/ Yoast SEO plugin. -->","yoast_head_json":{"title":"Curso de surf de 5 d\u00edas en Famara, Lanzarote | Kaboti Surf","description":"\u00danete al curso de surf de 5 d\u00edas de Kaboti Surf en Famara, Lanzarote. Aprende con instructores expertos en una de las mejores playas de surf de Europa.","robots":{"index":"index","follow":"follow","max-snippet":"max-snippet:-1","max-image-preview":"max-image-preview:large","max-video-preview":"max-video-preview:-1"},"canonical":"https:\/\/kabotisurf.com\/es\/product\/cinco-dias-de-surf-en-famara\/","og_locale":"es_ES","og_type":"article","og_title":"Curso de surf de 5 d\u00edas en Famara, Lanzarote | Kaboti Surf","og_description":"\u00danete al curso de surf de 5 d\u00edas de Kaboti Surf en Famara, Lanzarote. Aprende con instructores expertos en una de las mejores playas de surf de Europa.","og_url":"https:\/\/kabotisurf.com\/product\/cinco-dias-de-surf-en-famara\/","og_site_name":"KabotiSurf","article_publisher":"https:\/\/www.facebook.com\/kabotisurf\/?v=info","article_modified_time":"2025-10-08T09:20:28+00:00","og_image":[{"width":2560,"height":1700,"url":"https:\/\/kabotisurf.com\/wp-content\/uploads\/2024\/11\/97D5ED57-96CE-46DD-A5B7-DB4CD1168213-min-min-scaled.jpeg","type":"image\/jpeg"}],"twitter_card":"summary_large_image","twitter_misc":{"Tiempo de lectura":"1 minuto"},"schema":{"@context":"https:\/\/schema.org","@graph":[{"@type":"WebPage","@id":"https:\/\/kabotisurf.com\/es\/product\/cinco-dias-de-surf-en-famara\/","url":"https:\/\/kabotisurf.com\/product\/cinco-dias-de-surf-en-famara\/","name":"Curso de surf de 5 d\u00edas en Famara, Lanzarote | Kaboti Surf","isPartOf":{"@id":"https:\/\/kabotisurf.com\/es\/#website"},"primaryImageOfPage":{"@id":"https:\/\/kabotisurf.com\/product\/cinco-dias-de-surf-en-famara\/#primaryimage"},"image":{"@id":"https:\/\/kabotisurf.com\/product\/cinco-dias-de-surf-en-famara\/#primaryimage"},"thumbnailUrl":"https:\/\/kabotisurf.com\/wp-content\/uploads\/2024\/11\/97D5ED57-96CE-46DD-A5B7-DB4CD1168213-min-min-scaled.jpeg","datePublished":"2024-12-09T09:47:48+00:00","dateModified":"2025-10-08T09:20:28+00:00","description":"\u00danete al curso de surf de 5 d\u00edas de Kaboti Surf en Famara, Lanzarote. Aprende con instructores expertos en una de las mejores playas de surf de Europa.","breadcrumb":{"@id":"https:\/\/kabotisurf.com\/product\/cinco-dias-de-surf-en-famara\/#breadcrumb"},"inLanguage":"es","potentialAction":[{"@type":"ReadAction","target":["https:\/\/kabotisurf.com\/product\/cinco-dias-de-surf-en-famara\/"]}]},{"@type":"ImageObject","inLanguage":"es","@id":"https:\/\/kabotisurf.com\/product\/cinco-dias-de-surf-en-famara\/#primaryimage","url":"https:\/\/kabotisurf.com\/wp-content\/uploads\/2024\/11\/97D5ED57-96CE-46DD-A5B7-DB4CD1168213-min-min-scaled.jpeg","contentUrl":"https:\/\/kabotisurf.com\/wp-content\/uploads\/2024\/11\/97D5ED57-96CE-46DD-A5B7-DB4CD1168213-min-min-scaled.jpeg","width":2560,"height":1700,"caption":"campamento-de-surf-de-3-d\u00edas"},{"@type":"BreadcrumbList","@id":"https:\/\/kabotisurf.com\/product\/cinco-dias-de-surf-en-famara\/#breadcrumb","itemListElement":[{"@type":"ListItem","position":1,"name":"Home","item":"https:\/\/kabotisurf.com\/es\/"},{"@type":"ListItem","position":2,"name":"Cursos","item":"https:\/\/kabotisurf.com\/es\/cursos\/"},{"@type":"ListItem","position":3,"name":"Cinco d\u00edas de surf en Famara"}]},{"@type":"WebSite","@id":"https:\/\/kabotisurf.com\/es\/#website","url":"https:\/\/kabotisurf.com\/es\/","name":"KabotiSurf","description":"Surf School in Lanzarote","alternateName":"Surf School in Lanzarote","potentialAction":[{"@type":"SearchAction","target":{"@type":"EntryPoint","urlTemplate":"https:\/\/kabotisurf.com\/es\/?s={search_term_string}"},"query-input":{"@type":"PropertyValueSpecification","valueRequired":true,"valueName":"search_term_string"}}],"inLanguage":"es"}]}},"_links":{"self":[{"href":"https:\/\/kabotisurf.com\/es\/wp-json\/wp\/v2\/product\/11943","targetHints":{"allow":["GET"]}}],"collection":[{"href":"https:\/\/kabotisurf.com\/es\/wp-json\/wp\/v2\/product"}],"about":[{"href":"https:\/\/kabotisurf.com\/es\/wp-json\/wp\/v2\/types\/product"}],"replies":[{"embeddable":true,"href":"https:\/\/kabotisurf.com\/es\/wp-json\/wp\/v2\/comments?post=11943"}],"version-history":[{"count":1,"href":"https:\/\/kabotisurf.com\/es\/wp-json\/wp\/v2\/product\/11943\/revisions"}],"predecessor-version":[{"id":11944,"href":"https:\/\/kabotisurf.com\/es\/wp-json\/wp\/v2\/product\/11943\/revisions\/11944"}],"wp:featuredmedia":[{"embeddable":true,"href":"https:\/\/kabotisurf.com\/es\/wp-json\/wp\/v2\/media\/11171"}],"wp:attachment":[{"href":"https:\/\/kabotisurf.com\/es\/wp-json\/wp\/v2\/media?parent=11943"}],"wp:term":[{"taxonomy":"product_brand","embeddable":true,"href":"https:\/\/kabotisurf.com\/es\/wp-json\/wp\/v2\/product_brand?post=11943"},{"taxonomy":"product_cat","embeddable":true,"href":"https:\/\/kabotisurf.com\/es\/wp-json\/wp\/v2\/product_cat?post=11943"},{"taxonomy":"product_tag","embeddable":true,"href":"https:\/\/kabotisurf.com\/es\/wp-json\/wp\/v2\/product_tag?post=11943"}],"curies":[{"name":"wp","href":"https:\/\/api.w.org\/{rel}","templated":true}]}}