{"id":11938,"date":"2024-12-01T14:19:21","date_gmt":"2024-12-01T14:19:21","guid":{"rendered":"https:\/\/kabotisurf.com\/product\/clases-de-surf-de-nivel-basico-en-lanzarote\/"},"modified":"2025-10-08T09:29:06","modified_gmt":"2025-10-08T09:29:06","slug":"clases-de-surf-de-nivel-basico-en-lanzarote","status":"publish","type":"product","link":"https:\/\/kabotisurf.com\/es\/product\/clases-de-surf-de-nivel-basico-en-lanzarote\/","title":{"rendered":"Clases de surf de nivel b\u00e1sico en Lanzarote"},"content":{"rendered":"<p>Este curso de surf de nivel b\u00e1sico comprende los conceptos necesarios, con un 80% de lecciones pr\u00e1cticas de surf en el agua, dirigido a aquellos que nunca han intentado surfear o que lo han hecho en el pasado pero llevan mucho tiempo sin practicar: Las lecciones de surf en Lanzarote de nivel b\u00e1sico son su respuesta id\u00f3nea.<\/p>\n<p>En este curso de nivel b\u00e1sico de lecciones de surf en Lanzarote, explicaremos principalmente:<\/p>\n<p>Introducci\u00f3n a las normas de seguridad en la <a title=\"Playa\" href=\"http:\/\/en.wikipedia.org\/wiki\/Beach\" target=\"_blank\" rel=\"noopener noreferrer nofollow\">playa<\/a> de Famara (donde se imparten las lecciones de surf en Lanzarote); pr\u00e1ctica del surf en diferentes zonas de la playa; manejo seguro de las corrientes; conducta apropiada hacia otros surfistas y residentes locales en el agua; introducci\u00f3n a los tipos de rompientes (arena, coral, arrecife y roca volc\u00e1nica).<\/p>\n<ul>\n<li>Le recogeremos a las 9 de la ma\u00f1ana en su alojamiento. (Playa Blanca, Puerto del Carmen o Arrecife)<\/li>\n<li>Nos dirigiremos a Caleta de Famara.<\/li>\n<li>Explicaci\u00f3n de las normas de seguridad de la playa<\/li>\n<li>Calentamiento y parte te\u00f3rica<\/li>\n<li>Realizaremos el curso en la playa e incluiremos un descanso intermedio.<\/li>\n<li>Al finalizar, recogeremos el equipo y le llevaremos de vuelta al hotel o alojamiento.<\/li>\n<\/ul>\n<p>\u00a1Reserve hoy mismo sus lecciones de surf b\u00e1sico en Lanzarote con nosotros!<\/p>\n","protected":false},"excerpt":{"rendered":"<ul>\n<li>3 HORAS<\/li>\n<li>TRANSPORTE<\/li>\n<li>EQUIPO<\/li>\n<li>SEGURO<\/li>\n<\/ul>\n","protected":false},"featured_media":10772,"comment_status":"open","ping_status":"closed","template":"","meta":{"site-sidebar-layout":"default","site-content-layout":"","ast-site-content-layout":"default","site-content-style":"default","site-sidebar-style":"default","ast-global-header-display":"","ast-banner-title-visibility":"","ast-main-header-display":"","ast-hfb-above-header-display":"","ast-hfb-below-header-display":"","ast-hfb-mobile-header-display":"","site-post-title":"","ast-breadcrumbs-content":"","ast-featured-img":"","footer-sml-layout":"","theme-transparent-header-meta":"default","adv-header-id-meta":"","stick-header-meta":"","header-above-stick-meta":"","header-main-stick-meta":"","header-below-stick-meta":"","astra-migrate-meta-layouts":"set","ast-page-background-enabled":"default","ast-page-background-meta":{"desktop":{"background-color":"var(--ast-global-color-4)","background-image":"","background-repeat":"repeat","background-position":"center center","background-size":"auto","background-attachment":"scroll","background-type":"","background-media":"","overlay-type":"","overlay-color":"","overlay-opacity":"","overlay-gradient":""},"tablet":{"background-color":"","background-image":"","background-repeat":"repeat","background-position":"center center","background-size":"auto","background-attachment":"scroll","background-type":"","background-media":"","overlay-type":"","overlay-color":"","overlay-opacity":"","overlay-gradient":""},"mobile":{"background-color":"","background-image":"","background-repeat":"repeat","background-position":"center center","background-size":"auto","background-attachment":"scroll","background-type":"","background-media":"","overlay-type":"","overlay-color":"","overlay-opacity":"","overlay-gradient":""}},"ast-content-background-meta":{"desktop":{"background-color":"var(--ast-global-color-5)","background-image":"","background-repeat":"repeat","background-position":"center center","background-size":"auto","background-attachment":"scroll","background-type":"","background-media":"","overlay-type":"","overlay-color":"","overlay-opacity":"","overlay-gradient":""},"tablet":{"background-color":"var(--ast-global-color-5)","background-image":"","background-repeat":"repeat","background-position":"center center","background-size":"auto","background-attachment":"scroll","background-type":"","background-media":"","overlay-type":"","overlay-color":"","overlay-opacity":"","overlay-gradient":""},"mobile":{"background-color":"var(--ast-global-color-5)","background-image":"","background-repeat":"repeat","background-position":"center center","background-size":"auto","background-attachment":"scroll","background-type":"","background-media":"","overlay-type":"","overlay-color":"","overlay-opacity":"","overlay-gradient":""}}},"product_brand":[],"product_cat":[138,148,86],"product_tag":[],"class_list":{"0":"post-11938","1":"product","2":"type-product","3":"status-publish","4":"has-post-thumbnail","6":"product_cat-reserva","7":"product_cat-surf-es","8":"product_cat-booking","9":"desktop-align-left","10":"tablet-align-left","11":"mobile-align-left","13":"first","14":"instock","15":"virtual","16":"product-type-simple"},"yoast_head":"<!-- This site is optimized with the Yoast SEO plugin v24.4 - https:\/\/yoast.com\/wordpress\/plugins\/seo\/ -->\n<title>Surf b\u00e1sico en Lanzarote \u2013 Playa Blanca | Kaboti Surf<\/title>\n<meta name=\"description\" content=\"Aprende surf en Playa Blanca, Lanzarote, con instructores expertos. Clases para principiantes. \u00a1Reserva tu sesi\u00f3n ahora!\" \/>\n<meta name=\"robots\" content=\"index, follow, max-snippet:-1, max-image-preview:large, max-video-preview:-1\" \/>\n<link rel=\"canonical\" href=\"https:\/\/kabotisurf.com\/es\/product\/clases-de-surf-de-nivel-basico-en-lanzarote\/\" \/>\n<meta property=\"og:locale\" content=\"es_ES\" \/>\n<meta property=\"og:type\" content=\"article\" \/>\n<meta property=\"og:title\" content=\"Surf b\u00e1sico en Lanzarote \u2013 Playa Blanca | Kaboti Surf\" \/>\n<meta property=\"og:description\" content=\"Aprende surf en Playa Blanca, Lanzarote, con instructores expertos. Clases para principiantes. \u00a1Reserva tu sesi\u00f3n ahora!\" \/>\n<meta property=\"og:url\" content=\"https:\/\/kabotisurf.com\/product\/clases-de-surf-de-nivel-basico-en-lanzarote\/\" \/>\n<meta property=\"og:site_name\" content=\"KabotiSurf\" \/>\n<meta property=\"article:publisher\" content=\"https:\/\/www.facebook.com\/kabotisurf\/?v=info\" \/>\n<meta property=\"article:modified_time\" content=\"2025-10-08T09:29:06+00:00\" \/>\n<meta property=\"og:image\" content=\"https:\/\/kabotisurf.com\/wp-content\/uploads\/2024\/09\/DSC_2138-600x400-min.jpg\" \/>\n\t<meta property=\"og:image:width\" content=\"600\" \/>\n\t<meta property=\"og:image:height\" content=\"400\" \/>\n\t<meta property=\"og:image:type\" content=\"image\/jpeg\" \/>\n<meta name=\"twitter:card\" content=\"summary_large_image\" \/>\n<meta name=\"twitter:label1\" content=\"Tiempo de lectura\" \/>\n\t<meta name=\"twitter:data1\" content=\"2 minutos\" \/>\n<script type=\"application\/ld+json\" class=\"yoast-schema-graph\">{\"@context\":\"https:\/\/schema.org\",\"@graph\":[{\"@type\":\"WebPage\",\"@id\":\"https:\/\/kabotisurf.com\/es\/product\/clases-de-surf-de-nivel-basico-en-lanzarote\/\",\"url\":\"https:\/\/kabotisurf.com\/product\/clases-de-surf-de-nivel-basico-en-lanzarote\/\",\"name\":\"Surf b\u00e1sico en Lanzarote \u2013 Playa Blanca | Kaboti Surf\",\"isPartOf\":{\"@id\":\"https:\/\/kabotisurf.com\/es\/#website\"},\"primaryImageOfPage\":{\"@id\":\"https:\/\/kabotisurf.com\/product\/clases-de-surf-de-nivel-basico-en-lanzarote\/#primaryimage\"},\"image\":{\"@id\":\"https:\/\/kabotisurf.com\/product\/clases-de-surf-de-nivel-basico-en-lanzarote\/#primaryimage\"},\"thumbnailUrl\":\"https:\/\/kabotisurf.com\/wp-content\/uploads\/2024\/09\/DSC_2138-600x400-min.jpg\",\"datePublished\":\"2024-12-01T14:19:21+00:00\",\"dateModified\":\"2025-10-08T09:29:06+00:00\",\"description\":\"Aprende surf en Playa Blanca, Lanzarote, con instructores expertos. Clases para principiantes. \u00a1Reserva tu sesi\u00f3n ahora!\",\"breadcrumb\":{\"@id\":\"https:\/\/kabotisurf.com\/product\/clases-de-surf-de-nivel-basico-en-lanzarote\/#breadcrumb\"},\"inLanguage\":\"es\",\"potentialAction\":[{\"@type\":\"ReadAction\",\"target\":[\"https:\/\/kabotisurf.com\/product\/clases-de-surf-de-nivel-basico-en-lanzarote\/\"]}]},{\"@type\":\"ImageObject\",\"inLanguage\":\"es\",\"@id\":\"https:\/\/kabotisurf.com\/product\/clases-de-surf-de-nivel-basico-en-lanzarote\/#primaryimage\",\"url\":\"https:\/\/kabotisurf.com\/wp-content\/uploads\/2024\/09\/DSC_2138-600x400-min.jpg\",\"contentUrl\":\"https:\/\/kabotisurf.com\/wp-content\/uploads\/2024\/09\/DSC_2138-600x400-min.jpg\",\"width\":600,\"height\":400},{\"@type\":\"BreadcrumbList\",\"@id\":\"https:\/\/kabotisurf.com\/product\/clases-de-surf-de-nivel-basico-en-lanzarote\/#breadcrumb\",\"itemListElement\":[{\"@type\":\"ListItem\",\"position\":1,\"name\":\"Home\",\"item\":\"https:\/\/kabotisurf.com\/es\/\"},{\"@type\":\"ListItem\",\"position\":2,\"name\":\"Cursos\",\"item\":\"https:\/\/kabotisurf.com\/es\/cursos\/\"},{\"@type\":\"ListItem\",\"position\":3,\"name\":\"Clases de surf de nivel b\u00e1sico en Lanzarote\"}]},{\"@type\":\"WebSite\",\"@id\":\"https:\/\/kabotisurf.com\/es\/#website\",\"url\":\"https:\/\/kabotisurf.com\/es\/\",\"name\":\"KabotiSurf\",\"description\":\"Surf School in Lanzarote\",\"alternateName\":\"Surf School in Lanzarote\",\"potentialAction\":[{\"@type\":\"SearchAction\",\"target\":{\"@type\":\"EntryPoint\",\"urlTemplate\":\"https:\/\/kabotisurf.com\/es\/?s={search_term_string}\"},\"query-input\":{\"@type\":\"PropertyValueSpecification\",\"valueRequired\":true,\"valueName\":\"search_term_string\"}}],\"inLanguage\":\"es\"}]}<\/script>\n<!-- \/ Yoast SEO plugin. -->","yoast_head_json":{"title":"Surf b\u00e1sico en Lanzarote \u2013 Playa Blanca | Kaboti Surf","description":"Aprende surf en Playa Blanca, Lanzarote, con instructores expertos. Clases para principiantes. \u00a1Reserva tu sesi\u00f3n ahora!","robots":{"index":"index","follow":"follow","max-snippet":"max-snippet:-1","max-image-preview":"max-image-preview:large","max-video-preview":"max-video-preview:-1"},"canonical":"https:\/\/kabotisurf.com\/es\/product\/clases-de-surf-de-nivel-basico-en-lanzarote\/","og_locale":"es_ES","og_type":"article","og_title":"Surf b\u00e1sico en Lanzarote \u2013 Playa Blanca | Kaboti Surf","og_description":"Aprende surf en Playa Blanca, Lanzarote, con instructores expertos. Clases para principiantes. \u00a1Reserva tu sesi\u00f3n ahora!","og_url":"https:\/\/kabotisurf.com\/product\/clases-de-surf-de-nivel-basico-en-lanzarote\/","og_site_name":"KabotiSurf","article_publisher":"https:\/\/www.facebook.com\/kabotisurf\/?v=info","article_modified_time":"2025-10-08T09:29:06+00:00","og_image":[{"width":600,"height":400,"url":"https:\/\/kabotisurf.com\/wp-content\/uploads\/2024\/09\/DSC_2138-600x400-min.jpg","type":"image\/jpeg"}],"twitter_card":"summary_large_image","twitter_misc":{"Tiempo de lectura":"2 minutos"},"schema":{"@context":"https:\/\/schema.org","@graph":[{"@type":"WebPage","@id":"https:\/\/kabotisurf.com\/es\/product\/clases-de-surf-de-nivel-basico-en-lanzarote\/","url":"https:\/\/kabotisurf.com\/product\/clases-de-surf-de-nivel-basico-en-lanzarote\/","name":"Surf b\u00e1sico en Lanzarote \u2013 Playa Blanca | Kaboti Surf","isPartOf":{"@id":"https:\/\/kabotisurf.com\/es\/#website"},"primaryImageOfPage":{"@id":"https:\/\/kabotisurf.com\/product\/clases-de-surf-de-nivel-basico-en-lanzarote\/#primaryimage"},"image":{"@id":"https:\/\/kabotisurf.com\/product\/clases-de-surf-de-nivel-basico-en-lanzarote\/#primaryimage"},"thumbnailUrl":"https:\/\/kabotisurf.com\/wp-content\/uploads\/2024\/09\/DSC_2138-600x400-min.jpg","datePublished":"2024-12-01T14:19:21+00:00","dateModified":"2025-10-08T09:29:06+00:00","description":"Aprende surf en Playa Blanca, Lanzarote, con instructores expertos. Clases para principiantes. \u00a1Reserva tu sesi\u00f3n ahora!","breadcrumb":{"@id":"https:\/\/kabotisurf.com\/product\/clases-de-surf-de-nivel-basico-en-lanzarote\/#breadcrumb"},"inLanguage":"es","potentialAction":[{"@type":"ReadAction","target":["https:\/\/kabotisurf.com\/product\/clases-de-surf-de-nivel-basico-en-lanzarote\/"]}]},{"@type":"ImageObject","inLanguage":"es","@id":"https:\/\/kabotisurf.com\/product\/clases-de-surf-de-nivel-basico-en-lanzarote\/#primaryimage","url":"https:\/\/kabotisurf.com\/wp-content\/uploads\/2024\/09\/DSC_2138-600x400-min.jpg","contentUrl":"https:\/\/kabotisurf.com\/wp-content\/uploads\/2024\/09\/DSC_2138-600x400-min.jpg","width":600,"height":400},{"@type":"BreadcrumbList","@id":"https:\/\/kabotisurf.com\/product\/clases-de-surf-de-nivel-basico-en-lanzarote\/#breadcrumb","itemListElement":[{"@type":"ListItem","position":1,"name":"Home","item":"https:\/\/kabotisurf.com\/es\/"},{"@type":"ListItem","position":2,"name":"Cursos","item":"https:\/\/kabotisurf.com\/es\/cursos\/"},{"@type":"ListItem","position":3,"name":"Clases de surf de nivel b\u00e1sico en Lanzarote"}]},{"@type":"WebSite","@id":"https:\/\/kabotisurf.com\/es\/#website","url":"https:\/\/kabotisurf.com\/es\/","name":"KabotiSurf","description":"Surf School in Lanzarote","alternateName":"Surf School in Lanzarote","potentialAction":[{"@type":"SearchAction","target":{"@type":"EntryPoint","urlTemplate":"https:\/\/kabotisurf.com\/es\/?s={search_term_string}"},"query-input":{"@type":"PropertyValueSpecification","valueRequired":true,"valueName":"search_term_string"}}],"inLanguage":"es"}]}},"_links":{"self":[{"href":"https:\/\/kabotisurf.com\/es\/wp-json\/wp\/v2\/product\/11938","targetHints":{"allow":["GET"]}}],"collection":[{"href":"https:\/\/kabotisurf.com\/es\/wp-json\/wp\/v2\/product"}],"about":[{"href":"https:\/\/kabotisurf.com\/es\/wp-json\/wp\/v2\/types\/product"}],"replies":[{"embeddable":true,"href":"https:\/\/kabotisurf.com\/es\/wp-json\/wp\/v2\/comments?post=11938"}],"version-history":[{"count":1,"href":"https:\/\/kabotisurf.com\/es\/wp-json\/wp\/v2\/product\/11938\/revisions"}],"predecessor-version":[{"id":11957,"href":"https:\/\/kabotisurf.com\/es\/wp-json\/wp\/v2\/product\/11938\/revisions\/11957"}],"wp:featuredmedia":[{"embeddable":true,"href":"https:\/\/kabotisurf.com\/es\/wp-json\/wp\/v2\/media\/10772"}],"wp:attachment":[{"href":"https:\/\/kabotisurf.com\/es\/wp-json\/wp\/v2\/media?parent=11938"}],"wp:term":[{"taxonomy":"product_brand","embeddable":true,"href":"https:\/\/kabotisurf.com\/es\/wp-json\/wp\/v2\/product_brand?post=11938"},{"taxonomy":"product_cat","embeddable":true,"href":"https:\/\/kabotisurf.com\/es\/wp-json\/wp\/v2\/product_cat?post=11938"},{"taxonomy":"product_tag","embeddable":true,"href":"https:\/\/kabotisurf.com\/es\/wp-json\/wp\/v2\/product_tag?post=11938"}],"curies":[{"name":"wp","href":"https:\/\/api.w.org\/{rel}","templated":true}]}}