{"id":11937,"date":"2024-12-01T15:02:58","date_gmt":"2024-12-01T15:02:58","guid":{"rendered":"https:\/\/kabotisurf.com\/product\/curso-privado-de-surf\/"},"modified":"2025-10-08T09:29:46","modified_gmt":"2025-10-08T09:29:46","slug":"curso-privado-de-surf","status":"publish","type":"product","link":"https:\/\/kabotisurf.com\/es\/product\/curso-privado-de-surf\/","title":{"rendered":"Curso privado de surf"},"content":{"rendered":"<div class=\"elementor-element elementor-element-ad20b73 elementor-widget elementor-widget-text-editor\" data-id=\"ad20b73\" data-element_type=\"widget\" data-widget_type=\"text-editor.default\">\n<div class=\"elementor-widget-container\">\n<p>Llevamos a cabo cursos personalizados individuales con una duraci\u00f3n de 2 horas. Se incluyen seguro personal, materiales y equipamiento.<\/p>\n<p>El <strong>Curso Privado de Surf<\/strong> ofrece una experiencia personalizada e individual dise\u00f1ada para ayudarle a dominar el surf a su propio ritmo. Ya sea usted principiante o est\u00e9 buscando perfeccionar sus habilidades, este enfoque adaptado garantiza que reciba atenci\u00f3n exclusiva de nuestros instructores expertos, quienes le guiar\u00e1n paso a paso.<\/p>\n<\/div>\n<\/div>\n<div class=\"elementor-element elementor-element-2f437dd elementor-widget elementor-widget-text-editor\" data-id=\"2f437dd\" data-element_type=\"widget\" data-widget_type=\"text-editor.default\">\n<div class=\"elementor-widget-container\">\n<p>Las sesiones de la tarde deber\u00e1n ser solicitadas de manera privada.<\/p>\n<\/div>\n<\/div>\n","protected":false},"excerpt":{"rendered":"<p>Llevamos a cabo cursos personalizados individuales con una duraci\u00f3n de 2 horas. Se incluyen seguro personal, materiales y equipamiento. El [&hellip;]<\/p>\n","protected":false},"featured_media":10925,"comment_status":"open","ping_status":"closed","template":"","meta":{"site-sidebar-layout":"default","site-content-layout":"","ast-site-content-layout":"default","site-content-style":"default","site-sidebar-style":"default","ast-global-header-display":"","ast-banner-title-visibility":"","ast-main-header-display":"","ast-hfb-above-header-display":"","ast-hfb-below-header-display":"","ast-hfb-mobile-header-display":"","site-post-title":"","ast-breadcrumbs-content":"","ast-featured-img":"","footer-sml-layout":"","theme-transparent-header-meta":"default","adv-header-id-meta":"","stick-header-meta":"","header-above-stick-meta":"","header-main-stick-meta":"","header-below-stick-meta":"","astra-migrate-meta-layouts":"set","ast-page-background-enabled":"default","ast-page-background-meta":{"desktop":{"background-color":"var(--ast-global-color-4)","background-image":"","background-repeat":"repeat","background-position":"center center","background-size":"auto","background-attachment":"scroll","background-type":"","background-media":"","overlay-type":"","overlay-color":"","overlay-opacity":"","overlay-gradient":""},"tablet":{"background-color":"","background-image":"","background-repeat":"repeat","background-position":"center center","background-size":"auto","background-attachment":"scroll","background-type":"","background-media":"","overlay-type":"","overlay-color":"","overlay-opacity":"","overlay-gradient":""},"mobile":{"background-color":"","background-image":"","background-repeat":"repeat","background-position":"center center","background-size":"auto","background-attachment":"scroll","background-type":"","background-media":"","overlay-type":"","overlay-color":"","overlay-opacity":"","overlay-gradient":""}},"ast-content-background-meta":{"desktop":{"background-color":"var(--ast-global-color-5)","background-image":"","background-repeat":"repeat","background-position":"center center","background-size":"auto","background-attachment":"scroll","background-type":"","background-media":"","overlay-type":"","overlay-color":"","overlay-opacity":"","overlay-gradient":""},"tablet":{"background-color":"var(--ast-global-color-5)","background-image":"","background-repeat":"repeat","background-position":"center center","background-size":"auto","background-attachment":"scroll","background-type":"","background-media":"","overlay-type":"","overlay-color":"","overlay-opacity":"","overlay-gradient":""},"mobile":{"background-color":"var(--ast-global-color-5)","background-image":"","background-repeat":"repeat","background-position":"center center","background-size":"auto","background-attachment":"scroll","background-type":"","background-media":"","overlay-type":"","overlay-color":"","overlay-opacity":"","overlay-gradient":""}}},"product_brand":[],"product_cat":[138,148,86],"product_tag":[],"class_list":{"0":"post-11937","1":"product","2":"type-product","3":"status-publish","4":"has-post-thumbnail","6":"product_cat-reserva","7":"product_cat-surf-es","8":"product_cat-booking","9":"desktop-align-left","10":"tablet-align-left","11":"mobile-align-left","13":"first","14":"instock","15":"virtual","16":"product-type-simple"},"yoast_head":"<!-- This site is optimized with the Yoast SEO plugin v24.4 - https:\/\/yoast.com\/wordpress\/plugins\/seo\/ -->\n<title>clases-de-surf-privadas-lanzarote<\/title>\n<meta name=\"description\" content=\"Disfruta de clases privadas de surf en Lanzarote. Instructores certificados y atenci\u00f3n personalizada. \u00a1Reserva con KabotiSurf!\" \/>\n<meta name=\"robots\" content=\"index, follow, max-snippet:-1, max-image-preview:large, max-video-preview:-1\" \/>\n<link rel=\"canonical\" href=\"https:\/\/kabotisurf.com\/es\/product\/curso-privado-de-surf\/\" \/>\n<meta property=\"og:locale\" content=\"es_ES\" \/>\n<meta property=\"og:type\" content=\"article\" \/>\n<meta property=\"og:title\" content=\"clases-de-surf-privadas-lanzarote\" \/>\n<meta property=\"og:description\" content=\"Disfruta de clases privadas de surf en Lanzarote. Instructores certificados y atenci\u00f3n personalizada. \u00a1Reserva con KabotiSurf!\" \/>\n<meta property=\"og:url\" content=\"https:\/\/kabotisurf.com\/product\/curso-privado-de-surf\/\" \/>\n<meta property=\"og:site_name\" content=\"KabotiSurf\" \/>\n<meta property=\"article:publisher\" content=\"https:\/\/www.facebook.com\/kabotisurf\/?v=info\" \/>\n<meta property=\"article:modified_time\" content=\"2025-10-08T09:29:46+00:00\" \/>\n<meta property=\"og:image\" content=\"https:\/\/kabotisurf.com\/wp-content\/uploads\/2024\/09\/DSC_1855-600x407-min.jpg\" \/>\n\t<meta property=\"og:image:width\" content=\"600\" \/>\n\t<meta property=\"og:image:height\" content=\"407\" \/>\n\t<meta property=\"og:image:type\" content=\"image\/jpeg\" \/>\n<meta name=\"twitter:card\" content=\"summary_large_image\" \/>\n<meta name=\"twitter:label1\" content=\"Tiempo de lectura\" \/>\n\t<meta name=\"twitter:data1\" content=\"1 minuto\" \/>\n<script type=\"application\/ld+json\" class=\"yoast-schema-graph\">{\"@context\":\"https:\/\/schema.org\",\"@graph\":[{\"@type\":\"WebPage\",\"@id\":\"https:\/\/kabotisurf.com\/es\/product\/curso-privado-de-surf\/\",\"url\":\"https:\/\/kabotisurf.com\/product\/curso-privado-de-surf\/\",\"name\":\"clases-de-surf-privadas-lanzarote\",\"isPartOf\":{\"@id\":\"https:\/\/kabotisurf.com\/es\/#website\"},\"primaryImageOfPage\":{\"@id\":\"https:\/\/kabotisurf.com\/product\/curso-privado-de-surf\/#primaryimage\"},\"image\":{\"@id\":\"https:\/\/kabotisurf.com\/product\/curso-privado-de-surf\/#primaryimage\"},\"thumbnailUrl\":\"https:\/\/kabotisurf.com\/wp-content\/uploads\/2024\/09\/DSC_1855-600x407-min.jpg\",\"datePublished\":\"2024-12-01T15:02:58+00:00\",\"dateModified\":\"2025-10-08T09:29:46+00:00\",\"description\":\"Disfruta de clases privadas de surf en Lanzarote. Instructores certificados y atenci\u00f3n personalizada. \u00a1Reserva con KabotiSurf!\",\"breadcrumb\":{\"@id\":\"https:\/\/kabotisurf.com\/product\/curso-privado-de-surf\/#breadcrumb\"},\"inLanguage\":\"es\",\"potentialAction\":[{\"@type\":\"ReadAction\",\"target\":[\"https:\/\/kabotisurf.com\/product\/curso-privado-de-surf\/\"]}]},{\"@type\":\"ImageObject\",\"inLanguage\":\"es\",\"@id\":\"https:\/\/kabotisurf.com\/product\/curso-privado-de-surf\/#primaryimage\",\"url\":\"https:\/\/kabotisurf.com\/wp-content\/uploads\/2024\/09\/DSC_1855-600x407-min.jpg\",\"contentUrl\":\"https:\/\/kabotisurf.com\/wp-content\/uploads\/2024\/09\/DSC_1855-600x407-min.jpg\",\"width\":600,\"height\":407},{\"@type\":\"BreadcrumbList\",\"@id\":\"https:\/\/kabotisurf.com\/product\/curso-privado-de-surf\/#breadcrumb\",\"itemListElement\":[{\"@type\":\"ListItem\",\"position\":1,\"name\":\"Home\",\"item\":\"https:\/\/kabotisurf.com\/es\/\"},{\"@type\":\"ListItem\",\"position\":2,\"name\":\"Cursos\",\"item\":\"https:\/\/kabotisurf.com\/es\/cursos\/\"},{\"@type\":\"ListItem\",\"position\":3,\"name\":\"Curso privado de surf\"}]},{\"@type\":\"WebSite\",\"@id\":\"https:\/\/kabotisurf.com\/es\/#website\",\"url\":\"https:\/\/kabotisurf.com\/es\/\",\"name\":\"KabotiSurf\",\"description\":\"Surf School in Lanzarote\",\"alternateName\":\"Surf School in Lanzarote\",\"potentialAction\":[{\"@type\":\"SearchAction\",\"target\":{\"@type\":\"EntryPoint\",\"urlTemplate\":\"https:\/\/kabotisurf.com\/es\/?s={search_term_string}\"},\"query-input\":{\"@type\":\"PropertyValueSpecification\",\"valueRequired\":true,\"valueName\":\"search_term_string\"}}],\"inLanguage\":\"es\"}]}<\/script>\n<!-- \/ Yoast SEO plugin. -->","yoast_head_json":{"title":"clases-de-surf-privadas-lanzarote","description":"Disfruta de clases privadas de surf en Lanzarote. Instructores certificados y atenci\u00f3n personalizada. \u00a1Reserva con KabotiSurf!","robots":{"index":"index","follow":"follow","max-snippet":"max-snippet:-1","max-image-preview":"max-image-preview:large","max-video-preview":"max-video-preview:-1"},"canonical":"https:\/\/kabotisurf.com\/es\/product\/curso-privado-de-surf\/","og_locale":"es_ES","og_type":"article","og_title":"clases-de-surf-privadas-lanzarote","og_description":"Disfruta de clases privadas de surf en Lanzarote. Instructores certificados y atenci\u00f3n personalizada. \u00a1Reserva con KabotiSurf!","og_url":"https:\/\/kabotisurf.com\/product\/curso-privado-de-surf\/","og_site_name":"KabotiSurf","article_publisher":"https:\/\/www.facebook.com\/kabotisurf\/?v=info","article_modified_time":"2025-10-08T09:29:46+00:00","og_image":[{"width":600,"height":407,"url":"https:\/\/kabotisurf.com\/wp-content\/uploads\/2024\/09\/DSC_1855-600x407-min.jpg","type":"image\/jpeg"}],"twitter_card":"summary_large_image","twitter_misc":{"Tiempo de lectura":"1 minuto"},"schema":{"@context":"https:\/\/schema.org","@graph":[{"@type":"WebPage","@id":"https:\/\/kabotisurf.com\/es\/product\/curso-privado-de-surf\/","url":"https:\/\/kabotisurf.com\/product\/curso-privado-de-surf\/","name":"clases-de-surf-privadas-lanzarote","isPartOf":{"@id":"https:\/\/kabotisurf.com\/es\/#website"},"primaryImageOfPage":{"@id":"https:\/\/kabotisurf.com\/product\/curso-privado-de-surf\/#primaryimage"},"image":{"@id":"https:\/\/kabotisurf.com\/product\/curso-privado-de-surf\/#primaryimage"},"thumbnailUrl":"https:\/\/kabotisurf.com\/wp-content\/uploads\/2024\/09\/DSC_1855-600x407-min.jpg","datePublished":"2024-12-01T15:02:58+00:00","dateModified":"2025-10-08T09:29:46+00:00","description":"Disfruta de clases privadas de surf en Lanzarote. Instructores certificados y atenci\u00f3n personalizada. \u00a1Reserva con KabotiSurf!","breadcrumb":{"@id":"https:\/\/kabotisurf.com\/product\/curso-privado-de-surf\/#breadcrumb"},"inLanguage":"es","potentialAction":[{"@type":"ReadAction","target":["https:\/\/kabotisurf.com\/product\/curso-privado-de-surf\/"]}]},{"@type":"ImageObject","inLanguage":"es","@id":"https:\/\/kabotisurf.com\/product\/curso-privado-de-surf\/#primaryimage","url":"https:\/\/kabotisurf.com\/wp-content\/uploads\/2024\/09\/DSC_1855-600x407-min.jpg","contentUrl":"https:\/\/kabotisurf.com\/wp-content\/uploads\/2024\/09\/DSC_1855-600x407-min.jpg","width":600,"height":407},{"@type":"BreadcrumbList","@id":"https:\/\/kabotisurf.com\/product\/curso-privado-de-surf\/#breadcrumb","itemListElement":[{"@type":"ListItem","position":1,"name":"Home","item":"https:\/\/kabotisurf.com\/es\/"},{"@type":"ListItem","position":2,"name":"Cursos","item":"https:\/\/kabotisurf.com\/es\/cursos\/"},{"@type":"ListItem","position":3,"name":"Curso privado de surf"}]},{"@type":"WebSite","@id":"https:\/\/kabotisurf.com\/es\/#website","url":"https:\/\/kabotisurf.com\/es\/","name":"KabotiSurf","description":"Surf School in Lanzarote","alternateName":"Surf School in Lanzarote","potentialAction":[{"@type":"SearchAction","target":{"@type":"EntryPoint","urlTemplate":"https:\/\/kabotisurf.com\/es\/?s={search_term_string}"},"query-input":{"@type":"PropertyValueSpecification","valueRequired":true,"valueName":"search_term_string"}}],"inLanguage":"es"}]}},"_links":{"self":[{"href":"https:\/\/kabotisurf.com\/es\/wp-json\/wp\/v2\/product\/11937","targetHints":{"allow":["GET"]}}],"collection":[{"href":"https:\/\/kabotisurf.com\/es\/wp-json\/wp\/v2\/product"}],"about":[{"href":"https:\/\/kabotisurf.com\/es\/wp-json\/wp\/v2\/types\/product"}],"replies":[{"embeddable":true,"href":"https:\/\/kabotisurf.com\/es\/wp-json\/wp\/v2\/comments?post=11937"}],"version-history":[{"count":1,"href":"https:\/\/kabotisurf.com\/es\/wp-json\/wp\/v2\/product\/11937\/revisions"}],"predecessor-version":[{"id":11959,"href":"https:\/\/kabotisurf.com\/es\/wp-json\/wp\/v2\/product\/11937\/revisions\/11959"}],"wp:featuredmedia":[{"embeddable":true,"href":"https:\/\/kabotisurf.com\/es\/wp-json\/wp\/v2\/media\/10925"}],"wp:attachment":[{"href":"https:\/\/kabotisurf.com\/es\/wp-json\/wp\/v2\/media?parent=11937"}],"wp:term":[{"taxonomy":"product_brand","embeddable":true,"href":"https:\/\/kabotisurf.com\/es\/wp-json\/wp\/v2\/product_brand?post=11937"},{"taxonomy":"product_cat","embeddable":true,"href":"https:\/\/kabotisurf.com\/es\/wp-json\/wp\/v2\/product_cat?post=11937"},{"taxonomy":"product_tag","embeddable":true,"href":"https:\/\/kabotisurf.com\/es\/wp-json\/wp\/v2\/product_tag?post=11937"}],"curies":[{"name":"wp","href":"https:\/\/api.w.org\/{rel}","templated":true}]}}