{"id":11935,"date":"2024-12-05T08:57:19","date_gmt":"2024-12-05T08:57:19","guid":{"rendered":"https:\/\/kabotisurf.com\/product\/alquiler-de-tablas-de-surf-electricas\/"},"modified":"2025-10-08T09:46:58","modified_gmt":"2025-10-08T09:46:58","slug":"alquiler-de-tablas-de-surf-electricas","status":"publish","type":"product","link":"https:\/\/kabotisurf.com\/es\/product\/alquiler-de-tablas-de-surf-electricas\/","title":{"rendered":"Alquiler de Tablas de Surf El\u00e9ctricas"},"content":{"rendered":"<h6 class=\"elementor-heading-title elementor-size-default\">La Lampuga AIR est\u00e1 dise\u00f1ada para un f\u00e1cil manejo, con un volumen de 200 litros, 230 cm de longitud y 75 cm de ancho. Puede ponerse de pie sin esfuerzo incluso a bajas velocidades. Fabricada con PVC de doble capa, esta tabla de surf inflable es perfecta para escuelas, empresas de alquiler y propietarios de yates, ofreciendo un casco suave y duradero. Su bater\u00eda proporciona hasta 60 minutos de tiempo de navegaci\u00f3n y se recarga en solo 120 minutos. Impulsada por un motor de 14 CV (10 kW), puede alcanzar velocidades de hasta 50 km\/h. El peso total es de aproximadamente 50 kg, incluyendo la bater\u00eda de 25 kg.<\/h6>\n","protected":false},"excerpt":{"rendered":"<p>El disfrute del surf es para todos, raz\u00f3n por la cual hemos creado una tabla de surf el\u00e9ctrica que cualquiera puede montar, y la hemos puesto a disposici\u00f3n f\u00e1cilmente en toda Europa.<\/p>\n","protected":false},"featured_media":11111,"comment_status":"open","ping_status":"closed","template":"","meta":{"site-sidebar-layout":"default","site-content-layout":"","ast-site-content-layout":"default","site-content-style":"default","site-sidebar-style":"default","ast-global-header-display":"","ast-banner-title-visibility":"","ast-main-header-display":"","ast-hfb-above-header-display":"","ast-hfb-below-header-display":"","ast-hfb-mobile-header-display":"","site-post-title":"","ast-breadcrumbs-content":"","ast-featured-img":"","footer-sml-layout":"","theme-transparent-header-meta":"default","adv-header-id-meta":"","stick-header-meta":"","header-above-stick-meta":"","header-main-stick-meta":"","header-below-stick-meta":"","astra-migrate-meta-layouts":"set","ast-page-background-enabled":"default","ast-page-background-meta":{"desktop":{"background-color":"var(--ast-global-color-4)","background-image":"","background-repeat":"repeat","background-position":"center center","background-size":"auto","background-attachment":"scroll","background-type":"","background-media":"","overlay-type":"","overlay-color":"","overlay-opacity":"","overlay-gradient":""},"tablet":{"background-color":"","background-image":"","background-repeat":"repeat","background-position":"center center","background-size":"auto","background-attachment":"scroll","background-type":"","background-media":"","overlay-type":"","overlay-color":"","overlay-opacity":"","overlay-gradient":""},"mobile":{"background-color":"","background-image":"","background-repeat":"repeat","background-position":"center center","background-size":"auto","background-attachment":"scroll","background-type":"","background-media":"","overlay-type":"","overlay-color":"","overlay-opacity":"","overlay-gradient":""}},"ast-content-background-meta":{"desktop":{"background-color":"var(--ast-global-color-5)","background-image":"","background-repeat":"repeat","background-position":"center center","background-size":"auto","background-attachment":"scroll","background-type":"","background-media":"","overlay-type":"","overlay-color":"","overlay-opacity":"","overlay-gradient":""},"tablet":{"background-color":"var(--ast-global-color-5)","background-image":"","background-repeat":"repeat","background-position":"center center","background-size":"auto","background-attachment":"scroll","background-type":"","background-media":"","overlay-type":"","overlay-color":"","overlay-opacity":"","overlay-gradient":""},"mobile":{"background-color":"var(--ast-global-color-5)","background-image":"","background-repeat":"repeat","background-position":"center center","background-size":"auto","background-attachment":"scroll","background-type":"","background-media":"","overlay-type":"","overlay-color":"","overlay-opacity":"","overlay-gradient":""}}},"product_brand":[],"product_cat":[138,148,143,86],"product_tag":[],"class_list":{"0":"post-11935","1":"product","2":"type-product","3":"status-publish","4":"has-post-thumbnail","6":"product_cat-reserva","7":"product_cat-surf-es","8":"product_cat-surfmas","9":"product_cat-booking","10":"desktop-align-left","11":"tablet-align-left","12":"mobile-align-left","14":"first","15":"instock","16":"virtual","17":"product-type-simple"},"yoast_head":"<!-- This site is optimized with the Yoast SEO plugin v24.4 - https:\/\/yoast.com\/wordpress\/plugins\/seo\/ -->\n<title>Alquiler de tablas de surf el\u00e9ctricas Lanzarote | KabotiSurf<\/title>\n<meta name=\"description\" content=\"Alquila surf el\u00e9ctrico en Lanzarote. Navega sin olas y disfruta del mar cuando quieras. \u00a1Vive la aventura con KabotiSurf!\" \/>\n<meta name=\"robots\" content=\"index, follow, max-snippet:-1, max-image-preview:large, max-video-preview:-1\" \/>\n<link rel=\"canonical\" href=\"https:\/\/kabotisurf.com\/es\/product\/alquiler-de-tablas-de-surf-electricas\/\" \/>\n<meta property=\"og:locale\" content=\"es_ES\" \/>\n<meta property=\"og:type\" content=\"article\" \/>\n<meta property=\"og:title\" content=\"Alquiler de tablas de surf el\u00e9ctricas Lanzarote | KabotiSurf\" \/>\n<meta property=\"og:description\" content=\"Alquila surf el\u00e9ctrico en Lanzarote. Navega sin olas y disfruta del mar cuando quieras. \u00a1Vive la aventura con KabotiSurf!\" \/>\n<meta property=\"og:url\" content=\"https:\/\/kabotisurf.com\/product\/alquiler-de-tablas-de-surf-electricas\/\" \/>\n<meta property=\"og:site_name\" content=\"KabotiSurf\" \/>\n<meta property=\"article:publisher\" content=\"https:\/\/www.facebook.com\/kabotisurf\/?v=info\" \/>\n<meta property=\"article:modified_time\" content=\"2025-10-08T09:46:58+00:00\" \/>\n<meta property=\"og:image\" content=\"https:\/\/kabotisurf.com\/wp-content\/uploads\/2024\/09\/7_193eba8b0d.png\" \/>\n\t<meta property=\"og:image:width\" content=\"1080\" \/>\n\t<meta property=\"og:image:height\" content=\"1350\" \/>\n\t<meta property=\"og:image:type\" content=\"image\/png\" \/>\n<meta name=\"twitter:card\" content=\"summary_large_image\" \/>\n<meta name=\"twitter:label1\" content=\"Tiempo de lectura\" \/>\n\t<meta name=\"twitter:data1\" content=\"1 minuto\" \/>\n<script type=\"application\/ld+json\" class=\"yoast-schema-graph\">{\"@context\":\"https:\/\/schema.org\",\"@graph\":[{\"@type\":\"WebPage\",\"@id\":\"https:\/\/kabotisurf.com\/es\/product\/alquiler-de-tablas-de-surf-electricas\/\",\"url\":\"https:\/\/kabotisurf.com\/product\/alquiler-de-tablas-de-surf-electricas\/\",\"name\":\"Alquiler de tablas de surf el\u00e9ctricas Lanzarote | KabotiSurf\",\"isPartOf\":{\"@id\":\"https:\/\/kabotisurf.com\/es\/#website\"},\"primaryImageOfPage\":{\"@id\":\"https:\/\/kabotisurf.com\/product\/alquiler-de-tablas-de-surf-electricas\/#primaryimage\"},\"image\":{\"@id\":\"https:\/\/kabotisurf.com\/product\/alquiler-de-tablas-de-surf-electricas\/#primaryimage\"},\"thumbnailUrl\":\"https:\/\/kabotisurf.com\/wp-content\/uploads\/2024\/09\/7_193eba8b0d.png\",\"datePublished\":\"2024-12-05T08:57:19+00:00\",\"dateModified\":\"2025-10-08T09:46:58+00:00\",\"description\":\"Alquila surf el\u00e9ctrico en Lanzarote. Navega sin olas y disfruta del mar cuando quieras. \u00a1Vive la aventura con KabotiSurf!\",\"breadcrumb\":{\"@id\":\"https:\/\/kabotisurf.com\/product\/alquiler-de-tablas-de-surf-electricas\/#breadcrumb\"},\"inLanguage\":\"es\",\"potentialAction\":[{\"@type\":\"ReadAction\",\"target\":[\"https:\/\/kabotisurf.com\/product\/alquiler-de-tablas-de-surf-electricas\/\"]}]},{\"@type\":\"ImageObject\",\"inLanguage\":\"es\",\"@id\":\"https:\/\/kabotisurf.com\/product\/alquiler-de-tablas-de-surf-electricas\/#primaryimage\",\"url\":\"https:\/\/kabotisurf.com\/wp-content\/uploads\/2024\/09\/7_193eba8b0d.png\",\"contentUrl\":\"https:\/\/kabotisurf.com\/wp-content\/uploads\/2024\/09\/7_193eba8b0d.png\",\"width\":1080,\"height\":1350,\"caption\":\"tabla de surf el\u00e9ctrica Lanzarote\"},{\"@type\":\"BreadcrumbList\",\"@id\":\"https:\/\/kabotisurf.com\/product\/alquiler-de-tablas-de-surf-electricas\/#breadcrumb\",\"itemListElement\":[{\"@type\":\"ListItem\",\"position\":1,\"name\":\"Home\",\"item\":\"https:\/\/kabotisurf.com\/es\/\"},{\"@type\":\"ListItem\",\"position\":2,\"name\":\"Cursos\",\"item\":\"https:\/\/kabotisurf.com\/es\/cursos\/\"},{\"@type\":\"ListItem\",\"position\":3,\"name\":\"Alquiler de Tablas de Surf El\u00e9ctricas\"}]},{\"@type\":\"WebSite\",\"@id\":\"https:\/\/kabotisurf.com\/es\/#website\",\"url\":\"https:\/\/kabotisurf.com\/es\/\",\"name\":\"KabotiSurf\",\"description\":\"Surf School in Lanzarote\",\"alternateName\":\"Surf School in Lanzarote\",\"potentialAction\":[{\"@type\":\"SearchAction\",\"target\":{\"@type\":\"EntryPoint\",\"urlTemplate\":\"https:\/\/kabotisurf.com\/es\/?s={search_term_string}\"},\"query-input\":{\"@type\":\"PropertyValueSpecification\",\"valueRequired\":true,\"valueName\":\"search_term_string\"}}],\"inLanguage\":\"es\"}]}<\/script>\n<!-- \/ Yoast SEO plugin. -->","yoast_head_json":{"title":"Alquiler de tablas de surf el\u00e9ctricas Lanzarote | KabotiSurf","description":"Alquila surf el\u00e9ctrico en Lanzarote. Navega sin olas y disfruta del mar cuando quieras. \u00a1Vive la aventura con KabotiSurf!","robots":{"index":"index","follow":"follow","max-snippet":"max-snippet:-1","max-image-preview":"max-image-preview:large","max-video-preview":"max-video-preview:-1"},"canonical":"https:\/\/kabotisurf.com\/es\/product\/alquiler-de-tablas-de-surf-electricas\/","og_locale":"es_ES","og_type":"article","og_title":"Alquiler de tablas de surf el\u00e9ctricas Lanzarote | KabotiSurf","og_description":"Alquila surf el\u00e9ctrico en Lanzarote. Navega sin olas y disfruta del mar cuando quieras. \u00a1Vive la aventura con KabotiSurf!","og_url":"https:\/\/kabotisurf.com\/product\/alquiler-de-tablas-de-surf-electricas\/","og_site_name":"KabotiSurf","article_publisher":"https:\/\/www.facebook.com\/kabotisurf\/?v=info","article_modified_time":"2025-10-08T09:46:58+00:00","og_image":[{"width":1080,"height":1350,"url":"https:\/\/kabotisurf.com\/wp-content\/uploads\/2024\/09\/7_193eba8b0d.png","type":"image\/png"}],"twitter_card":"summary_large_image","twitter_misc":{"Tiempo de lectura":"1 minuto"},"schema":{"@context":"https:\/\/schema.org","@graph":[{"@type":"WebPage","@id":"https:\/\/kabotisurf.com\/es\/product\/alquiler-de-tablas-de-surf-electricas\/","url":"https:\/\/kabotisurf.com\/product\/alquiler-de-tablas-de-surf-electricas\/","name":"Alquiler de tablas de surf el\u00e9ctricas Lanzarote | KabotiSurf","isPartOf":{"@id":"https:\/\/kabotisurf.com\/es\/#website"},"primaryImageOfPage":{"@id":"https:\/\/kabotisurf.com\/product\/alquiler-de-tablas-de-surf-electricas\/#primaryimage"},"image":{"@id":"https:\/\/kabotisurf.com\/product\/alquiler-de-tablas-de-surf-electricas\/#primaryimage"},"thumbnailUrl":"https:\/\/kabotisurf.com\/wp-content\/uploads\/2024\/09\/7_193eba8b0d.png","datePublished":"2024-12-05T08:57:19+00:00","dateModified":"2025-10-08T09:46:58+00:00","description":"Alquila surf el\u00e9ctrico en Lanzarote. Navega sin olas y disfruta del mar cuando quieras. \u00a1Vive la aventura con KabotiSurf!","breadcrumb":{"@id":"https:\/\/kabotisurf.com\/product\/alquiler-de-tablas-de-surf-electricas\/#breadcrumb"},"inLanguage":"es","potentialAction":[{"@type":"ReadAction","target":["https:\/\/kabotisurf.com\/product\/alquiler-de-tablas-de-surf-electricas\/"]}]},{"@type":"ImageObject","inLanguage":"es","@id":"https:\/\/kabotisurf.com\/product\/alquiler-de-tablas-de-surf-electricas\/#primaryimage","url":"https:\/\/kabotisurf.com\/wp-content\/uploads\/2024\/09\/7_193eba8b0d.png","contentUrl":"https:\/\/kabotisurf.com\/wp-content\/uploads\/2024\/09\/7_193eba8b0d.png","width":1080,"height":1350,"caption":"tabla de surf el\u00e9ctrica Lanzarote"},{"@type":"BreadcrumbList","@id":"https:\/\/kabotisurf.com\/product\/alquiler-de-tablas-de-surf-electricas\/#breadcrumb","itemListElement":[{"@type":"ListItem","position":1,"name":"Home","item":"https:\/\/kabotisurf.com\/es\/"},{"@type":"ListItem","position":2,"name":"Cursos","item":"https:\/\/kabotisurf.com\/es\/cursos\/"},{"@type":"ListItem","position":3,"name":"Alquiler de Tablas de Surf El\u00e9ctricas"}]},{"@type":"WebSite","@id":"https:\/\/kabotisurf.com\/es\/#website","url":"https:\/\/kabotisurf.com\/es\/","name":"KabotiSurf","description":"Surf School in Lanzarote","alternateName":"Surf School in Lanzarote","potentialAction":[{"@type":"SearchAction","target":{"@type":"EntryPoint","urlTemplate":"https:\/\/kabotisurf.com\/es\/?s={search_term_string}"},"query-input":{"@type":"PropertyValueSpecification","valueRequired":true,"valueName":"search_term_string"}}],"inLanguage":"es"}]}},"_links":{"self":[{"href":"https:\/\/kabotisurf.com\/es\/wp-json\/wp\/v2\/product\/11935","targetHints":{"allow":["GET"]}}],"collection":[{"href":"https:\/\/kabotisurf.com\/es\/wp-json\/wp\/v2\/product"}],"about":[{"href":"https:\/\/kabotisurf.com\/es\/wp-json\/wp\/v2\/types\/product"}],"replies":[{"embeddable":true,"href":"https:\/\/kabotisurf.com\/es\/wp-json\/wp\/v2\/comments?post=11935"}],"version-history":[{"count":1,"href":"https:\/\/kabotisurf.com\/es\/wp-json\/wp\/v2\/product\/11935\/revisions"}],"predecessor-version":[{"id":11954,"href":"https:\/\/kabotisurf.com\/es\/wp-json\/wp\/v2\/product\/11935\/revisions\/11954"}],"wp:featuredmedia":[{"embeddable":true,"href":"https:\/\/kabotisurf.com\/es\/wp-json\/wp\/v2\/media\/11111"}],"wp:attachment":[{"href":"https:\/\/kabotisurf.com\/es\/wp-json\/wp\/v2\/media?parent=11935"}],"wp:term":[{"taxonomy":"product_brand","embeddable":true,"href":"https:\/\/kabotisurf.com\/es\/wp-json\/wp\/v2\/product_brand?post=11935"},{"taxonomy":"product_cat","embeddable":true,"href":"https:\/\/kabotisurf.com\/es\/wp-json\/wp\/v2\/product_cat?post=11935"},{"taxonomy":"product_tag","embeddable":true,"href":"https:\/\/kabotisurf.com\/es\/wp-json\/wp\/v2\/product_tag?post=11935"}],"curies":[{"name":"wp","href":"https:\/\/api.w.org\/{rel}","templated":true}]}}