{"id":11933,"date":"2024-12-02T08:15:51","date_gmt":"2024-12-02T08:15:51","guid":{"rendered":"https:\/\/kabotisurf.com\/product\/wakesurf-lanzarote\/"},"modified":"2025-09-27T03:46:17","modified_gmt":"2025-09-27T03:46:17","slug":"wakesurf-lanzarote","status":"publish","type":"product","link":"https:\/\/kabotisurf.com\/es\/product\/wakesurf-lanzarote\/","title":{"rendered":"Wakesurf Lanzarote"},"content":{"rendered":"<p>Kaboti Surf le ofrece la posibilidad de practicar el surf en las olas generadas por una embarcaci\u00f3n en la modalidad de wakesurfing. Sujetando un mango que le conecta a la embarcaci\u00f3n mediante una cuerda de 6 metros, usted se pondr\u00e1 de pie sobre la tabla y podr\u00e1 seguir la estela de la ola que produce la embarcaci\u00f3n, realizando todo tipo de maniobras como giros en superficie, subirse o cruzar la estela, ollies, etc\u00e9tera.<\/p>\n<p>Esta actividad est\u00e1 enfocada a surfistas que est\u00e1n aprendiendo a surfear y desean mejorar su t\u00e9cnica, o que ya practican el surf y quieren disfrutar de esta emocionante variante. La tabla est\u00e1 fabricada con el mismo material que una tabla de surf, sus pies no tienen agarre y el tama\u00f1o y grosor son menores para poder realizar todo tipo de trucos y maniobras. Esta modalidad contribuye significativamente a su progreso y aprendizaje del surf, especialmente en el posicionamiento del cuerpo y el control de la pisada para manejar la tabla.<\/p>\n","protected":false},"excerpt":{"rendered":"<p>Kaboti Surf le ofrece la posibilidad de practicar el surf en las olas generadas por una embarcaci\u00f3n en la modalidad [&hellip;]<\/p>\n","protected":false},"featured_media":10688,"comment_status":"open","ping_status":"closed","template":"","meta":{"site-sidebar-layout":"default","site-content-layout":"","ast-site-content-layout":"default","site-content-style":"default","site-sidebar-style":"default","ast-global-header-display":"","ast-banner-title-visibility":"","ast-main-header-display":"","ast-hfb-above-header-display":"","ast-hfb-below-header-display":"","ast-hfb-mobile-header-display":"","site-post-title":"","ast-breadcrumbs-content":"","ast-featured-img":"","footer-sml-layout":"","theme-transparent-header-meta":"default","adv-header-id-meta":"","stick-header-meta":"","header-above-stick-meta":"","header-main-stick-meta":"","header-below-stick-meta":"","astra-migrate-meta-layouts":"set","ast-page-background-enabled":"default","ast-page-background-meta":{"desktop":{"background-color":"var(--ast-global-color-4)","background-image":"","background-repeat":"repeat","background-position":"center center","background-size":"auto","background-attachment":"scroll","background-type":"","background-media":"","overlay-type":"","overlay-color":"","overlay-opacity":"","overlay-gradient":""},"tablet":{"background-color":"","background-image":"","background-repeat":"repeat","background-position":"center center","background-size":"auto","background-attachment":"scroll","background-type":"","background-media":"","overlay-type":"","overlay-color":"","overlay-opacity":"","overlay-gradient":""},"mobile":{"background-color":"","background-image":"","background-repeat":"repeat","background-position":"center center","background-size":"auto","background-attachment":"scroll","background-type":"","background-media":"","overlay-type":"","overlay-color":"","overlay-opacity":"","overlay-gradient":""}},"ast-content-background-meta":{"desktop":{"background-color":"var(--ast-global-color-5)","background-image":"","background-repeat":"repeat","background-position":"center center","background-size":"auto","background-attachment":"scroll","background-type":"","background-media":"","overlay-type":"","overlay-color":"","overlay-opacity":"","overlay-gradient":""},"tablet":{"background-color":"var(--ast-global-color-5)","background-image":"","background-repeat":"repeat","background-position":"center center","background-size":"auto","background-attachment":"scroll","background-type":"","background-media":"","overlay-type":"","overlay-color":"","overlay-opacity":"","overlay-gradient":""},"mobile":{"background-color":"var(--ast-global-color-5)","background-image":"","background-repeat":"repeat","background-position":"center center","background-size":"auto","background-attachment":"scroll","background-type":"","background-media":"","overlay-type":"","overlay-color":"","overlay-opacity":"","overlay-gradient":""}}},"product_brand":[],"product_cat":[138,143,86],"product_tag":[],"class_list":{"0":"post-11933","1":"product","2":"type-product","3":"status-publish","4":"has-post-thumbnail","6":"product_cat-reserva","7":"product_cat-surfmas","8":"product_cat-booking","9":"desktop-align-left","10":"tablet-align-left","11":"mobile-align-left","13":"first","14":"instock","15":"virtual","16":"product-type-simple"},"yoast_head":"<!-- This site is optimized with the Yoast SEO plugin v24.4 - https:\/\/yoast.com\/wordpress\/plugins\/seo\/ -->\n<title>Wakesurf Lanzarote | Learn &amp; Ride the Waves<\/title>\n<meta name=\"description\" content=\"Experience wakesurfing in Lanzarote. Join expert-led lessons, improve your skills, and enjoy the thrill of riding the waves in this stunning location.\" \/>\n<meta name=\"robots\" content=\"index, follow, max-snippet:-1, max-image-preview:large, max-video-preview:-1\" \/>\n<link rel=\"canonical\" href=\"https:\/\/kabotisurf.com\/es\/product\/wakesurf-lanzarote\/\" \/>\n<meta property=\"og:locale\" content=\"es_ES\" \/>\n<meta property=\"og:type\" content=\"article\" \/>\n<meta property=\"og:title\" content=\"Wakesurf Lanzarote | Learn &amp; Ride the Waves\" \/>\n<meta property=\"og:description\" content=\"Experience wakesurfing in Lanzarote. Join expert-led lessons, improve your skills, and enjoy the thrill of riding the waves in this stunning location.\" \/>\n<meta property=\"og:url\" content=\"https:\/\/kabotisurf.com\/product\/wakesurf-lanzarote\/\" \/>\n<meta property=\"og:site_name\" content=\"KabotiSurf\" \/>\n<meta property=\"article:publisher\" content=\"https:\/\/www.facebook.com\/kabotisurf\/?v=info\" \/>\n<meta property=\"article:modified_time\" content=\"2025-09-27T03:46:17+00:00\" \/>\n<meta property=\"og:image\" content=\"https:\/\/kabotisurf.com\/wp-content\/uploads\/2024\/09\/DSC08149-scaled-min.jpg\" \/>\n\t<meta property=\"og:image:width\" content=\"2560\" \/>\n\t<meta property=\"og:image:height\" content=\"1707\" \/>\n\t<meta property=\"og:image:type\" content=\"image\/jpeg\" \/>\n<meta name=\"twitter:card\" content=\"summary_large_image\" \/>\n<meta name=\"twitter:label1\" content=\"Tiempo de lectura\" \/>\n\t<meta name=\"twitter:data1\" content=\"1 minuto\" \/>\n<script type=\"application\/ld+json\" class=\"yoast-schema-graph\">{\"@context\":\"https:\/\/schema.org\",\"@graph\":[{\"@type\":\"WebPage\",\"@id\":\"https:\/\/kabotisurf.com\/es\/product\/wakesurf-lanzarote\/\",\"url\":\"https:\/\/kabotisurf.com\/product\/wakesurf-lanzarote\/\",\"name\":\"Wakesurf Lanzarote | Learn & Ride the Waves\",\"isPartOf\":{\"@id\":\"https:\/\/kabotisurf.com\/es\/#website\"},\"primaryImageOfPage\":{\"@id\":\"https:\/\/kabotisurf.com\/product\/wakesurf-lanzarote\/#primaryimage\"},\"image\":{\"@id\":\"https:\/\/kabotisurf.com\/product\/wakesurf-lanzarote\/#primaryimage\"},\"thumbnailUrl\":\"https:\/\/kabotisurf.com\/wp-content\/uploads\/2024\/09\/DSC08149-scaled-min.jpg\",\"datePublished\":\"2024-12-02T08:15:51+00:00\",\"dateModified\":\"2025-09-27T03:46:17+00:00\",\"description\":\"Experience wakesurfing in Lanzarote. Join expert-led lessons, improve your skills, and enjoy the thrill of riding the waves in this stunning location.\",\"breadcrumb\":{\"@id\":\"https:\/\/kabotisurf.com\/product\/wakesurf-lanzarote\/#breadcrumb\"},\"inLanguage\":\"es\",\"potentialAction\":[{\"@type\":\"ReadAction\",\"target\":[\"https:\/\/kabotisurf.com\/product\/wakesurf-lanzarote\/\"]}]},{\"@type\":\"ImageObject\",\"inLanguage\":\"es\",\"@id\":\"https:\/\/kabotisurf.com\/product\/wakesurf-lanzarote\/#primaryimage\",\"url\":\"https:\/\/kabotisurf.com\/wp-content\/uploads\/2024\/09\/DSC08149-scaled-min.jpg\",\"contentUrl\":\"https:\/\/kabotisurf.com\/wp-content\/uploads\/2024\/09\/DSC08149-scaled-min.jpg\",\"width\":2560,\"height\":1707},{\"@type\":\"BreadcrumbList\",\"@id\":\"https:\/\/kabotisurf.com\/product\/wakesurf-lanzarote\/#breadcrumb\",\"itemListElement\":[{\"@type\":\"ListItem\",\"position\":1,\"name\":\"Home\",\"item\":\"https:\/\/kabotisurf.com\/es\/\"},{\"@type\":\"ListItem\",\"position\":2,\"name\":\"Cursos\",\"item\":\"https:\/\/kabotisurf.com\/es\/cursos\/\"},{\"@type\":\"ListItem\",\"position\":3,\"name\":\"Wakesurf Lanzarote\"}]},{\"@type\":\"WebSite\",\"@id\":\"https:\/\/kabotisurf.com\/es\/#website\",\"url\":\"https:\/\/kabotisurf.com\/es\/\",\"name\":\"KabotiSurf\",\"description\":\"Surf School in Lanzarote\",\"alternateName\":\"Surf School in Lanzarote\",\"potentialAction\":[{\"@type\":\"SearchAction\",\"target\":{\"@type\":\"EntryPoint\",\"urlTemplate\":\"https:\/\/kabotisurf.com\/es\/?s={search_term_string}\"},\"query-input\":{\"@type\":\"PropertyValueSpecification\",\"valueRequired\":true,\"valueName\":\"search_term_string\"}}],\"inLanguage\":\"es\"}]}<\/script>\n<!-- \/ Yoast SEO plugin. -->","yoast_head_json":{"title":"Wakesurf Lanzarote | Learn & Ride the Waves","description":"Experience wakesurfing in Lanzarote. Join expert-led lessons, improve your skills, and enjoy the thrill of riding the waves in this stunning location.","robots":{"index":"index","follow":"follow","max-snippet":"max-snippet:-1","max-image-preview":"max-image-preview:large","max-video-preview":"max-video-preview:-1"},"canonical":"https:\/\/kabotisurf.com\/es\/product\/wakesurf-lanzarote\/","og_locale":"es_ES","og_type":"article","og_title":"Wakesurf Lanzarote | Learn & Ride the Waves","og_description":"Experience wakesurfing in Lanzarote. Join expert-led lessons, improve your skills, and enjoy the thrill of riding the waves in this stunning location.","og_url":"https:\/\/kabotisurf.com\/product\/wakesurf-lanzarote\/","og_site_name":"KabotiSurf","article_publisher":"https:\/\/www.facebook.com\/kabotisurf\/?v=info","article_modified_time":"2025-09-27T03:46:17+00:00","og_image":[{"width":2560,"height":1707,"url":"https:\/\/kabotisurf.com\/wp-content\/uploads\/2024\/09\/DSC08149-scaled-min.jpg","type":"image\/jpeg"}],"twitter_card":"summary_large_image","twitter_misc":{"Tiempo de lectura":"1 minuto"},"schema":{"@context":"https:\/\/schema.org","@graph":[{"@type":"WebPage","@id":"https:\/\/kabotisurf.com\/es\/product\/wakesurf-lanzarote\/","url":"https:\/\/kabotisurf.com\/product\/wakesurf-lanzarote\/","name":"Wakesurf Lanzarote | Learn & Ride the Waves","isPartOf":{"@id":"https:\/\/kabotisurf.com\/es\/#website"},"primaryImageOfPage":{"@id":"https:\/\/kabotisurf.com\/product\/wakesurf-lanzarote\/#primaryimage"},"image":{"@id":"https:\/\/kabotisurf.com\/product\/wakesurf-lanzarote\/#primaryimage"},"thumbnailUrl":"https:\/\/kabotisurf.com\/wp-content\/uploads\/2024\/09\/DSC08149-scaled-min.jpg","datePublished":"2024-12-02T08:15:51+00:00","dateModified":"2025-09-27T03:46:17+00:00","description":"Experience wakesurfing in Lanzarote. Join expert-led lessons, improve your skills, and enjoy the thrill of riding the waves in this stunning location.","breadcrumb":{"@id":"https:\/\/kabotisurf.com\/product\/wakesurf-lanzarote\/#breadcrumb"},"inLanguage":"es","potentialAction":[{"@type":"ReadAction","target":["https:\/\/kabotisurf.com\/product\/wakesurf-lanzarote\/"]}]},{"@type":"ImageObject","inLanguage":"es","@id":"https:\/\/kabotisurf.com\/product\/wakesurf-lanzarote\/#primaryimage","url":"https:\/\/kabotisurf.com\/wp-content\/uploads\/2024\/09\/DSC08149-scaled-min.jpg","contentUrl":"https:\/\/kabotisurf.com\/wp-content\/uploads\/2024\/09\/DSC08149-scaled-min.jpg","width":2560,"height":1707},{"@type":"BreadcrumbList","@id":"https:\/\/kabotisurf.com\/product\/wakesurf-lanzarote\/#breadcrumb","itemListElement":[{"@type":"ListItem","position":1,"name":"Home","item":"https:\/\/kabotisurf.com\/es\/"},{"@type":"ListItem","position":2,"name":"Cursos","item":"https:\/\/kabotisurf.com\/es\/cursos\/"},{"@type":"ListItem","position":3,"name":"Wakesurf Lanzarote"}]},{"@type":"WebSite","@id":"https:\/\/kabotisurf.com\/es\/#website","url":"https:\/\/kabotisurf.com\/es\/","name":"KabotiSurf","description":"Surf School in Lanzarote","alternateName":"Surf School in Lanzarote","potentialAction":[{"@type":"SearchAction","target":{"@type":"EntryPoint","urlTemplate":"https:\/\/kabotisurf.com\/es\/?s={search_term_string}"},"query-input":{"@type":"PropertyValueSpecification","valueRequired":true,"valueName":"search_term_string"}}],"inLanguage":"es"}]}},"_links":{"self":[{"href":"https:\/\/kabotisurf.com\/es\/wp-json\/wp\/v2\/product\/11933","targetHints":{"allow":["GET"]}}],"collection":[{"href":"https:\/\/kabotisurf.com\/es\/wp-json\/wp\/v2\/product"}],"about":[{"href":"https:\/\/kabotisurf.com\/es\/wp-json\/wp\/v2\/types\/product"}],"replies":[{"embeddable":true,"href":"https:\/\/kabotisurf.com\/es\/wp-json\/wp\/v2\/comments?post=11933"}],"version-history":[{"count":1,"href":"https:\/\/kabotisurf.com\/es\/wp-json\/wp\/v2\/product\/11933\/revisions"}],"predecessor-version":[{"id":11951,"href":"https:\/\/kabotisurf.com\/es\/wp-json\/wp\/v2\/product\/11933\/revisions\/11951"}],"wp:featuredmedia":[{"embeddable":true,"href":"https:\/\/kabotisurf.com\/es\/wp-json\/wp\/v2\/media\/10688"}],"wp:attachment":[{"href":"https:\/\/kabotisurf.com\/es\/wp-json\/wp\/v2\/media?parent=11933"}],"wp:term":[{"taxonomy":"product_brand","embeddable":true,"href":"https:\/\/kabotisurf.com\/es\/wp-json\/wp\/v2\/product_brand?post=11933"},{"taxonomy":"product_cat","embeddable":true,"href":"https:\/\/kabotisurf.com\/es\/wp-json\/wp\/v2\/product_cat?post=11933"},{"taxonomy":"product_tag","embeddable":true,"href":"https:\/\/kabotisurf.com\/es\/wp-json\/wp\/v2\/product_tag?post=11933"}],"curies":[{"name":"wp","href":"https:\/\/api.w.org\/{rel}","templated":true}]}}