{"id":11932,"date":"2024-12-01T15:13:18","date_gmt":"2024-12-01T15:13:18","guid":{"rendered":"https:\/\/kabotisurf.com\/product\/escuela-de-kitesurf-en-lanzarote\/"},"modified":"2025-10-08T09:44:37","modified_gmt":"2025-10-08T09:44:37","slug":"escuela-de-kitesurf-en-lanzarote","status":"publish","type":"product","link":"https:\/\/kabotisurf.com\/es\/product\/escuela-de-kitesurf-en-lanzarote\/","title":{"rendered":"Escuela de Kitesurf en Lanzarote"},"content":{"rendered":"<p>Cuando las condiciones del viento son \u00f3ptimas, el Kitesurfing es un deporte excelente para disfrutar. Le instruimos en el manejo adecuado del equipo, para que pueda gozar de las olas, el viento y las sensaciones extraordinarias de practicar kitesurf con seguridad. En el curso para principiantes, se familiarizar\u00e1 con el equipo y aprender\u00e1 las normas b\u00e1sicas de seguridad. Si ya es un kiter con experiencia, reserve uno de nuestros cursos de kitesurfing de nivel intermedio y avanzado, y le ayudaremos a perfeccionar sus habilidades. \u00a1Permita que su adrenalina fluya practicando kitesurf con nosotros!<\/p>\n","protected":false},"excerpt":{"rendered":"<p>La playa de Famara es el lugar id\u00f3neo para aprender kitesurfing de manera segura.<\/p>\n<p>Si desea aprender kitesurf desde cero o mejorar su nivel, se encuentra en el lugar adecuado.<\/p>\n<p>Nuestro instructor de la escuela de kitesurf cuenta con 20 a\u00f1os de experiencia en todos los niveles. Conocemos a la perfecci\u00f3n c\u00f3mo ense\u00f1ar kitesurfing de la manera m\u00e1s r\u00e1pida, segura y divertida.<\/p>\n<p>Desarrollamos nuestras lecciones de kitesurfing para principiantes con duraciones variables, adaptadas seg\u00fan las aptitudes de cada participante.<\/p>\n<p>El curso diario generalmente consta de lecciones de 3 horas y se lleva a cabo en la playa de Famara: una playa amplia, sin obst\u00e1culos y con poca afluencia en cualquier \u00e9poca del a\u00f1o.<\/p>\n<p>Organizamos grupos reducidos de hasta 3 alumnos cada uno, para que pueda aprender r\u00e1pidamente y con total seguridad.<\/p>\n<p>El equipo, que incluye tabla y vela, se proporciona a cada estudiante.<\/p>\n<p>Despu\u00e9s del curso de kitesurf, se ofrece asistencia y seguridad adicional en tierra con alquiler de material.<\/p>\n","protected":false},"featured_media":10847,"comment_status":"open","ping_status":"closed","template":"","meta":{"site-sidebar-layout":"default","site-content-layout":"","ast-site-content-layout":"default","site-content-style":"default","site-sidebar-style":"default","ast-global-header-display":"","ast-banner-title-visibility":"","ast-main-header-display":"","ast-hfb-above-header-display":"","ast-hfb-below-header-display":"","ast-hfb-mobile-header-display":"","site-post-title":"","ast-breadcrumbs-content":"","ast-featured-img":"","footer-sml-layout":"","theme-transparent-header-meta":"default","adv-header-id-meta":"","stick-header-meta":"","header-above-stick-meta":"","header-main-stick-meta":"","header-below-stick-meta":"","astra-migrate-meta-layouts":"set","ast-page-background-enabled":"default","ast-page-background-meta":{"desktop":{"background-color":"var(--ast-global-color-4)","background-image":"","background-repeat":"repeat","background-position":"center center","background-size":"auto","background-attachment":"scroll","background-type":"","background-media":"","overlay-type":"","overlay-color":"","overlay-opacity":"","overlay-gradient":""},"tablet":{"background-color":"","background-image":"","background-repeat":"repeat","background-position":"center center","background-size":"auto","background-attachment":"scroll","background-type":"","background-media":"","overlay-type":"","overlay-color":"","overlay-opacity":"","overlay-gradient":""},"mobile":{"background-color":"","background-image":"","background-repeat":"repeat","background-position":"center center","background-size":"auto","background-attachment":"scroll","background-type":"","background-media":"","overlay-type":"","overlay-color":"","overlay-opacity":"","overlay-gradient":""}},"ast-content-background-meta":{"desktop":{"background-color":"var(--ast-global-color-5)","background-image":"","background-repeat":"repeat","background-position":"center center","background-size":"auto","background-attachment":"scroll","background-type":"","background-media":"","overlay-type":"","overlay-color":"","overlay-opacity":"","overlay-gradient":""},"tablet":{"background-color":"var(--ast-global-color-5)","background-image":"","background-repeat":"repeat","background-position":"center center","background-size":"auto","background-attachment":"scroll","background-type":"","background-media":"","overlay-type":"","overlay-color":"","overlay-opacity":"","overlay-gradient":""},"mobile":{"background-color":"var(--ast-global-color-5)","background-image":"","background-repeat":"repeat","background-position":"center center","background-size":"auto","background-attachment":"scroll","background-type":"","background-media":"","overlay-type":"","overlay-color":"","overlay-opacity":"","overlay-gradient":""}}},"product_brand":[],"product_cat":[139,138,86],"product_tag":[],"class_list":{"0":"post-11932","1":"product","2":"type-product","3":"status-publish","4":"has-post-thumbnail","6":"product_cat-kitesup-es","7":"product_cat-reserva","8":"product_cat-booking","9":"desktop-align-left","10":"tablet-align-left","11":"mobile-align-left","13":"first","14":"instock","15":"virtual","16":"product-type-simple"},"yoast_head":"<!-- This site is optimized with the Yoast SEO plugin v24.4 - https:\/\/yoast.com\/wordpress\/plugins\/seo\/ -->\n<title>Cursos de Kitesurf en Lanzarote | KabotiSurf<\/title>\n<meta name=\"description\" content=\"Aprende kitesurf en Lanzarote con instructores certificados. Clases para todos los niveles. \u00a1Reserva tu curso y disfruta!\" \/>\n<meta name=\"robots\" content=\"index, follow, max-snippet:-1, max-image-preview:large, max-video-preview:-1\" \/>\n<link rel=\"canonical\" href=\"https:\/\/kabotisurf.com\/es\/product\/escuela-de-kitesurf-en-lanzarote\/\" \/>\n<meta property=\"og:locale\" content=\"es_ES\" \/>\n<meta property=\"og:type\" content=\"article\" \/>\n<meta property=\"og:title\" content=\"Cursos de Kitesurf en Lanzarote | KabotiSurf\" \/>\n<meta property=\"og:description\" content=\"Aprende kitesurf en Lanzarote con instructores certificados. Clases para todos los niveles. \u00a1Reserva tu curso y disfruta!\" \/>\n<meta property=\"og:url\" content=\"https:\/\/kabotisurf.com\/es\/product\/escuela-de-kitesurf-en-lanzarote\/\" \/>\n<meta property=\"og:site_name\" content=\"KabotiSurf\" \/>\n<meta property=\"article:publisher\" content=\"https:\/\/www.facebook.com\/kabotisurf\/?v=info\" \/>\n<meta property=\"article:modified_time\" content=\"2025-10-08T09:44:37+00:00\" \/>\n<meta property=\"og:image\" content=\"https:\/\/kabotisurf.com\/wp-content\/uploads\/2024\/09\/WhatsApp-Image-2021-05-06-at-11.17.08-2.jpeg\" \/>\n\t<meta property=\"og:image:width\" content=\"1080\" \/>\n\t<meta property=\"og:image:height\" content=\"1920\" \/>\n\t<meta property=\"og:image:type\" content=\"image\/jpeg\" \/>\n<meta name=\"twitter:card\" content=\"summary_large_image\" \/>\n<meta name=\"twitter:label1\" content=\"Tiempo de lectura\" \/>\n\t<meta name=\"twitter:data1\" content=\"1 minuto\" \/>\n<script type=\"application\/ld+json\" class=\"yoast-schema-graph\">{\"@context\":\"https:\/\/schema.org\",\"@graph\":[{\"@type\":\"WebPage\",\"@id\":\"https:\/\/kabotisurf.com\/es\/product\/escuela-de-kitesurf-en-lanzarote\/\",\"url\":\"https:\/\/kabotisurf.com\/es\/product\/escuela-de-kitesurf-en-lanzarote\/\",\"name\":\"Cursos de Kitesurf en Lanzarote | KabotiSurf\",\"isPartOf\":{\"@id\":\"https:\/\/kabotisurf.com\/es\/#website\"},\"primaryImageOfPage\":{\"@id\":\"https:\/\/kabotisurf.com\/es\/product\/escuela-de-kitesurf-en-lanzarote\/#primaryimage\"},\"image\":{\"@id\":\"https:\/\/kabotisurf.com\/es\/product\/escuela-de-kitesurf-en-lanzarote\/#primaryimage\"},\"thumbnailUrl\":\"https:\/\/kabotisurf.com\/wp-content\/uploads\/2024\/09\/WhatsApp-Image-2021-05-06-at-11.17.08-2.jpeg\",\"datePublished\":\"2024-12-01T15:13:18+00:00\",\"dateModified\":\"2025-10-08T09:44:37+00:00\",\"description\":\"Aprende kitesurf en Lanzarote con instructores certificados. Clases para todos los niveles. \u00a1Reserva tu curso y disfruta!\",\"breadcrumb\":{\"@id\":\"https:\/\/kabotisurf.com\/es\/product\/escuela-de-kitesurf-en-lanzarote\/#breadcrumb\"},\"inLanguage\":\"es\",\"potentialAction\":[{\"@type\":\"ReadAction\",\"target\":[\"https:\/\/kabotisurf.com\/es\/product\/escuela-de-kitesurf-en-lanzarote\/\"]}]},{\"@type\":\"ImageObject\",\"inLanguage\":\"es\",\"@id\":\"https:\/\/kabotisurf.com\/es\/product\/escuela-de-kitesurf-en-lanzarote\/#primaryimage\",\"url\":\"https:\/\/kabotisurf.com\/wp-content\/uploads\/2024\/09\/WhatsApp-Image-2021-05-06-at-11.17.08-2.jpeg\",\"contentUrl\":\"https:\/\/kabotisurf.com\/wp-content\/uploads\/2024\/09\/WhatsApp-Image-2021-05-06-at-11.17.08-2.jpeg\",\"width\":1080,\"height\":1920,\"caption\":\"escuela de kitesurf en Lanzarote\"},{\"@type\":\"BreadcrumbList\",\"@id\":\"https:\/\/kabotisurf.com\/es\/product\/escuela-de-kitesurf-en-lanzarote\/#breadcrumb\",\"itemListElement\":[{\"@type\":\"ListItem\",\"position\":1,\"name\":\"Home\",\"item\":\"https:\/\/kabotisurf.com\/es\/\"},{\"@type\":\"ListItem\",\"position\":2,\"name\":\"Cursos\",\"item\":\"https:\/\/kabotisurf.com\/es\/cursos\/\"},{\"@type\":\"ListItem\",\"position\":3,\"name\":\"Escuela de Kitesurf en Lanzarote\"}]},{\"@type\":\"WebSite\",\"@id\":\"https:\/\/kabotisurf.com\/es\/#website\",\"url\":\"https:\/\/kabotisurf.com\/es\/\",\"name\":\"KabotiSurf\",\"description\":\"Surf School in Lanzarote\",\"alternateName\":\"Surf School in Lanzarote\",\"potentialAction\":[{\"@type\":\"SearchAction\",\"target\":{\"@type\":\"EntryPoint\",\"urlTemplate\":\"https:\/\/kabotisurf.com\/es\/?s={search_term_string}\"},\"query-input\":{\"@type\":\"PropertyValueSpecification\",\"valueRequired\":true,\"valueName\":\"search_term_string\"}}],\"inLanguage\":\"es\"}]}<\/script>\n<!-- \/ Yoast SEO plugin. -->","yoast_head_json":{"title":"Cursos de Kitesurf en Lanzarote | KabotiSurf","description":"Aprende kitesurf en Lanzarote con instructores certificados. Clases para todos los niveles. \u00a1Reserva tu curso y disfruta!","robots":{"index":"index","follow":"follow","max-snippet":"max-snippet:-1","max-image-preview":"max-image-preview:large","max-video-preview":"max-video-preview:-1"},"canonical":"https:\/\/kabotisurf.com\/es\/product\/escuela-de-kitesurf-en-lanzarote\/","og_locale":"es_ES","og_type":"article","og_title":"Cursos de Kitesurf en Lanzarote | KabotiSurf","og_description":"Aprende kitesurf en Lanzarote con instructores certificados. Clases para todos los niveles. \u00a1Reserva tu curso y disfruta!","og_url":"https:\/\/kabotisurf.com\/es\/product\/escuela-de-kitesurf-en-lanzarote\/","og_site_name":"KabotiSurf","article_publisher":"https:\/\/www.facebook.com\/kabotisurf\/?v=info","article_modified_time":"2025-10-08T09:44:37+00:00","og_image":[{"width":1080,"height":1920,"url":"https:\/\/kabotisurf.com\/wp-content\/uploads\/2024\/09\/WhatsApp-Image-2021-05-06-at-11.17.08-2.jpeg","type":"image\/jpeg"}],"twitter_card":"summary_large_image","twitter_misc":{"Tiempo de lectura":"1 minuto"},"schema":{"@context":"https:\/\/schema.org","@graph":[{"@type":"WebPage","@id":"https:\/\/kabotisurf.com\/es\/product\/escuela-de-kitesurf-en-lanzarote\/","url":"https:\/\/kabotisurf.com\/es\/product\/escuela-de-kitesurf-en-lanzarote\/","name":"Cursos de Kitesurf en Lanzarote | KabotiSurf","isPartOf":{"@id":"https:\/\/kabotisurf.com\/es\/#website"},"primaryImageOfPage":{"@id":"https:\/\/kabotisurf.com\/es\/product\/escuela-de-kitesurf-en-lanzarote\/#primaryimage"},"image":{"@id":"https:\/\/kabotisurf.com\/es\/product\/escuela-de-kitesurf-en-lanzarote\/#primaryimage"},"thumbnailUrl":"https:\/\/kabotisurf.com\/wp-content\/uploads\/2024\/09\/WhatsApp-Image-2021-05-06-at-11.17.08-2.jpeg","datePublished":"2024-12-01T15:13:18+00:00","dateModified":"2025-10-08T09:44:37+00:00","description":"Aprende kitesurf en Lanzarote con instructores certificados. Clases para todos los niveles. \u00a1Reserva tu curso y disfruta!","breadcrumb":{"@id":"https:\/\/kabotisurf.com\/es\/product\/escuela-de-kitesurf-en-lanzarote\/#breadcrumb"},"inLanguage":"es","potentialAction":[{"@type":"ReadAction","target":["https:\/\/kabotisurf.com\/es\/product\/escuela-de-kitesurf-en-lanzarote\/"]}]},{"@type":"ImageObject","inLanguage":"es","@id":"https:\/\/kabotisurf.com\/es\/product\/escuela-de-kitesurf-en-lanzarote\/#primaryimage","url":"https:\/\/kabotisurf.com\/wp-content\/uploads\/2024\/09\/WhatsApp-Image-2021-05-06-at-11.17.08-2.jpeg","contentUrl":"https:\/\/kabotisurf.com\/wp-content\/uploads\/2024\/09\/WhatsApp-Image-2021-05-06-at-11.17.08-2.jpeg","width":1080,"height":1920,"caption":"escuela de kitesurf en Lanzarote"},{"@type":"BreadcrumbList","@id":"https:\/\/kabotisurf.com\/es\/product\/escuela-de-kitesurf-en-lanzarote\/#breadcrumb","itemListElement":[{"@type":"ListItem","position":1,"name":"Home","item":"https:\/\/kabotisurf.com\/es\/"},{"@type":"ListItem","position":2,"name":"Cursos","item":"https:\/\/kabotisurf.com\/es\/cursos\/"},{"@type":"ListItem","position":3,"name":"Escuela de Kitesurf en Lanzarote"}]},{"@type":"WebSite","@id":"https:\/\/kabotisurf.com\/es\/#website","url":"https:\/\/kabotisurf.com\/es\/","name":"KabotiSurf","description":"Surf School in Lanzarote","alternateName":"Surf School in Lanzarote","potentialAction":[{"@type":"SearchAction","target":{"@type":"EntryPoint","urlTemplate":"https:\/\/kabotisurf.com\/es\/?s={search_term_string}"},"query-input":{"@type":"PropertyValueSpecification","valueRequired":true,"valueName":"search_term_string"}}],"inLanguage":"es"}]}},"_links":{"self":[{"href":"https:\/\/kabotisurf.com\/es\/wp-json\/wp\/v2\/product\/11932","targetHints":{"allow":["GET"]}}],"collection":[{"href":"https:\/\/kabotisurf.com\/es\/wp-json\/wp\/v2\/product"}],"about":[{"href":"https:\/\/kabotisurf.com\/es\/wp-json\/wp\/v2\/types\/product"}],"replies":[{"embeddable":true,"href":"https:\/\/kabotisurf.com\/es\/wp-json\/wp\/v2\/comments?post=11932"}],"version-history":[{"count":1,"href":"https:\/\/kabotisurf.com\/es\/wp-json\/wp\/v2\/product\/11932\/revisions"}],"predecessor-version":[{"id":11961,"href":"https:\/\/kabotisurf.com\/es\/wp-json\/wp\/v2\/product\/11932\/revisions\/11961"}],"wp:featuredmedia":[{"embeddable":true,"href":"https:\/\/kabotisurf.com\/es\/wp-json\/wp\/v2\/media\/10847"}],"wp:attachment":[{"href":"https:\/\/kabotisurf.com\/es\/wp-json\/wp\/v2\/media?parent=11932"}],"wp:term":[{"taxonomy":"product_brand","embeddable":true,"href":"https:\/\/kabotisurf.com\/es\/wp-json\/wp\/v2\/product_brand?post=11932"},{"taxonomy":"product_cat","embeddable":true,"href":"https:\/\/kabotisurf.com\/es\/wp-json\/wp\/v2\/product_cat?post=11932"},{"taxonomy":"product_tag","embeddable":true,"href":"https:\/\/kabotisurf.com\/es\/wp-json\/wp\/v2\/product_tag?post=11932"}],"curies":[{"name":"wp","href":"https:\/\/api.w.org\/{rel}","templated":true}]}}