{"id":11931,"date":"2024-12-01T17:45:45","date_gmt":"2024-12-01T17:45:45","guid":{"rendered":"https:\/\/kabotisurf.com\/product\/wing-foil\/"},"modified":"2025-09-19T21:55:41","modified_gmt":"2025-09-19T21:55:41","slug":"wing-foil","status":"publish","type":"product","link":"https:\/\/kabotisurf.com\/es\/product\/wing-foil\/","title":{"rendered":"Wing Foil"},"content":{"rendered":"<p>Kaboti Surf le ofrece esta novedos\u00edsima modalidad deportiva, que consiste en el manejo de un ala sin estar adherido a una tabla. La manipularemos exclusivamente con nuestras manos, con la posibilidad de estar sujetos a un arn\u00e9s o correa. <\/p>\n<p>\u00a1Esta nueva modalidad solo presenta ventajas y ning\u00fan inconveniente! \u00a1Experimente con nosotros! <\/p>\n<p>Duraci\u00f3n: 2 HORAS<\/p>\n","protected":false},"excerpt":{"rendered":"<p>Accesibilidad: El ala est\u00e1 conectada \u00fanicamente a sus manos mediante asideros. Si desea detenerse, simplemente suelte; si desea reducir la velocidad, abra el ala.<\/p>\n<p>Rango de viento: Se acompa\u00f1a de un hidroala ubicada bajo la tabla, lo que multiplica el rango de viento y permite volar en poco tiempo, soportando fuertes r\u00e1fagas. Disponer de un ala hidroala de alta calidad le permite superar las variaciones de viento casi imperceptiblemente. <\/p>\n<p>Desde cualquier lugar: Con el wing foil puede partir desde cualquier punto, sin necesidad de acudir a canales autorizados o playas espec\u00edficas para la pr\u00e1ctica de deportes n\u00e1uticos.<\/p>\n","protected":false},"featured_media":10964,"comment_status":"open","ping_status":"closed","template":"","meta":{"site-sidebar-layout":"default","site-content-layout":"","ast-site-content-layout":"default","site-content-style":"default","site-sidebar-style":"default","ast-global-header-display":"","ast-banner-title-visibility":"","ast-main-header-display":"","ast-hfb-above-header-display":"","ast-hfb-below-header-display":"","ast-hfb-mobile-header-display":"","site-post-title":"","ast-breadcrumbs-content":"","ast-featured-img":"","footer-sml-layout":"","theme-transparent-header-meta":"default","adv-header-id-meta":"","stick-header-meta":"","header-above-stick-meta":"","header-main-stick-meta":"","header-below-stick-meta":"","astra-migrate-meta-layouts":"default","ast-page-background-enabled":"default","ast-page-background-meta":{"desktop":{"background-color":"var(--ast-global-color-4)","background-image":"","background-repeat":"repeat","background-position":"center center","background-size":"auto","background-attachment":"scroll","background-type":"","background-media":"","overlay-type":"","overlay-color":"","overlay-opacity":"","overlay-gradient":""},"tablet":{"background-color":"","background-image":"","background-repeat":"repeat","background-position":"center center","background-size":"auto","background-attachment":"scroll","background-type":"","background-media":"","overlay-type":"","overlay-color":"","overlay-opacity":"","overlay-gradient":""},"mobile":{"background-color":"","background-image":"","background-repeat":"repeat","background-position":"center center","background-size":"auto","background-attachment":"scroll","background-type":"","background-media":"","overlay-type":"","overlay-color":"","overlay-opacity":"","overlay-gradient":""}},"ast-content-background-meta":{"desktop":{"background-color":"var(--ast-global-color-5)","background-image":"","background-repeat":"repeat","background-position":"center center","background-size":"auto","background-attachment":"scroll","background-type":"","background-media":"","overlay-type":"","overlay-color":"","overlay-opacity":"","overlay-gradient":""},"tablet":{"background-color":"var(--ast-global-color-5)","background-image":"","background-repeat":"repeat","background-position":"center center","background-size":"auto","background-attachment":"scroll","background-type":"","background-media":"","overlay-type":"","overlay-color":"","overlay-opacity":"","overlay-gradient":""},"mobile":{"background-color":"var(--ast-global-color-5)","background-image":"","background-repeat":"repeat","background-position":"center center","background-size":"auto","background-attachment":"scroll","background-type":"","background-media":"","overlay-type":"","overlay-color":"","overlay-opacity":"","overlay-gradient":""}}},"product_brand":[],"product_cat":[138,143],"product_tag":[],"class_list":{"0":"post-11931","1":"product","2":"type-product","3":"status-publish","4":"has-post-thumbnail","6":"product_cat-reserva","7":"product_cat-surfmas","8":"desktop-align-left","9":"tablet-align-left","10":"mobile-align-left","12":"first","13":"instock","14":"virtual","15":"purchasable","16":"product-type-simple"},"yoast_head":"<!-- This site is optimized with the Yoast SEO plugin v24.4 - https:\/\/yoast.com\/wordpress\/plugins\/seo\/ -->\n<title>Wing foil Lanzarote - Aprende wingfoil | KabotiSurf Playa Blanca<\/title>\n<meta name=\"description\" content=\"\u00a1Clases de wing foil en Lanzarote con expertos y asistencia en barco! \u00a1Condiciones ideales!\" \/>\n<meta name=\"robots\" content=\"index, follow, max-snippet:-1, max-image-preview:large, max-video-preview:-1\" \/>\n<link rel=\"canonical\" href=\"https:\/\/kabotisurf.com\/es\/product\/wing-foil\/\" \/>\n<meta property=\"og:locale\" content=\"es_ES\" \/>\n<meta property=\"og:type\" content=\"article\" \/>\n<meta property=\"og:title\" content=\"Wing foil Lanzarote - Aprende wingfoil | KabotiSurf Playa Blanca\" \/>\n<meta property=\"og:description\" content=\"\u00a1Clases de wing foil en Lanzarote con expertos y asistencia en barco! \u00a1Condiciones ideales!\" \/>\n<meta property=\"og:url\" content=\"https:\/\/kabotisurf.com\/es\/product\/wing-foil\/\" \/>\n<meta property=\"og:site_name\" content=\"KabotiSurf\" \/>\n<meta property=\"article:publisher\" content=\"https:\/\/www.facebook.com\/kabotisurf\/?v=info\" \/>\n<meta property=\"article:modified_time\" content=\"2025-09-19T21:55:41+00:00\" \/>\n<meta property=\"og:image\" content=\"https:\/\/kabotisurf.com\/wp-content\/uploads\/2024\/09\/WhatsApp-Image-2021-05-20-at-11.07.46-1-140x140-min.jpeg\" \/>\n\t<meta property=\"og:image:width\" content=\"140\" \/>\n\t<meta property=\"og:image:height\" content=\"140\" \/>\n\t<meta property=\"og:image:type\" content=\"image\/jpeg\" \/>\n<meta name=\"twitter:card\" content=\"summary_large_image\" \/>\n<script type=\"application\/ld+json\" class=\"yoast-schema-graph\">{\"@context\":\"https:\/\/schema.org\",\"@graph\":[{\"@type\":\"WebPage\",\"@id\":\"https:\/\/kabotisurf.com\/es\/product\/wing-foil\/\",\"url\":\"https:\/\/kabotisurf.com\/es\/product\/wing-foil\/\",\"name\":\"Wing foil Lanzarote - Aprende wingfoil | KabotiSurf Playa Blanca\",\"isPartOf\":{\"@id\":\"https:\/\/kabotisurf.com\/es\/#website\"},\"primaryImageOfPage\":{\"@id\":\"https:\/\/kabotisurf.com\/es\/product\/wing-foil\/#primaryimage\"},\"image\":{\"@id\":\"https:\/\/kabotisurf.com\/es\/product\/wing-foil\/#primaryimage\"},\"thumbnailUrl\":\"https:\/\/kabotisurf.com\/wp-content\/uploads\/2024\/09\/WhatsApp-Image-2021-05-20-at-11.07.46-1-140x140-min.jpeg\",\"datePublished\":\"2024-12-01T17:45:45+00:00\",\"dateModified\":\"2025-09-19T21:55:41+00:00\",\"description\":\"\u00a1Clases de wing foil en Lanzarote con expertos y asistencia en barco! \u00a1Condiciones ideales!\",\"breadcrumb\":{\"@id\":\"https:\/\/kabotisurf.com\/es\/product\/wing-foil\/#breadcrumb\"},\"inLanguage\":\"es\",\"potentialAction\":[{\"@type\":\"ReadAction\",\"target\":[\"https:\/\/kabotisurf.com\/es\/product\/wing-foil\/\"]}]},{\"@type\":\"ImageObject\",\"inLanguage\":\"es\",\"@id\":\"https:\/\/kabotisurf.com\/es\/product\/wing-foil\/#primaryimage\",\"url\":\"https:\/\/kabotisurf.com\/wp-content\/uploads\/2024\/09\/WhatsApp-Image-2021-05-20-at-11.07.46-1-140x140-min.jpeg\",\"contentUrl\":\"https:\/\/kabotisurf.com\/wp-content\/uploads\/2024\/09\/WhatsApp-Image-2021-05-20-at-11.07.46-1-140x140-min.jpeg\",\"width\":140,\"height\":140},{\"@type\":\"BreadcrumbList\",\"@id\":\"https:\/\/kabotisurf.com\/es\/product\/wing-foil\/#breadcrumb\",\"itemListElement\":[{\"@type\":\"ListItem\",\"position\":1,\"name\":\"Home\",\"item\":\"https:\/\/kabotisurf.com\/es\/\"},{\"@type\":\"ListItem\",\"position\":2,\"name\":\"Cursos\",\"item\":\"https:\/\/kabotisurf.com\/es\/cursos\/\"},{\"@type\":\"ListItem\",\"position\":3,\"name\":\"Wing Foil\"}]},{\"@type\":\"WebSite\",\"@id\":\"https:\/\/kabotisurf.com\/es\/#website\",\"url\":\"https:\/\/kabotisurf.com\/es\/\",\"name\":\"KabotiSurf\",\"description\":\"Surf School in Lanzarote\",\"alternateName\":\"Surf School in Lanzarote\",\"potentialAction\":[{\"@type\":\"SearchAction\",\"target\":{\"@type\":\"EntryPoint\",\"urlTemplate\":\"https:\/\/kabotisurf.com\/es\/?s={search_term_string}\"},\"query-input\":{\"@type\":\"PropertyValueSpecification\",\"valueRequired\":true,\"valueName\":\"search_term_string\"}}],\"inLanguage\":\"es\"}]}<\/script>\n<!-- \/ Yoast SEO plugin. -->","yoast_head_json":{"title":"Wing foil Lanzarote - Aprende wingfoil | KabotiSurf Playa Blanca","description":"\u00a1Clases de wing foil en Lanzarote con expertos y asistencia en barco! \u00a1Condiciones ideales!","robots":{"index":"index","follow":"follow","max-snippet":"max-snippet:-1","max-image-preview":"max-image-preview:large","max-video-preview":"max-video-preview:-1"},"canonical":"https:\/\/kabotisurf.com\/es\/product\/wing-foil\/","og_locale":"es_ES","og_type":"article","og_title":"Wing foil Lanzarote - Aprende wingfoil | KabotiSurf Playa Blanca","og_description":"\u00a1Clases de wing foil en Lanzarote con expertos y asistencia en barco! \u00a1Condiciones ideales!","og_url":"https:\/\/kabotisurf.com\/es\/product\/wing-foil\/","og_site_name":"KabotiSurf","article_publisher":"https:\/\/www.facebook.com\/kabotisurf\/?v=info","article_modified_time":"2025-09-19T21:55:41+00:00","og_image":[{"width":140,"height":140,"url":"https:\/\/kabotisurf.com\/wp-content\/uploads\/2024\/09\/WhatsApp-Image-2021-05-20-at-11.07.46-1-140x140-min.jpeg","type":"image\/jpeg"}],"twitter_card":"summary_large_image","schema":{"@context":"https:\/\/schema.org","@graph":[{"@type":"WebPage","@id":"https:\/\/kabotisurf.com\/es\/product\/wing-foil\/","url":"https:\/\/kabotisurf.com\/es\/product\/wing-foil\/","name":"Wing foil Lanzarote - Aprende wingfoil | KabotiSurf Playa Blanca","isPartOf":{"@id":"https:\/\/kabotisurf.com\/es\/#website"},"primaryImageOfPage":{"@id":"https:\/\/kabotisurf.com\/es\/product\/wing-foil\/#primaryimage"},"image":{"@id":"https:\/\/kabotisurf.com\/es\/product\/wing-foil\/#primaryimage"},"thumbnailUrl":"https:\/\/kabotisurf.com\/wp-content\/uploads\/2024\/09\/WhatsApp-Image-2021-05-20-at-11.07.46-1-140x140-min.jpeg","datePublished":"2024-12-01T17:45:45+00:00","dateModified":"2025-09-19T21:55:41+00:00","description":"\u00a1Clases de wing foil en Lanzarote con expertos y asistencia en barco! \u00a1Condiciones ideales!","breadcrumb":{"@id":"https:\/\/kabotisurf.com\/es\/product\/wing-foil\/#breadcrumb"},"inLanguage":"es","potentialAction":[{"@type":"ReadAction","target":["https:\/\/kabotisurf.com\/es\/product\/wing-foil\/"]}]},{"@type":"ImageObject","inLanguage":"es","@id":"https:\/\/kabotisurf.com\/es\/product\/wing-foil\/#primaryimage","url":"https:\/\/kabotisurf.com\/wp-content\/uploads\/2024\/09\/WhatsApp-Image-2021-05-20-at-11.07.46-1-140x140-min.jpeg","contentUrl":"https:\/\/kabotisurf.com\/wp-content\/uploads\/2024\/09\/WhatsApp-Image-2021-05-20-at-11.07.46-1-140x140-min.jpeg","width":140,"height":140},{"@type":"BreadcrumbList","@id":"https:\/\/kabotisurf.com\/es\/product\/wing-foil\/#breadcrumb","itemListElement":[{"@type":"ListItem","position":1,"name":"Home","item":"https:\/\/kabotisurf.com\/es\/"},{"@type":"ListItem","position":2,"name":"Cursos","item":"https:\/\/kabotisurf.com\/es\/cursos\/"},{"@type":"ListItem","position":3,"name":"Wing Foil"}]},{"@type":"WebSite","@id":"https:\/\/kabotisurf.com\/es\/#website","url":"https:\/\/kabotisurf.com\/es\/","name":"KabotiSurf","description":"Surf School in Lanzarote","alternateName":"Surf School in Lanzarote","potentialAction":[{"@type":"SearchAction","target":{"@type":"EntryPoint","urlTemplate":"https:\/\/kabotisurf.com\/es\/?s={search_term_string}"},"query-input":{"@type":"PropertyValueSpecification","valueRequired":true,"valueName":"search_term_string"}}],"inLanguage":"es"}]}},"_links":{"self":[{"href":"https:\/\/kabotisurf.com\/es\/wp-json\/wp\/v2\/product\/11931","targetHints":{"allow":["GET"]}}],"collection":[{"href":"https:\/\/kabotisurf.com\/es\/wp-json\/wp\/v2\/product"}],"about":[{"href":"https:\/\/kabotisurf.com\/es\/wp-json\/wp\/v2\/types\/product"}],"replies":[{"embeddable":true,"href":"https:\/\/kabotisurf.com\/es\/wp-json\/wp\/v2\/comments?post=11931"}],"version-history":[{"count":1,"href":"https:\/\/kabotisurf.com\/es\/wp-json\/wp\/v2\/product\/11931\/revisions"}],"predecessor-version":[{"id":11958,"href":"https:\/\/kabotisurf.com\/es\/wp-json\/wp\/v2\/product\/11931\/revisions\/11958"}],"wp:featuredmedia":[{"embeddable":true,"href":"https:\/\/kabotisurf.com\/es\/wp-json\/wp\/v2\/media\/10964"}],"wp:attachment":[{"href":"https:\/\/kabotisurf.com\/es\/wp-json\/wp\/v2\/media?parent=11931"}],"wp:term":[{"taxonomy":"product_brand","embeddable":true,"href":"https:\/\/kabotisurf.com\/es\/wp-json\/wp\/v2\/product_brand?post=11931"},{"taxonomy":"product_cat","embeddable":true,"href":"https:\/\/kabotisurf.com\/es\/wp-json\/wp\/v2\/product_cat?post=11931"},{"taxonomy":"product_tag","embeddable":true,"href":"https:\/\/kabotisurf.com\/es\/wp-json\/wp\/v2\/product_tag?post=11931"}],"curies":[{"name":"wp","href":"https:\/\/api.w.org\/{rel}","templated":true}]}}