{"id":11930,"date":"2024-12-01T15:16:43","date_gmt":"2024-12-01T15:16:43","guid":{"rendered":"https:\/\/kabotisurf.com\/product\/surfari-lanzarote\/"},"modified":"2025-09-19T21:44:12","modified_gmt":"2025-09-19T21:44:12","slug":"surfari-lanzarote","status":"publish","type":"product","link":"https:\/\/kabotisurf.com\/es\/product\/surfari-lanzarote\/","title":{"rendered":"Surfari Lanzarote"},"content":{"rendered":"<p>Kaboti surf organiza excursiones de surf alrededor de Lanzarote para que usted pueda disfrutar de los diferentes puntos en el momento en que funcionan mejor en relaci\u00f3n con su nivel de habilidad. Le explicaremos c\u00f3mo funciona cada rompiente y surfearemos junto a usted. Dependiendo de su experiencia y las condiciones, tendr\u00e1 la oportunidad de surfear en lugares como las famosas olas de La Santa, El Golfo, San Juan o Los Lobos. Contamos con un fot\u00f3grafo profesional que le proporcionar\u00e1 fotograf\u00edas capturando sus mejores olas en toda Lanzarote.  <\/p>\n<div class=\"ast-oembed-container \" style=\"height: 100%;\"><iframe title=\"Kaboti Surf Lanzarote\" width=\"500\" height=\"375\" src=\"https:\/\/www.youtube.com\/embed\/_UpcN5DFKrw?feature=oembed\" frameborder=\"0\" allow=\"accelerometer; autoplay; clipboard-write; encrypted-media; gyroscope; picture-in-picture; web-share\" referrerpolicy=\"strict-origin-when-cross-origin\" allowfullscreen><\/iframe><\/div>\n","protected":false},"excerpt":{"rendered":"<p>Kaboti surf organiza excursiones de surf alrededor de Lanzarote para que usted pueda disfrutar de los diferentes puntos en el [&hellip;]<\/p>\n","protected":false},"featured_media":11138,"comment_status":"open","ping_status":"closed","template":"","meta":{"site-sidebar-layout":"default","site-content-layout":"","ast-site-content-layout":"default","site-content-style":"default","site-sidebar-style":"default","ast-global-header-display":"","ast-banner-title-visibility":"","ast-main-header-display":"","ast-hfb-above-header-display":"","ast-hfb-below-header-display":"","ast-hfb-mobile-header-display":"","site-post-title":"","ast-breadcrumbs-content":"","ast-featured-img":"","footer-sml-layout":"","theme-transparent-header-meta":"default","adv-header-id-meta":"","stick-header-meta":"","header-above-stick-meta":"","header-main-stick-meta":"","header-below-stick-meta":"","astra-migrate-meta-layouts":"default","ast-page-background-enabled":"default","ast-page-background-meta":{"desktop":{"background-color":"var(--ast-global-color-4)","background-image":"","background-repeat":"repeat","background-position":"center center","background-size":"auto","background-attachment":"scroll","background-type":"","background-media":"","overlay-type":"","overlay-color":"","overlay-opacity":"","overlay-gradient":""},"tablet":{"background-color":"","background-image":"","background-repeat":"repeat","background-position":"center center","background-size":"auto","background-attachment":"scroll","background-type":"","background-media":"","overlay-type":"","overlay-color":"","overlay-opacity":"","overlay-gradient":""},"mobile":{"background-color":"","background-image":"","background-repeat":"repeat","background-position":"center center","background-size":"auto","background-attachment":"scroll","background-type":"","background-media":"","overlay-type":"","overlay-color":"","overlay-opacity":"","overlay-gradient":""}},"ast-content-background-meta":{"desktop":{"background-color":"var(--ast-global-color-5)","background-image":"","background-repeat":"repeat","background-position":"center center","background-size":"auto","background-attachment":"scroll","background-type":"","background-media":"","overlay-type":"","overlay-color":"","overlay-opacity":"","overlay-gradient":""},"tablet":{"background-color":"var(--ast-global-color-5)","background-image":"","background-repeat":"repeat","background-position":"center center","background-size":"auto","background-attachment":"scroll","background-type":"","background-media":"","overlay-type":"","overlay-color":"","overlay-opacity":"","overlay-gradient":""},"mobile":{"background-color":"var(--ast-global-color-5)","background-image":"","background-repeat":"repeat","background-position":"center center","background-size":"auto","background-attachment":"scroll","background-type":"","background-media":"","overlay-type":"","overlay-color":"","overlay-opacity":"","overlay-gradient":""}}},"product_brand":[],"product_cat":[138,143],"product_tag":[],"class_list":{"0":"post-11930","1":"product","2":"type-product","3":"status-publish","4":"has-post-thumbnail","6":"product_cat-reserva","7":"product_cat-surfmas","8":"desktop-align-left","9":"tablet-align-left","10":"mobile-align-left","12":"first","13":"instock","14":"virtual","15":"purchasable","16":"product-type-simple"},"yoast_head":"<!-- This site is optimized with the Yoast SEO plugin v24.4 - https:\/\/yoast.com\/wordpress\/plugins\/seo\/ -->\n<title>Surfari Lanzarote: Aventura de surf | KabotiSurf<\/title>\n<meta name=\"description\" content=\"Aventura de surfari en Lanzarote: explora los mejores puntos de surf con gu\u00edas locales. Experiencia de surf en m\u00faltiples ubicaciones para todos los niveles. \u00a1Reserva hoy mismo tu tour de surfari!\" \/>\n<meta name=\"robots\" content=\"index, follow, max-snippet:-1, max-image-preview:large, max-video-preview:-1\" \/>\n<link rel=\"canonical\" href=\"https:\/\/kabotisurf.com\/es\/product\/surfari-lanzarote\/\" \/>\n<meta property=\"og:locale\" content=\"es_ES\" \/>\n<meta property=\"og:type\" content=\"article\" \/>\n<meta property=\"og:title\" content=\"Surfari Lanzarote: Aventura de surf | KabotiSurf\" \/>\n<meta property=\"og:description\" content=\"Aventura de surfari en Lanzarote: explora los mejores puntos de surf con gu\u00edas locales. Experiencia de surf en m\u00faltiples ubicaciones para todos los niveles. \u00a1Reserva hoy mismo tu tour de surfari!\" \/>\n<meta property=\"og:url\" content=\"https:\/\/kabotisurf.com\/es\/product\/surfari-lanzarote\/\" \/>\n<meta property=\"og:site_name\" content=\"KabotiSurf\" \/>\n<meta property=\"article:publisher\" content=\"https:\/\/www.facebook.com\/kabotisurf\/?v=info\" \/>\n<meta property=\"article:modified_time\" content=\"2025-09-19T21:44:12+00:00\" \/>\n<meta property=\"og:image\" content=\"https:\/\/kabotisurf.com\/wp-content\/uploads\/2024\/09\/WhatsApp-Image-2021-05-04-at-11.52.00.jpeg\" \/>\n\t<meta property=\"og:image:width\" content=\"1600\" \/>\n\t<meta property=\"og:image:height\" content=\"1066\" \/>\n\t<meta property=\"og:image:type\" content=\"image\/jpeg\" \/>\n<meta name=\"twitter:card\" content=\"summary_large_image\" \/>\n<script type=\"application\/ld+json\" class=\"yoast-schema-graph\">{\"@context\":\"https:\/\/schema.org\",\"@graph\":[{\"@type\":\"WebPage\",\"@id\":\"https:\/\/kabotisurf.com\/es\/product\/surfari-lanzarote\/\",\"url\":\"https:\/\/kabotisurf.com\/es\/product\/surfari-lanzarote\/\",\"name\":\"Surfari Lanzarote: Aventura de surf | KabotiSurf\",\"isPartOf\":{\"@id\":\"https:\/\/kabotisurf.com\/es\/#website\"},\"primaryImageOfPage\":{\"@id\":\"https:\/\/kabotisurf.com\/es\/product\/surfari-lanzarote\/#primaryimage\"},\"image\":{\"@id\":\"https:\/\/kabotisurf.com\/es\/product\/surfari-lanzarote\/#primaryimage\"},\"thumbnailUrl\":\"https:\/\/kabotisurf.com\/wp-content\/uploads\/2024\/09\/WhatsApp-Image-2021-05-04-at-11.52.00.jpeg\",\"datePublished\":\"2024-12-01T15:16:43+00:00\",\"dateModified\":\"2025-09-19T21:44:12+00:00\",\"description\":\"Aventura de surfari en Lanzarote: explora los mejores puntos de surf con gu\u00edas locales. Experiencia de surf en m\u00faltiples ubicaciones para todos los niveles. \u00a1Reserva hoy mismo tu tour de surfari!\",\"breadcrumb\":{\"@id\":\"https:\/\/kabotisurf.com\/es\/product\/surfari-lanzarote\/#breadcrumb\"},\"inLanguage\":\"es\",\"potentialAction\":[{\"@type\":\"ReadAction\",\"target\":[\"https:\/\/kabotisurf.com\/es\/product\/surfari-lanzarote\/\"]}]},{\"@type\":\"ImageObject\",\"inLanguage\":\"es\",\"@id\":\"https:\/\/kabotisurf.com\/es\/product\/surfari-lanzarote\/#primaryimage\",\"url\":\"https:\/\/kabotisurf.com\/wp-content\/uploads\/2024\/09\/WhatsApp-Image-2021-05-04-at-11.52.00.jpeg\",\"contentUrl\":\"https:\/\/kabotisurf.com\/wp-content\/uploads\/2024\/09\/WhatsApp-Image-2021-05-04-at-11.52.00.jpeg\",\"width\":1600,\"height\":1066,\"caption\":\"Agustin-Surf\"},{\"@type\":\"BreadcrumbList\",\"@id\":\"https:\/\/kabotisurf.com\/es\/product\/surfari-lanzarote\/#breadcrumb\",\"itemListElement\":[{\"@type\":\"ListItem\",\"position\":1,\"name\":\"Home\",\"item\":\"https:\/\/kabotisurf.com\/es\/\"},{\"@type\":\"ListItem\",\"position\":2,\"name\":\"Cursos\",\"item\":\"https:\/\/kabotisurf.com\/es\/cursos\/\"},{\"@type\":\"ListItem\",\"position\":3,\"name\":\"Surfari Lanzarote\"}]},{\"@type\":\"WebSite\",\"@id\":\"https:\/\/kabotisurf.com\/es\/#website\",\"url\":\"https:\/\/kabotisurf.com\/es\/\",\"name\":\"KabotiSurf\",\"description\":\"Surf School in Lanzarote\",\"alternateName\":\"Surf School in Lanzarote\",\"potentialAction\":[{\"@type\":\"SearchAction\",\"target\":{\"@type\":\"EntryPoint\",\"urlTemplate\":\"https:\/\/kabotisurf.com\/es\/?s={search_term_string}\"},\"query-input\":{\"@type\":\"PropertyValueSpecification\",\"valueRequired\":true,\"valueName\":\"search_term_string\"}}],\"inLanguage\":\"es\"}]}<\/script>\n<!-- \/ Yoast SEO plugin. -->","yoast_head_json":{"title":"Surfari Lanzarote: Aventura de surf | KabotiSurf","description":"Aventura de surfari en Lanzarote: explora los mejores puntos de surf con gu\u00edas locales. Experiencia de surf en m\u00faltiples ubicaciones para todos los niveles. \u00a1Reserva hoy mismo tu tour de surfari!","robots":{"index":"index","follow":"follow","max-snippet":"max-snippet:-1","max-image-preview":"max-image-preview:large","max-video-preview":"max-video-preview:-1"},"canonical":"https:\/\/kabotisurf.com\/es\/product\/surfari-lanzarote\/","og_locale":"es_ES","og_type":"article","og_title":"Surfari Lanzarote: Aventura de surf | KabotiSurf","og_description":"Aventura de surfari en Lanzarote: explora los mejores puntos de surf con gu\u00edas locales. Experiencia de surf en m\u00faltiples ubicaciones para todos los niveles. \u00a1Reserva hoy mismo tu tour de surfari!","og_url":"https:\/\/kabotisurf.com\/es\/product\/surfari-lanzarote\/","og_site_name":"KabotiSurf","article_publisher":"https:\/\/www.facebook.com\/kabotisurf\/?v=info","article_modified_time":"2025-09-19T21:44:12+00:00","og_image":[{"width":1600,"height":1066,"url":"https:\/\/kabotisurf.com\/wp-content\/uploads\/2024\/09\/WhatsApp-Image-2021-05-04-at-11.52.00.jpeg","type":"image\/jpeg"}],"twitter_card":"summary_large_image","schema":{"@context":"https:\/\/schema.org","@graph":[{"@type":"WebPage","@id":"https:\/\/kabotisurf.com\/es\/product\/surfari-lanzarote\/","url":"https:\/\/kabotisurf.com\/es\/product\/surfari-lanzarote\/","name":"Surfari Lanzarote: Aventura de surf | KabotiSurf","isPartOf":{"@id":"https:\/\/kabotisurf.com\/es\/#website"},"primaryImageOfPage":{"@id":"https:\/\/kabotisurf.com\/es\/product\/surfari-lanzarote\/#primaryimage"},"image":{"@id":"https:\/\/kabotisurf.com\/es\/product\/surfari-lanzarote\/#primaryimage"},"thumbnailUrl":"https:\/\/kabotisurf.com\/wp-content\/uploads\/2024\/09\/WhatsApp-Image-2021-05-04-at-11.52.00.jpeg","datePublished":"2024-12-01T15:16:43+00:00","dateModified":"2025-09-19T21:44:12+00:00","description":"Aventura de surfari en Lanzarote: explora los mejores puntos de surf con gu\u00edas locales. Experiencia de surf en m\u00faltiples ubicaciones para todos los niveles. \u00a1Reserva hoy mismo tu tour de surfari!","breadcrumb":{"@id":"https:\/\/kabotisurf.com\/es\/product\/surfari-lanzarote\/#breadcrumb"},"inLanguage":"es","potentialAction":[{"@type":"ReadAction","target":["https:\/\/kabotisurf.com\/es\/product\/surfari-lanzarote\/"]}]},{"@type":"ImageObject","inLanguage":"es","@id":"https:\/\/kabotisurf.com\/es\/product\/surfari-lanzarote\/#primaryimage","url":"https:\/\/kabotisurf.com\/wp-content\/uploads\/2024\/09\/WhatsApp-Image-2021-05-04-at-11.52.00.jpeg","contentUrl":"https:\/\/kabotisurf.com\/wp-content\/uploads\/2024\/09\/WhatsApp-Image-2021-05-04-at-11.52.00.jpeg","width":1600,"height":1066,"caption":"Agustin-Surf"},{"@type":"BreadcrumbList","@id":"https:\/\/kabotisurf.com\/es\/product\/surfari-lanzarote\/#breadcrumb","itemListElement":[{"@type":"ListItem","position":1,"name":"Home","item":"https:\/\/kabotisurf.com\/es\/"},{"@type":"ListItem","position":2,"name":"Cursos","item":"https:\/\/kabotisurf.com\/es\/cursos\/"},{"@type":"ListItem","position":3,"name":"Surfari Lanzarote"}]},{"@type":"WebSite","@id":"https:\/\/kabotisurf.com\/es\/#website","url":"https:\/\/kabotisurf.com\/es\/","name":"KabotiSurf","description":"Surf School in Lanzarote","alternateName":"Surf School in Lanzarote","potentialAction":[{"@type":"SearchAction","target":{"@type":"EntryPoint","urlTemplate":"https:\/\/kabotisurf.com\/es\/?s={search_term_string}"},"query-input":{"@type":"PropertyValueSpecification","valueRequired":true,"valueName":"search_term_string"}}],"inLanguage":"es"}]}},"_links":{"self":[{"href":"https:\/\/kabotisurf.com\/es\/wp-json\/wp\/v2\/product\/11930","targetHints":{"allow":["GET"]}}],"collection":[{"href":"https:\/\/kabotisurf.com\/es\/wp-json\/wp\/v2\/product"}],"about":[{"href":"https:\/\/kabotisurf.com\/es\/wp-json\/wp\/v2\/types\/product"}],"replies":[{"embeddable":true,"href":"https:\/\/kabotisurf.com\/es\/wp-json\/wp\/v2\/comments?post=11930"}],"version-history":[{"count":1,"href":"https:\/\/kabotisurf.com\/es\/wp-json\/wp\/v2\/product\/11930\/revisions"}],"predecessor-version":[{"id":11963,"href":"https:\/\/kabotisurf.com\/es\/wp-json\/wp\/v2\/product\/11930\/revisions\/11963"}],"wp:featuredmedia":[{"embeddable":true,"href":"https:\/\/kabotisurf.com\/es\/wp-json\/wp\/v2\/media\/11138"}],"wp:attachment":[{"href":"https:\/\/kabotisurf.com\/es\/wp-json\/wp\/v2\/media?parent=11930"}],"wp:term":[{"taxonomy":"product_brand","embeddable":true,"href":"https:\/\/kabotisurf.com\/es\/wp-json\/wp\/v2\/product_brand?post=11930"},{"taxonomy":"product_cat","embeddable":true,"href":"https:\/\/kabotisurf.com\/es\/wp-json\/wp\/v2\/product_cat?post=11930"},{"taxonomy":"product_tag","embeddable":true,"href":"https:\/\/kabotisurf.com\/es\/wp-json\/wp\/v2\/product_tag?post=11930"}],"curies":[{"name":"wp","href":"https:\/\/api.w.org\/{rel}","templated":true}]}}