{"id":11927,"date":"2024-12-02T08:08:37","date_gmt":"2024-12-02T08:08:37","guid":{"rendered":"https:\/\/kabotisurf.com\/product\/buceo-en-lanzarote\/"},"modified":"2025-09-27T05:20:40","modified_gmt":"2025-09-27T05:20:40","slug":"buceo-en-lanzarote","status":"publish","type":"product","link":"https:\/\/kabotisurf.com\/es\/product\/buceo-en-lanzarote\/","title":{"rendered":"Buceo en Lanzarote"},"content":{"rendered":"<div>Usted recibir\u00e1 teor\u00eda esencial de buceo, realizar\u00e1 ejercicios en aguas poco profundas y efectuar\u00e1 2 inmersiones a una profundidad m\u00e1xima de 12 metros.<\/div>\n<div>\n<p>Este curso no le habilita para bucear por su cuenta en el futuro.<\/p>\n<p>* Es imperativo aguardar un m\u00ednimo de 24 horas despu\u00e9s de concluir sus inmersiones antes de viajar fuera de la isla en avi\u00f3n.<\/p>\n<\/div>\n","protected":false},"excerpt":{"rendered":"<p>* Si acude con su propio equipo, se le aplicar\u00e1 un descuento del 10%<br \/>\n* Refrigerios ecol\u00f3gicos y de proximidad entre inmersiones<br \/>\n* \u00c1rea de juegos para ni\u00f1os y ni\u00f1as en el centro<br \/>\n* 2 Inmersiones adicionales en La Graciosa: 50 \u20ac (Incluye Transporte + Ferry + Entradas a la Reserva)<\/p>\n","protected":false},"featured_media":10985,"comment_status":"open","ping_status":"closed","template":"","meta":{"site-sidebar-layout":"default","site-content-layout":"","ast-site-content-layout":"default","site-content-style":"default","site-sidebar-style":"default","ast-global-header-display":"","ast-banner-title-visibility":"","ast-main-header-display":"","ast-hfb-above-header-display":"","ast-hfb-below-header-display":"","ast-hfb-mobile-header-display":"","site-post-title":"","ast-breadcrumbs-content":"","ast-featured-img":"","footer-sml-layout":"","theme-transparent-header-meta":"default","adv-header-id-meta":"","stick-header-meta":"","header-above-stick-meta":"","header-main-stick-meta":"","header-below-stick-meta":"","astra-migrate-meta-layouts":"set","ast-page-background-enabled":"default","ast-page-background-meta":{"desktop":{"background-color":"var(--ast-global-color-4)","background-image":"","background-repeat":"repeat","background-position":"center center","background-size":"auto","background-attachment":"scroll","background-type":"","background-media":"","overlay-type":"","overlay-color":"","overlay-opacity":"","overlay-gradient":""},"tablet":{"background-color":"","background-image":"","background-repeat":"repeat","background-position":"center center","background-size":"auto","background-attachment":"scroll","background-type":"","background-media":"","overlay-type":"","overlay-color":"","overlay-opacity":"","overlay-gradient":""},"mobile":{"background-color":"","background-image":"","background-repeat":"repeat","background-position":"center center","background-size":"auto","background-attachment":"scroll","background-type":"","background-media":"","overlay-type":"","overlay-color":"","overlay-opacity":"","overlay-gradient":""}},"ast-content-background-meta":{"desktop":{"background-color":"var(--ast-global-color-5)","background-image":"","background-repeat":"repeat","background-position":"center center","background-size":"auto","background-attachment":"scroll","background-type":"","background-media":"","overlay-type":"","overlay-color":"","overlay-opacity":"","overlay-gradient":""},"tablet":{"background-color":"var(--ast-global-color-5)","background-image":"","background-repeat":"repeat","background-position":"center center","background-size":"auto","background-attachment":"scroll","background-type":"","background-media":"","overlay-type":"","overlay-color":"","overlay-opacity":"","overlay-gradient":""},"mobile":{"background-color":"var(--ast-global-color-5)","background-image":"","background-repeat":"repeat","background-position":"center center","background-size":"auto","background-attachment":"scroll","background-type":"","background-media":"","overlay-type":"","overlay-color":"","overlay-opacity":"","overlay-gradient":""}}},"product_brand":[],"product_cat":[144,138,143,86],"product_tag":[],"class_list":{"0":"post-11927","1":"product","2":"type-product","3":"status-publish","4":"has-post-thumbnail","6":"product_cat-buceo","7":"product_cat-reserva","8":"product_cat-surfmas","9":"product_cat-booking","10":"desktop-align-left","11":"tablet-align-left","12":"mobile-align-left","14":"first","15":"instock","16":"virtual","17":"product-type-simple"},"yoast_head":"<!-- This site is optimized with the Yoast SEO plugin v24.4 - https:\/\/yoast.com\/wordpress\/plugins\/seo\/ -->\n<title>Buceo en Lanzarote - Aventuras de buceo | KabotiSurf<\/title>\n<meta name=\"description\" content=\"Buceo en Lanzarote - Explora paisajes volc\u00e1nicos submarinos y vida marina. Cursos PADI certificados e inmersiones guiadas para todos los niveles.\" \/>\n<meta name=\"robots\" content=\"index, follow, max-snippet:-1, max-image-preview:large, max-video-preview:-1\" \/>\n<link rel=\"canonical\" href=\"https:\/\/kabotisurf.com\/es\/product\/buceo-en-lanzarote\/\" \/>\n<meta property=\"og:locale\" content=\"es_ES\" \/>\n<meta property=\"og:type\" content=\"article\" \/>\n<meta property=\"og:title\" content=\"Buceo en Lanzarote - Aventuras de buceo | KabotiSurf\" \/>\n<meta property=\"og:description\" content=\"Buceo en Lanzarote - Explora paisajes volc\u00e1nicos submarinos y vida marina. Cursos PADI certificados e inmersiones guiadas para todos los niveles.\" \/>\n<meta property=\"og:url\" content=\"https:\/\/kabotisurf.com\/product\/buceo-en-lanzarote\/\" \/>\n<meta property=\"og:site_name\" content=\"KabotiSurf\" \/>\n<meta property=\"article:publisher\" content=\"https:\/\/www.facebook.com\/kabotisurf\/?v=info\" \/>\n<meta property=\"article:modified_time\" content=\"2025-09-27T05:20:40+00:00\" \/>\n<meta property=\"og:image\" content=\"https:\/\/kabotisurf.com\/wp-content\/uploads\/2024\/09\/LUP7053-min.jpg\" \/>\n\t<meta property=\"og:image:width\" content=\"2400\" \/>\n\t<meta property=\"og:image:height\" content=\"1594\" \/>\n\t<meta property=\"og:image:type\" content=\"image\/jpeg\" \/>\n<meta name=\"twitter:card\" content=\"summary_large_image\" \/>\n<meta name=\"twitter:label1\" content=\"Tiempo de lectura\" \/>\n\t<meta name=\"twitter:data1\" content=\"1 minuto\" \/>\n<script type=\"application\/ld+json\" class=\"yoast-schema-graph\">{\"@context\":\"https:\/\/schema.org\",\"@graph\":[{\"@type\":\"WebPage\",\"@id\":\"https:\/\/kabotisurf.com\/es\/product\/buceo-en-lanzarote\/\",\"url\":\"https:\/\/kabotisurf.com\/product\/buceo-en-lanzarote\/\",\"name\":\"Buceo en Lanzarote - Aventuras de buceo | KabotiSurf\",\"isPartOf\":{\"@id\":\"https:\/\/kabotisurf.com\/es\/#website\"},\"primaryImageOfPage\":{\"@id\":\"https:\/\/kabotisurf.com\/product\/buceo-en-lanzarote\/#primaryimage\"},\"image\":{\"@id\":\"https:\/\/kabotisurf.com\/product\/buceo-en-lanzarote\/#primaryimage\"},\"thumbnailUrl\":\"https:\/\/kabotisurf.com\/wp-content\/uploads\/2024\/09\/LUP7053-min.jpg\",\"datePublished\":\"2024-12-02T08:08:37+00:00\",\"dateModified\":\"2025-09-27T05:20:40+00:00\",\"description\":\"Buceo en Lanzarote - Explora paisajes volc\u00e1nicos submarinos y vida marina. Cursos PADI certificados e inmersiones guiadas para todos los niveles.\",\"breadcrumb\":{\"@id\":\"https:\/\/kabotisurf.com\/product\/buceo-en-lanzarote\/#breadcrumb\"},\"inLanguage\":\"es\",\"potentialAction\":[{\"@type\":\"ReadAction\",\"target\":[\"https:\/\/kabotisurf.com\/product\/buceo-en-lanzarote\/\"]}]},{\"@type\":\"ImageObject\",\"inLanguage\":\"es\",\"@id\":\"https:\/\/kabotisurf.com\/product\/buceo-en-lanzarote\/#primaryimage\",\"url\":\"https:\/\/kabotisurf.com\/wp-content\/uploads\/2024\/09\/LUP7053-min.jpg\",\"contentUrl\":\"https:\/\/kabotisurf.com\/wp-content\/uploads\/2024\/09\/LUP7053-min.jpg\",\"width\":2400,\"height\":1594},{\"@type\":\"BreadcrumbList\",\"@id\":\"https:\/\/kabotisurf.com\/product\/buceo-en-lanzarote\/#breadcrumb\",\"itemListElement\":[{\"@type\":\"ListItem\",\"position\":1,\"name\":\"Home\",\"item\":\"https:\/\/kabotisurf.com\/es\/\"},{\"@type\":\"ListItem\",\"position\":2,\"name\":\"Cursos\",\"item\":\"https:\/\/kabotisurf.com\/es\/cursos\/\"},{\"@type\":\"ListItem\",\"position\":3,\"name\":\"Buceo en Lanzarote\"}]},{\"@type\":\"WebSite\",\"@id\":\"https:\/\/kabotisurf.com\/es\/#website\",\"url\":\"https:\/\/kabotisurf.com\/es\/\",\"name\":\"KabotiSurf\",\"description\":\"Surf School in Lanzarote\",\"alternateName\":\"Surf School in Lanzarote\",\"potentialAction\":[{\"@type\":\"SearchAction\",\"target\":{\"@type\":\"EntryPoint\",\"urlTemplate\":\"https:\/\/kabotisurf.com\/es\/?s={search_term_string}\"},\"query-input\":{\"@type\":\"PropertyValueSpecification\",\"valueRequired\":true,\"valueName\":\"search_term_string\"}}],\"inLanguage\":\"es\"}]}<\/script>\n<!-- \/ Yoast SEO plugin. -->","yoast_head_json":{"title":"Buceo en Lanzarote - Aventuras de buceo | KabotiSurf","description":"Buceo en Lanzarote - Explora paisajes volc\u00e1nicos submarinos y vida marina. Cursos PADI certificados e inmersiones guiadas para todos los niveles.","robots":{"index":"index","follow":"follow","max-snippet":"max-snippet:-1","max-image-preview":"max-image-preview:large","max-video-preview":"max-video-preview:-1"},"canonical":"https:\/\/kabotisurf.com\/es\/product\/buceo-en-lanzarote\/","og_locale":"es_ES","og_type":"article","og_title":"Buceo en Lanzarote - Aventuras de buceo | KabotiSurf","og_description":"Buceo en Lanzarote - Explora paisajes volc\u00e1nicos submarinos y vida marina. Cursos PADI certificados e inmersiones guiadas para todos los niveles.","og_url":"https:\/\/kabotisurf.com\/product\/buceo-en-lanzarote\/","og_site_name":"KabotiSurf","article_publisher":"https:\/\/www.facebook.com\/kabotisurf\/?v=info","article_modified_time":"2025-09-27T05:20:40+00:00","og_image":[{"width":2400,"height":1594,"url":"https:\/\/kabotisurf.com\/wp-content\/uploads\/2024\/09\/LUP7053-min.jpg","type":"image\/jpeg"}],"twitter_card":"summary_large_image","twitter_misc":{"Tiempo de lectura":"1 minuto"},"schema":{"@context":"https:\/\/schema.org","@graph":[{"@type":"WebPage","@id":"https:\/\/kabotisurf.com\/es\/product\/buceo-en-lanzarote\/","url":"https:\/\/kabotisurf.com\/product\/buceo-en-lanzarote\/","name":"Buceo en Lanzarote - Aventuras de buceo | KabotiSurf","isPartOf":{"@id":"https:\/\/kabotisurf.com\/es\/#website"},"primaryImageOfPage":{"@id":"https:\/\/kabotisurf.com\/product\/buceo-en-lanzarote\/#primaryimage"},"image":{"@id":"https:\/\/kabotisurf.com\/product\/buceo-en-lanzarote\/#primaryimage"},"thumbnailUrl":"https:\/\/kabotisurf.com\/wp-content\/uploads\/2024\/09\/LUP7053-min.jpg","datePublished":"2024-12-02T08:08:37+00:00","dateModified":"2025-09-27T05:20:40+00:00","description":"Buceo en Lanzarote - Explora paisajes volc\u00e1nicos submarinos y vida marina. Cursos PADI certificados e inmersiones guiadas para todos los niveles.","breadcrumb":{"@id":"https:\/\/kabotisurf.com\/product\/buceo-en-lanzarote\/#breadcrumb"},"inLanguage":"es","potentialAction":[{"@type":"ReadAction","target":["https:\/\/kabotisurf.com\/product\/buceo-en-lanzarote\/"]}]},{"@type":"ImageObject","inLanguage":"es","@id":"https:\/\/kabotisurf.com\/product\/buceo-en-lanzarote\/#primaryimage","url":"https:\/\/kabotisurf.com\/wp-content\/uploads\/2024\/09\/LUP7053-min.jpg","contentUrl":"https:\/\/kabotisurf.com\/wp-content\/uploads\/2024\/09\/LUP7053-min.jpg","width":2400,"height":1594},{"@type":"BreadcrumbList","@id":"https:\/\/kabotisurf.com\/product\/buceo-en-lanzarote\/#breadcrumb","itemListElement":[{"@type":"ListItem","position":1,"name":"Home","item":"https:\/\/kabotisurf.com\/es\/"},{"@type":"ListItem","position":2,"name":"Cursos","item":"https:\/\/kabotisurf.com\/es\/cursos\/"},{"@type":"ListItem","position":3,"name":"Buceo en Lanzarote"}]},{"@type":"WebSite","@id":"https:\/\/kabotisurf.com\/es\/#website","url":"https:\/\/kabotisurf.com\/es\/","name":"KabotiSurf","description":"Surf School in Lanzarote","alternateName":"Surf School in Lanzarote","potentialAction":[{"@type":"SearchAction","target":{"@type":"EntryPoint","urlTemplate":"https:\/\/kabotisurf.com\/es\/?s={search_term_string}"},"query-input":{"@type":"PropertyValueSpecification","valueRequired":true,"valueName":"search_term_string"}}],"inLanguage":"es"}]}},"_links":{"self":[{"href":"https:\/\/kabotisurf.com\/es\/wp-json\/wp\/v2\/product\/11927","targetHints":{"allow":["GET"]}}],"collection":[{"href":"https:\/\/kabotisurf.com\/es\/wp-json\/wp\/v2\/product"}],"about":[{"href":"https:\/\/kabotisurf.com\/es\/wp-json\/wp\/v2\/types\/product"}],"replies":[{"embeddable":true,"href":"https:\/\/kabotisurf.com\/es\/wp-json\/wp\/v2\/comments?post=11927"}],"version-history":[{"count":1,"href":"https:\/\/kabotisurf.com\/es\/wp-json\/wp\/v2\/product\/11927\/revisions"}],"predecessor-version":[{"id":11949,"href":"https:\/\/kabotisurf.com\/es\/wp-json\/wp\/v2\/product\/11927\/revisions\/11949"}],"wp:featuredmedia":[{"embeddable":true,"href":"https:\/\/kabotisurf.com\/es\/wp-json\/wp\/v2\/media\/10985"}],"wp:attachment":[{"href":"https:\/\/kabotisurf.com\/es\/wp-json\/wp\/v2\/media?parent=11927"}],"wp:term":[{"taxonomy":"product_brand","embeddable":true,"href":"https:\/\/kabotisurf.com\/es\/wp-json\/wp\/v2\/product_brand?post=11927"},{"taxonomy":"product_cat","embeddable":true,"href":"https:\/\/kabotisurf.com\/es\/wp-json\/wp\/v2\/product_cat?post=11927"},{"taxonomy":"product_tag","embeddable":true,"href":"https:\/\/kabotisurf.com\/es\/wp-json\/wp\/v2\/product_tag?post=11927"}],"curies":[{"name":"wp","href":"https:\/\/api.w.org\/{rel}","templated":true}]}}