{"id":11926,"date":"2024-12-01T16:56:30","date_gmt":"2024-12-01T16:56:30","guid":{"rendered":"https:\/\/kabotisurf.com\/product\/excursion-de-paddleboard-de-pie-en-papagayo\/"},"modified":"2025-09-27T03:49:24","modified_gmt":"2025-09-27T03:49:24","slug":"excursion-de-paddleboard-de-pie-en-papagayo","status":"publish","type":"product","link":"https:\/\/kabotisurf.com\/es\/product\/excursion-de-paddleboard-de-pie-en-papagayo\/","title":{"rendered":"Excursi\u00f3n de Paddleboard de Pie en Papagayo"},"content":{"rendered":"<p lang=\"en-US\">Kaboti Surf le recomienda encarecidamente que participe en esta excursi\u00f3n de Stand Up Paddle a trav\u00e9s de las playas de Papagayo en el Parque Natural de Los Ajaches.<\/p>\n<p lang=\"en-US\">Le recogeremos en su alojamiento (Playa Blanca est\u00e1 incluido, fuera de Playa Blanca con un coste adicional de 10 euros) y le llevaremos a la playa. Le proporcionaremos la instrucci\u00f3n necesaria para el Stand Up Paddle y emprenderemos un magn\u00edfico viaje a trav\u00e9s de playas de aguas cristalinas en el sur de Lanzarote. Realizaremos algunas actividades de esn\u00f3rquel para apreciar toda la vida marina alrededor de las cuevas naturales.<\/p>\n<p lang=\"en-US\">\u00a1Diversi\u00f3n y aventura garantizadas!<\/p>\n","protected":false},"excerpt":{"rendered":"<ul>\n<li>3 HORAS<\/li>\n<li>EQUIPO<\/li>\n<li>SEGURO<\/li>\n<li>ESN\u00d3RQUEL<\/li>\n<\/ul>\n","protected":false},"featured_media":10655,"comment_status":"open","ping_status":"closed","template":"","meta":{"site-sidebar-layout":"default","site-content-layout":"","ast-site-content-layout":"default","site-content-style":"default","site-sidebar-style":"default","ast-global-header-display":"","ast-banner-title-visibility":"","ast-main-header-display":"","ast-hfb-above-header-display":"","ast-hfb-below-header-display":"","ast-hfb-mobile-header-display":"","site-post-title":"","ast-breadcrumbs-content":"","ast-featured-img":"","footer-sml-layout":"","theme-transparent-header-meta":"default","adv-header-id-meta":"","stick-header-meta":"","header-above-stick-meta":"","header-main-stick-meta":"","header-below-stick-meta":"","astra-migrate-meta-layouts":"set","ast-page-background-enabled":"default","ast-page-background-meta":{"desktop":{"background-color":"var(--ast-global-color-4)","background-image":"","background-repeat":"repeat","background-position":"center center","background-size":"auto","background-attachment":"scroll","background-type":"","background-media":"","overlay-type":"","overlay-color":"","overlay-opacity":"","overlay-gradient":""},"tablet":{"background-color":"","background-image":"","background-repeat":"repeat","background-position":"center center","background-size":"auto","background-attachment":"scroll","background-type":"","background-media":"","overlay-type":"","overlay-color":"","overlay-opacity":"","overlay-gradient":""},"mobile":{"background-color":"","background-image":"","background-repeat":"repeat","background-position":"center center","background-size":"auto","background-attachment":"scroll","background-type":"","background-media":"","overlay-type":"","overlay-color":"","overlay-opacity":"","overlay-gradient":""}},"ast-content-background-meta":{"desktop":{"background-color":"var(--ast-global-color-5)","background-image":"","background-repeat":"repeat","background-position":"center center","background-size":"auto","background-attachment":"scroll","background-type":"","background-media":"","overlay-type":"","overlay-color":"","overlay-opacity":"","overlay-gradient":""},"tablet":{"background-color":"var(--ast-global-color-5)","background-image":"","background-repeat":"repeat","background-position":"center center","background-size":"auto","background-attachment":"scroll","background-type":"","background-media":"","overlay-type":"","overlay-color":"","overlay-opacity":"","overlay-gradient":""},"mobile":{"background-color":"var(--ast-global-color-5)","background-image":"","background-repeat":"repeat","background-position":"center center","background-size":"auto","background-attachment":"scroll","background-type":"","background-media":"","overlay-type":"","overlay-color":"","overlay-opacity":"","overlay-gradient":""}}},"product_brand":[],"product_cat":[139,138,140,86],"product_tag":[],"class_list":{"0":"post-11926","1":"product","2":"type-product","3":"status-publish","4":"has-post-thumbnail","6":"product_cat-kitesup-es","7":"product_cat-reserva","8":"product_cat-sup-es","9":"product_cat-booking","10":"desktop-align-left","11":"tablet-align-left","12":"mobile-align-left","14":"first","15":"instock","16":"virtual","17":"product-type-simple"},"yoast_head":"<!-- This site is optimized with the Yoast SEO plugin v24.4 - https:\/\/yoast.com\/wordpress\/plugins\/seo\/ -->\n<title>Excursi\u00f3n SUP Papagayo | KabotiSurf<\/title>\n<meta name=\"description\" content=\"Excursi\u00f3n de stand up paddle a las playas de Papagayo - Explora la costa m\u00e1s hermosa de Lanzarote en SUP. Aguas cristalinas e impresionantes vistas\" \/>\n<meta name=\"robots\" content=\"index, follow, max-snippet:-1, max-image-preview:large, max-video-preview:-1\" \/>\n<link rel=\"canonical\" href=\"https:\/\/kabotisurf.com\/es\/product\/excursion-de-paddleboard-de-pie-en-papagayo\/\" \/>\n<meta property=\"og:locale\" content=\"es_ES\" \/>\n<meta property=\"og:type\" content=\"article\" \/>\n<meta property=\"og:title\" content=\"Excursi\u00f3n SUP Papagayo | KabotiSurf\" \/>\n<meta property=\"og:description\" content=\"Excursi\u00f3n de stand up paddle a las playas de Papagayo - Explora la costa m\u00e1s hermosa de Lanzarote en SUP. Aguas cristalinas e impresionantes vistas\" \/>\n<meta property=\"og:url\" content=\"https:\/\/kabotisurf.com\/product\/excursion-de-paddleboard-de-pie-en-papagayo\/\" \/>\n<meta property=\"og:site_name\" content=\"KabotiSurf\" \/>\n<meta property=\"article:publisher\" content=\"https:\/\/www.facebook.com\/kabotisurf\/?v=info\" \/>\n<meta property=\"article:modified_time\" content=\"2025-09-27T03:49:24+00:00\" \/>\n<meta property=\"og:image\" content=\"https:\/\/kabotisurf.com\/wp-content\/uploads\/2024\/09\/GOPR1637-1-scaled-1.jpg\" \/>\n\t<meta property=\"og:image:width\" content=\"2560\" \/>\n\t<meta property=\"og:image:height\" content=\"1920\" \/>\n\t<meta property=\"og:image:type\" content=\"image\/jpeg\" \/>\n<meta name=\"twitter:card\" content=\"summary_large_image\" \/>\n<meta name=\"twitter:label1\" content=\"Tiempo de lectura\" \/>\n\t<meta name=\"twitter:data1\" content=\"1 minuto\" \/>\n<script type=\"application\/ld+json\" class=\"yoast-schema-graph\">{\"@context\":\"https:\/\/schema.org\",\"@graph\":[{\"@type\":\"WebPage\",\"@id\":\"https:\/\/kabotisurf.com\/es\/product\/excursion-de-paddleboard-de-pie-en-papagayo\/\",\"url\":\"https:\/\/kabotisurf.com\/product\/excursion-de-paddleboard-de-pie-en-papagayo\/\",\"name\":\"Excursi\u00f3n SUP Papagayo | KabotiSurf\",\"isPartOf\":{\"@id\":\"https:\/\/kabotisurf.com\/es\/#website\"},\"primaryImageOfPage\":{\"@id\":\"https:\/\/kabotisurf.com\/product\/excursion-de-paddleboard-de-pie-en-papagayo\/#primaryimage\"},\"image\":{\"@id\":\"https:\/\/kabotisurf.com\/product\/excursion-de-paddleboard-de-pie-en-papagayo\/#primaryimage\"},\"thumbnailUrl\":\"https:\/\/kabotisurf.com\/wp-content\/uploads\/2024\/09\/GOPR1637-1-scaled-1.jpg\",\"datePublished\":\"2024-12-01T16:56:30+00:00\",\"dateModified\":\"2025-09-27T03:49:24+00:00\",\"description\":\"Excursi\u00f3n de stand up paddle a las playas de Papagayo - Explora la costa m\u00e1s hermosa de Lanzarote en SUP. Aguas cristalinas e impresionantes vistas\",\"breadcrumb\":{\"@id\":\"https:\/\/kabotisurf.com\/product\/excursion-de-paddleboard-de-pie-en-papagayo\/#breadcrumb\"},\"inLanguage\":\"es\",\"potentialAction\":[{\"@type\":\"ReadAction\",\"target\":[\"https:\/\/kabotisurf.com\/product\/excursion-de-paddleboard-de-pie-en-papagayo\/\"]}]},{\"@type\":\"ImageObject\",\"inLanguage\":\"es\",\"@id\":\"https:\/\/kabotisurf.com\/product\/excursion-de-paddleboard-de-pie-en-papagayo\/#primaryimage\",\"url\":\"https:\/\/kabotisurf.com\/wp-content\/uploads\/2024\/09\/GOPR1637-1-scaled-1.jpg\",\"contentUrl\":\"https:\/\/kabotisurf.com\/wp-content\/uploads\/2024\/09\/GOPR1637-1-scaled-1.jpg\",\"width\":2560,\"height\":1920,\"caption\":\"DCIM100GOPRO\"},{\"@type\":\"BreadcrumbList\",\"@id\":\"https:\/\/kabotisurf.com\/product\/excursion-de-paddleboard-de-pie-en-papagayo\/#breadcrumb\",\"itemListElement\":[{\"@type\":\"ListItem\",\"position\":1,\"name\":\"Home\",\"item\":\"https:\/\/kabotisurf.com\/es\/\"},{\"@type\":\"ListItem\",\"position\":2,\"name\":\"Cursos\",\"item\":\"https:\/\/kabotisurf.com\/es\/cursos\/\"},{\"@type\":\"ListItem\",\"position\":3,\"name\":\"Excursi\u00f3n de Paddleboard de Pie en Papagayo\"}]},{\"@type\":\"WebSite\",\"@id\":\"https:\/\/kabotisurf.com\/es\/#website\",\"url\":\"https:\/\/kabotisurf.com\/es\/\",\"name\":\"KabotiSurf\",\"description\":\"Surf School in Lanzarote\",\"alternateName\":\"Surf School in Lanzarote\",\"potentialAction\":[{\"@type\":\"SearchAction\",\"target\":{\"@type\":\"EntryPoint\",\"urlTemplate\":\"https:\/\/kabotisurf.com\/es\/?s={search_term_string}\"},\"query-input\":{\"@type\":\"PropertyValueSpecification\",\"valueRequired\":true,\"valueName\":\"search_term_string\"}}],\"inLanguage\":\"es\"}]}<\/script>\n<!-- \/ Yoast SEO plugin. -->","yoast_head_json":{"title":"Excursi\u00f3n SUP Papagayo | KabotiSurf","description":"Excursi\u00f3n de stand up paddle a las playas de Papagayo - Explora la costa m\u00e1s hermosa de Lanzarote en SUP. Aguas cristalinas e impresionantes vistas","robots":{"index":"index","follow":"follow","max-snippet":"max-snippet:-1","max-image-preview":"max-image-preview:large","max-video-preview":"max-video-preview:-1"},"canonical":"https:\/\/kabotisurf.com\/es\/product\/excursion-de-paddleboard-de-pie-en-papagayo\/","og_locale":"es_ES","og_type":"article","og_title":"Excursi\u00f3n SUP Papagayo | KabotiSurf","og_description":"Excursi\u00f3n de stand up paddle a las playas de Papagayo - Explora la costa m\u00e1s hermosa de Lanzarote en SUP. Aguas cristalinas e impresionantes vistas","og_url":"https:\/\/kabotisurf.com\/product\/excursion-de-paddleboard-de-pie-en-papagayo\/","og_site_name":"KabotiSurf","article_publisher":"https:\/\/www.facebook.com\/kabotisurf\/?v=info","article_modified_time":"2025-09-27T03:49:24+00:00","og_image":[{"width":2560,"height":1920,"url":"https:\/\/kabotisurf.com\/wp-content\/uploads\/2024\/09\/GOPR1637-1-scaled-1.jpg","type":"image\/jpeg"}],"twitter_card":"summary_large_image","twitter_misc":{"Tiempo de lectura":"1 minuto"},"schema":{"@context":"https:\/\/schema.org","@graph":[{"@type":"WebPage","@id":"https:\/\/kabotisurf.com\/es\/product\/excursion-de-paddleboard-de-pie-en-papagayo\/","url":"https:\/\/kabotisurf.com\/product\/excursion-de-paddleboard-de-pie-en-papagayo\/","name":"Excursi\u00f3n SUP Papagayo | KabotiSurf","isPartOf":{"@id":"https:\/\/kabotisurf.com\/es\/#website"},"primaryImageOfPage":{"@id":"https:\/\/kabotisurf.com\/product\/excursion-de-paddleboard-de-pie-en-papagayo\/#primaryimage"},"image":{"@id":"https:\/\/kabotisurf.com\/product\/excursion-de-paddleboard-de-pie-en-papagayo\/#primaryimage"},"thumbnailUrl":"https:\/\/kabotisurf.com\/wp-content\/uploads\/2024\/09\/GOPR1637-1-scaled-1.jpg","datePublished":"2024-12-01T16:56:30+00:00","dateModified":"2025-09-27T03:49:24+00:00","description":"Excursi\u00f3n de stand up paddle a las playas de Papagayo - Explora la costa m\u00e1s hermosa de Lanzarote en SUP. Aguas cristalinas e impresionantes vistas","breadcrumb":{"@id":"https:\/\/kabotisurf.com\/product\/excursion-de-paddleboard-de-pie-en-papagayo\/#breadcrumb"},"inLanguage":"es","potentialAction":[{"@type":"ReadAction","target":["https:\/\/kabotisurf.com\/product\/excursion-de-paddleboard-de-pie-en-papagayo\/"]}]},{"@type":"ImageObject","inLanguage":"es","@id":"https:\/\/kabotisurf.com\/product\/excursion-de-paddleboard-de-pie-en-papagayo\/#primaryimage","url":"https:\/\/kabotisurf.com\/wp-content\/uploads\/2024\/09\/GOPR1637-1-scaled-1.jpg","contentUrl":"https:\/\/kabotisurf.com\/wp-content\/uploads\/2024\/09\/GOPR1637-1-scaled-1.jpg","width":2560,"height":1920,"caption":"DCIM100GOPRO"},{"@type":"BreadcrumbList","@id":"https:\/\/kabotisurf.com\/product\/excursion-de-paddleboard-de-pie-en-papagayo\/#breadcrumb","itemListElement":[{"@type":"ListItem","position":1,"name":"Home","item":"https:\/\/kabotisurf.com\/es\/"},{"@type":"ListItem","position":2,"name":"Cursos","item":"https:\/\/kabotisurf.com\/es\/cursos\/"},{"@type":"ListItem","position":3,"name":"Excursi\u00f3n de Paddleboard de Pie en Papagayo"}]},{"@type":"WebSite","@id":"https:\/\/kabotisurf.com\/es\/#website","url":"https:\/\/kabotisurf.com\/es\/","name":"KabotiSurf","description":"Surf School in Lanzarote","alternateName":"Surf School in Lanzarote","potentialAction":[{"@type":"SearchAction","target":{"@type":"EntryPoint","urlTemplate":"https:\/\/kabotisurf.com\/es\/?s={search_term_string}"},"query-input":{"@type":"PropertyValueSpecification","valueRequired":true,"valueName":"search_term_string"}}],"inLanguage":"es"}]}},"_links":{"self":[{"href":"https:\/\/kabotisurf.com\/es\/wp-json\/wp\/v2\/product\/11926","targetHints":{"allow":["GET"]}}],"collection":[{"href":"https:\/\/kabotisurf.com\/es\/wp-json\/wp\/v2\/product"}],"about":[{"href":"https:\/\/kabotisurf.com\/es\/wp-json\/wp\/v2\/types\/product"}],"replies":[{"embeddable":true,"href":"https:\/\/kabotisurf.com\/es\/wp-json\/wp\/v2\/comments?post=11926"}],"version-history":[{"count":1,"href":"https:\/\/kabotisurf.com\/es\/wp-json\/wp\/v2\/product\/11926\/revisions"}],"predecessor-version":[{"id":11956,"href":"https:\/\/kabotisurf.com\/es\/wp-json\/wp\/v2\/product\/11926\/revisions\/11956"}],"wp:featuredmedia":[{"embeddable":true,"href":"https:\/\/kabotisurf.com\/es\/wp-json\/wp\/v2\/media\/10655"}],"wp:attachment":[{"href":"https:\/\/kabotisurf.com\/es\/wp-json\/wp\/v2\/media?parent=11926"}],"wp:term":[{"taxonomy":"product_brand","embeddable":true,"href":"https:\/\/kabotisurf.com\/es\/wp-json\/wp\/v2\/product_brand?post=11926"},{"taxonomy":"product_cat","embeddable":true,"href":"https:\/\/kabotisurf.com\/es\/wp-json\/wp\/v2\/product_cat?post=11926"},{"taxonomy":"product_tag","embeddable":true,"href":"https:\/\/kabotisurf.com\/es\/wp-json\/wp\/v2\/product_tag?post=11926"}],"curies":[{"name":"wp","href":"https:\/\/api.w.org\/{rel}","templated":true}]}}