{"id":11384,"date":"2024-12-07T06:01:04","date_gmt":"2024-12-07T06:01:04","guid":{"rendered":"https:\/\/kabotisurf.com\/pronostico-de-oleaje\/"},"modified":"2025-10-08T10:39:45","modified_gmt":"2025-10-08T10:39:45","slug":"pronostico-de-oleaje","status":"publish","type":"page","link":"https:\/\/kabotisurf.com\/es\/pronostico-de-oleaje\/","title":{"rendered":"Pron\u00f3stico de oleaje"},"content":{"rendered":"\t\t<div data-elementor-type=\"wp-page\" data-elementor-id=\"11384\" class=\"elementor elementor-11384 elementor-9925\" data-elementor-settings=\"{&quot;ha_cmc_init_switcher&quot;:&quot;no&quot;}\" data-elementor-post-type=\"page\">\n\t\t\t\t<div class=\"elementor-element elementor-element-18037df e-flex e-con-boxed e-con e-parent\" data-id=\"18037df\" data-element_type=\"container\" data-settings=\"{&quot;background_background&quot;:&quot;classic&quot;,&quot;_ha_eqh_enable&quot;:false}\">\n\t\t\t\t\t<div class=\"e-con-inner\">\n\t\t<div class=\"elementor-element elementor-element-3ea8daa e-con-full e-flex e-con e-child\" data-id=\"3ea8daa\" data-element_type=\"container\" data-settings=\"{&quot;_ha_eqh_enable&quot;:false}\">\n\t\t\t\t<div class=\"elementor-element elementor-element-945604d ha-has-bg-overlay elementor-widget elementor-widget-heading\" data-id=\"945604d\" data-element_type=\"widget\" data-widget_type=\"heading.default\">\n\t\t\t\t<div class=\"elementor-widget-container\">\n\t\t\t\t\t<h1 class=\"elementor-heading-title elementor-size-default\">Pron\u00f3stico de oleaje en vivo en Famara, Lanzarote<\/h1>\t\t\t\t<\/div>\n\t\t\t\t<\/div>\n\t\t\t\t<div class=\"elementor-element elementor-element-599074f elementor-widget elementor-widget-html\" data-id=\"599074f\" data-element_type=\"widget\" data-widget_type=\"html.default\">\n\t\t\t\t<div class=\"elementor-widget-container\">\n\t\t\t\t\t<script id=\"wg_fwdg_49328_100_1732916927390\">(function (window, document) {\n  var loader = function () {\n    var arg = [\"s=49328\" ,\"m=100\",\"mw=84\",\"uid=wg_fwdg_49328_100_1732916927390\" ,\"wj=knots\" ,\"tj=c\" ,\"waj=m\" ,\"tij=cm\" ,\"odh=0\" ,\"doh=24\" ,\"fhours=240\" ,\"hrsm=2\" ,\"vt=forecasts\" ,\"lng=en\" ,\"idbs=1\" ,\"p=WINDSPD,GUST,SMER,HTSGW,PERPW,DIRPW,TMPE,RATING\"];\n    var script = document.createElement(\"script\");\n    var tag = document.getElementsByTagName(\"script\")[0];\n    script.src = \"https:\/\/www.windguru.cz\/js\/widget.php?\"+(arg.join(\"&\"));\n    tag.parentNode.insertBefore(script, tag);\n  };\n  window.addEventListener ? window.addEventListener(\"load\", loader, false) : window.attachEvent(\"onload\", loader);\n})(window, document);\n<\/script>\t\t\t\t<\/div>\n\t\t\t\t<\/div>\n\t\t\t\t<\/div>\n\t\t\t\t\t<\/div>\n\t\t\t\t<\/div>\n\t\t\t\t<\/div>\n\t\t","protected":false},"excerpt":{"rendered":"<p>Pron\u00f3stico de oleaje en vivo en Famara, Lanzarote<\/p>\n","protected":false},"author":2,"featured_media":0,"parent":0,"menu_order":0,"comment_status":"closed","ping_status":"closed","template":"","meta":{"site-sidebar-layout":"no-sidebar","site-content-layout":"","ast-site-content-layout":"full-width-container","site-content-style":"default","site-sidebar-style":"default","ast-global-header-display":"","ast-banner-title-visibility":"","ast-main-header-display":"","ast-hfb-above-header-display":"","ast-hfb-below-header-display":"","ast-hfb-mobile-header-display":"","site-post-title":"disabled","ast-breadcrumbs-content":"","ast-featured-img":"disabled","footer-sml-layout":"","theme-transparent-header-meta":"default","adv-header-id-meta":"","stick-header-meta":"","header-above-stick-meta":"","header-main-stick-meta":"","header-below-stick-meta":"","astra-migrate-meta-layouts":"set","ast-page-background-enabled":"default","ast-page-background-meta":{"desktop":{"background-color":"var(--ast-global-color-4)","background-image":"","background-repeat":"repeat","background-position":"center center","background-size":"auto","background-attachment":"scroll","background-type":"","background-media":"","overlay-type":"","overlay-color":"","overlay-opacity":"","overlay-gradient":""},"tablet":{"background-color":"","background-image":"","background-repeat":"repeat","background-position":"center center","background-size":"auto","background-attachment":"scroll","background-type":"","background-media":"","overlay-type":"","overlay-color":"","overlay-opacity":"","overlay-gradient":""},"mobile":{"background-color":"","background-image":"","background-repeat":"repeat","background-position":"center center","background-size":"auto","background-attachment":"scroll","background-type":"","background-media":"","overlay-type":"","overlay-color":"","overlay-opacity":"","overlay-gradient":""}},"ast-content-background-meta":{"desktop":{"background-color":"var(--ast-global-color-5)","background-image":"","background-repeat":"repeat","background-position":"center center","background-size":"auto","background-attachment":"scroll","background-type":"","background-media":"","overlay-type":"","overlay-color":"","overlay-opacity":"","overlay-gradient":""},"tablet":{"background-color":"var(--ast-global-color-5)","background-image":"","background-repeat":"repeat","background-position":"center center","background-size":"auto","background-attachment":"scroll","background-type":"","background-media":"","overlay-type":"","overlay-color":"","overlay-opacity":"","overlay-gradient":""},"mobile":{"background-color":"var(--ast-global-color-5)","background-image":"","background-repeat":"repeat","background-position":"center center","background-size":"auto","background-attachment":"scroll","background-type":"","background-media":"","overlay-type":"","overlay-color":"","overlay-opacity":"","overlay-gradient":""}},"footnotes":""},"class_list":["post-11384","page","type-page","status-publish","hentry"],"yoast_head":"<!-- This site is optimized with the Yoast SEO plugin v24.4 - https:\/\/yoast.com\/wordpress\/plugins\/seo\/ -->\n<title>Surf en Lanzarote: previsi\u00f3n diaria | KabotiSurf<\/title>\n<meta name=\"description\" content=\"Consulta la previsi\u00f3n diaria de surf en Lanzarote. Conoce el estado de las olas, viento y mareas para planificar tu sesi\u00f3n perfecta.\" \/>\n<meta name=\"robots\" content=\"index, follow, max-snippet:-1, max-image-preview:large, max-video-preview:-1\" \/>\n<link rel=\"canonical\" href=\"https:\/\/kabotisurf.com\/es\/pronostico-de-oleaje\/\" \/>\n<meta property=\"og:locale\" content=\"es_ES\" \/>\n<meta property=\"og:type\" content=\"article\" \/>\n<meta property=\"og:title\" content=\"Surf en Lanzarote: previsi\u00f3n diaria | KabotiSurf\" \/>\n<meta property=\"og:description\" content=\"Consulta la previsi\u00f3n diaria de surf en Lanzarote. Conoce el estado de las olas, viento y mareas para planificar tu sesi\u00f3n perfecta.\" \/>\n<meta property=\"og:url\" content=\"https:\/\/kabotisurf.com\/es\/pronostico-de-oleaje\/\" \/>\n<meta property=\"og:site_name\" content=\"KabotiSurf\" \/>\n<meta property=\"article:publisher\" content=\"https:\/\/www.facebook.com\/kabotisurf\/?v=info\" \/>\n<meta property=\"article:modified_time\" content=\"2025-10-08T10:39:45+00:00\" \/>\n<meta name=\"twitter:card\" content=\"summary_large_image\" \/>\n<meta name=\"twitter:label1\" content=\"Tiempo de lectura\" \/>\n\t<meta name=\"twitter:data1\" content=\"1 minuto\" \/>\n<script type=\"application\/ld+json\" class=\"yoast-schema-graph\">{\"@context\":\"https:\/\/schema.org\",\"@graph\":[{\"@type\":\"WebPage\",\"@id\":\"https:\/\/kabotisurf.com\/es\/pronostico-de-oleaje\/\",\"url\":\"https:\/\/kabotisurf.com\/es\/pronostico-de-oleaje\/\",\"name\":\"Surf en Lanzarote: previsi\u00f3n diaria | KabotiSurf\",\"isPartOf\":{\"@id\":\"https:\/\/kabotisurf.com\/es\/#website\"},\"datePublished\":\"2024-12-07T06:01:04+00:00\",\"dateModified\":\"2025-10-08T10:39:45+00:00\",\"description\":\"Consulta la previsi\u00f3n diaria de surf en Lanzarote. Conoce el estado de las olas, viento y mareas para planificar tu sesi\u00f3n perfecta.\",\"breadcrumb\":{\"@id\":\"https:\/\/kabotisurf.com\/es\/pronostico-de-oleaje\/#breadcrumb\"},\"inLanguage\":\"es\",\"potentialAction\":[{\"@type\":\"ReadAction\",\"target\":[\"https:\/\/kabotisurf.com\/es\/pronostico-de-oleaje\/\"]}]},{\"@type\":\"BreadcrumbList\",\"@id\":\"https:\/\/kabotisurf.com\/es\/pronostico-de-oleaje\/#breadcrumb\",\"itemListElement\":[{\"@type\":\"ListItem\",\"position\":1,\"name\":\"Home\",\"item\":\"https:\/\/kabotisurf.com\/es\/\"},{\"@type\":\"ListItem\",\"position\":2,\"name\":\"Pron\u00f3stico de oleaje\"}]},{\"@type\":\"WebSite\",\"@id\":\"https:\/\/kabotisurf.com\/es\/#website\",\"url\":\"https:\/\/kabotisurf.com\/es\/\",\"name\":\"KabotiSurf\",\"description\":\"Surf School in Lanzarote\",\"alternateName\":\"Surf School in Lanzarote\",\"potentialAction\":[{\"@type\":\"SearchAction\",\"target\":{\"@type\":\"EntryPoint\",\"urlTemplate\":\"https:\/\/kabotisurf.com\/es\/?s={search_term_string}\"},\"query-input\":{\"@type\":\"PropertyValueSpecification\",\"valueRequired\":true,\"valueName\":\"search_term_string\"}}],\"inLanguage\":\"es\"}]}<\/script>\n<!-- \/ Yoast SEO plugin. -->","yoast_head_json":{"title":"Surf en Lanzarote: previsi\u00f3n diaria | KabotiSurf","description":"Consulta la previsi\u00f3n diaria de surf en Lanzarote. Conoce el estado de las olas, viento y mareas para planificar tu sesi\u00f3n perfecta.","robots":{"index":"index","follow":"follow","max-snippet":"max-snippet:-1","max-image-preview":"max-image-preview:large","max-video-preview":"max-video-preview:-1"},"canonical":"https:\/\/kabotisurf.com\/es\/pronostico-de-oleaje\/","og_locale":"es_ES","og_type":"article","og_title":"Surf en Lanzarote: previsi\u00f3n diaria | KabotiSurf","og_description":"Consulta la previsi\u00f3n diaria de surf en Lanzarote. Conoce el estado de las olas, viento y mareas para planificar tu sesi\u00f3n perfecta.","og_url":"https:\/\/kabotisurf.com\/es\/pronostico-de-oleaje\/","og_site_name":"KabotiSurf","article_publisher":"https:\/\/www.facebook.com\/kabotisurf\/?v=info","article_modified_time":"2025-10-08T10:39:45+00:00","twitter_card":"summary_large_image","twitter_misc":{"Tiempo de lectura":"1 minuto"},"schema":{"@context":"https:\/\/schema.org","@graph":[{"@type":"WebPage","@id":"https:\/\/kabotisurf.com\/es\/pronostico-de-oleaje\/","url":"https:\/\/kabotisurf.com\/es\/pronostico-de-oleaje\/","name":"Surf en Lanzarote: previsi\u00f3n diaria | KabotiSurf","isPartOf":{"@id":"https:\/\/kabotisurf.com\/es\/#website"},"datePublished":"2024-12-07T06:01:04+00:00","dateModified":"2025-10-08T10:39:45+00:00","description":"Consulta la previsi\u00f3n diaria de surf en Lanzarote. Conoce el estado de las olas, viento y mareas para planificar tu sesi\u00f3n perfecta.","breadcrumb":{"@id":"https:\/\/kabotisurf.com\/es\/pronostico-de-oleaje\/#breadcrumb"},"inLanguage":"es","potentialAction":[{"@type":"ReadAction","target":["https:\/\/kabotisurf.com\/es\/pronostico-de-oleaje\/"]}]},{"@type":"BreadcrumbList","@id":"https:\/\/kabotisurf.com\/es\/pronostico-de-oleaje\/#breadcrumb","itemListElement":[{"@type":"ListItem","position":1,"name":"Home","item":"https:\/\/kabotisurf.com\/es\/"},{"@type":"ListItem","position":2,"name":"Pron\u00f3stico de oleaje"}]},{"@type":"WebSite","@id":"https:\/\/kabotisurf.com\/es\/#website","url":"https:\/\/kabotisurf.com\/es\/","name":"KabotiSurf","description":"Surf School in Lanzarote","alternateName":"Surf School in Lanzarote","potentialAction":[{"@type":"SearchAction","target":{"@type":"EntryPoint","urlTemplate":"https:\/\/kabotisurf.com\/es\/?s={search_term_string}"},"query-input":{"@type":"PropertyValueSpecification","valueRequired":true,"valueName":"search_term_string"}}],"inLanguage":"es"}]}},"_links":{"self":[{"href":"https:\/\/kabotisurf.com\/es\/wp-json\/wp\/v2\/pages\/11384","targetHints":{"allow":["GET"]}}],"collection":[{"href":"https:\/\/kabotisurf.com\/es\/wp-json\/wp\/v2\/pages"}],"about":[{"href":"https:\/\/kabotisurf.com\/es\/wp-json\/wp\/v2\/types\/page"}],"author":[{"embeddable":true,"href":"https:\/\/kabotisurf.com\/es\/wp-json\/wp\/v2\/users\/2"}],"replies":[{"embeddable":true,"href":"https:\/\/kabotisurf.com\/es\/wp-json\/wp\/v2\/comments?post=11384"}],"version-history":[{"count":1,"href":"https:\/\/kabotisurf.com\/es\/wp-json\/wp\/v2\/pages\/11384\/revisions"}],"predecessor-version":[{"id":11385,"href":"https:\/\/kabotisurf.com\/es\/wp-json\/wp\/v2\/pages\/11384\/revisions\/11385"}],"wp:attachment":[{"href":"https:\/\/kabotisurf.com\/es\/wp-json\/wp\/v2\/media?parent=11384"}],"curies":[{"name":"wp","href":"https:\/\/api.w.org\/{rel}","templated":true}]}}